{"id":4362,"date":"2020-11-28T09:11:12","date_gmt":"2020-11-28T09:11:12","guid":{"rendered":"http:\/\/www.svu.edu.eg\/faculties\/vet\/?page_id=4362"},"modified":"2022-09-24T10:26:18","modified_gmt":"2022-09-24T10:26:18","slug":"homepage_fr","status":"publish","type":"page","link":"https:\/\/www.svu.edu.eg\/faculties\/vet\/fr\/homepage_fr\/","title":{"rendered":"Homepage_fr"},"content":{"rendered":"<div id=\"pl-4362\"  class=\"panel-layout panel-is-rtl\" ><div id=\"pg-4362-0\"  class=\"panel-grid panel-has-style\" ><div class=\"wide-grey panel-row-style panel-row-style-for-4362-0\" ><div id=\"pgc-4362-0-0\"  class=\"panel-grid-cell\" ><div id=\"panel-4362-0-0-0\" class=\"so-panel widget widget_headline-widget panel-first-child panel-last-child\" data-index=\"0\" ><div class=\"panel-widget-style panel-widget-style-for-4362-0-0-0\" >\t\t<h1>La facult\u00e9 de m\u00e9decine v\u00e9t\u00e9rinaire accueille des nouveaux et des anciens \u00e9tudiants pour l'ann\u00e9e acad\u00e9mique 2020- 2021<\/h1>\n\t\t<div class=\"decoration\"><div class=\"decoration-inside\"><\/div><\/div>\n\t\t<h3><\/h3>\n\t\t<\/div><\/div><\/div><\/div><\/div><div id=\"pg-4362-1\"  class=\"panel-grid panel-no-style\" ><div id=\"pgc-4362-1-0\"  class=\"panel-grid-cell\" ><div id=\"panel-4362-1-0-0\" class=\"so-panel widget widget_siteorigin-panels-postloop panel-first-child\" data-index=\"1\" ><div class=\"panel-widget-style panel-widget-style-for-4362-1-0-0\" ><h3 class=\"widget-title\">Derni\u00e8res nouvelles<\/h3>\n<article id=\"post-10209\" class=\"post-10209 post type-post status-publish format-standard has-post-thumbnail hentry category-ann_fr category-conf_fr category-news_fr post-with-thumbnail post-with-thumbnail-icon\">\n\n\t\t\t<div class=\"entry-thumbnail\">\n\t\t\t<a href=\"http:\/\/www.svu.edu.eg\/faculties\/vet\/fr\/doyen-de-la-faculte-felicite-le-president-el-sissi-et-le-peuple-egyptien-a-loccasion-du-jour-de-la-liberation-du-sinai\/\"><img loading=\"lazy\" decoding=\"async\" width=\"200\" height=\"139\" src=\"http:\/\/www.svu.edu.eg\/faculties\/vet\/wp-content\/uploads\/2023\/04\/\u0639\u064a\u062f-\u062a\u062d\u0631\u064a\u0631-200x139.jpg\" class=\"attachment-thumbnail size-thumbnail wp-post-image\" alt=\"\" srcset=\"http:\/\/www.svu.edu.eg\/faculties\/vet\/wp-content\/uploads\/2023\/04\/\u0639\u064a\u062f-\u062a\u062d\u0631\u064a\u0631-200x139.jpg 200w, http:\/\/www.svu.edu.eg\/faculties\/vet\/wp-content\/uploads\/2023\/04\/\u0639\u064a\u062f-\u062a\u062d\u0631\u064a\u0631-300x209.jpg 300w, http:\/\/www.svu.edu.eg\/faculties\/vet\/wp-content\/uploads\/2023\/04\/\u0639\u064a\u062f-\u062a\u062d\u0631\u064a\u0631.jpg 667w\" sizes=\"(max-width: 200px) 100vw, 200px\" \/><\/a>\n\t\t<\/div>\n\t\n\t<div class=\"entry-main\">\n\n\t\t\n\t\t<header class=\"entry-header\">\n\t\t\t\n\t\t\t<h1 class=\"entry-title\"><a href=\"http:\/\/www.svu.edu.eg\/faculties\/vet\/fr\/doyen-de-la-faculte-felicite-le-president-el-sissi-et-le-peuple-egyptien-a-loccasion-du-jour-de-la-liberation-du-sinai\/\" title=\"Permalink to Doyen de la facult\u00e9 f\u00e9licite le Pr\u00e9sident El-Sissi et le peuple \u00e9gyptien \u00e0 l\u2019occasion du jour de la Lib\u00e9ration du Sina\u00ef\" rel=\"bookmark\">Doyen de la facult\u00e9 f\u00e9licite le Pr\u00e9sident El-Sissi et le peuple \u00e9gyptien \u00e0 l\u2019occasion du jour de la Lib\u00e9ration du Sina\u00ef<\/a><\/h1>\n\n\t\t\t\t\t\t\t<div class=\"entry-meta\">\n\t\t\t\t\tPosted on <a href=\"http:\/\/www.svu.edu.eg\/faculties\/vet\/fr\/doyen-de-la-faculte-felicite-le-president-el-sissi-et-le-peuple-egyptien-a-loccasion-du-jour-de-la-liberation-du-sinai\/\" title=\"9:15 \u0635\" rel=\"bookmark\"><time class=\"entry-date\" datetime=\"2023-04-26T09:15:04+00:00\">\u0623\u0628\u0631\u064a\u0644 26, 2023<\/time><\/a><time class=\"updated\" datetime=\"2023-05-01T09:18:44+00:00\">\u0645\u0627\u064a\u0648 1, 2023<\/time>  \t\t\t\t<\/div><!-- .entry-meta -->\n\t\t\t\n\t\t<\/header><!-- .entry-header -->\n\n\t\t\t\t\t<div class=\"entry-content\">\n\t\t\t\t<p>Dr. Sami Abdelraoof, doyen de la facult\u00e9 a f\u00e9licit\u00e9 le Pr\u00e9sident Abdel-Fattah Al-Sissi, Pr\u00e9sident de la R\u00e9publique et le peuple \u00e9gyptien, \u00e0 l\u2019occasion du jour de la Lib\u00e9ration du Sina\u00ef, [&hellip;]<\/p>\n\t\t\t\t\t\t\t\t<a class=\"more-link\" href=\"http:\/\/www.svu.edu.eg\/faculties\/vet\/fr\/doyen-de-la-faculte-felicite-le-president-el-sissi-et-le-peuple-egyptien-a-loccasion-du-jour-de-la-liberation-du-sinai\/\">\u0627\u0644\u0645\u0632\u064a\u062f<span class=\"meta-nav\">&rarr;<\/span><\/a>\t\t\t\t\t\t\t<\/div><!-- .entry-content -->\n\t\t\n\t\t\n\t<\/div>\n\n<\/article><!-- #post-10209 -->\n\n<article id=\"post-9877\" class=\"post-9877 post type-post status-publish format-standard has-post-thumbnail hentry category-ann_fr category-conf_fr category-news_fr post-with-thumbnail post-with-thumbnail-icon\">\n\n\t\t\t<div class=\"entry-thumbnail\">\n\t\t\t<a href=\"http:\/\/www.svu.edu.eg\/faculties\/vet\/fr\/le-vice-recteur-de-luniversite-inspecte-les-travaux-des-examens-detudes-superieures-de-la-faculte-de-medecine-veterinaire\/\"><img loading=\"lazy\" decoding=\"async\" width=\"200\" height=\"133\" src=\"http:\/\/www.svu.edu.eg\/faculties\/vet\/wp-content\/uploads\/2023\/03\/WhatsApp-Image-2023-03-11-at-12.03.06-PM2-200x133.jpeg\" class=\"attachment-thumbnail size-thumbnail wp-post-image\" alt=\"\" srcset=\"http:\/\/www.svu.edu.eg\/faculties\/vet\/wp-content\/uploads\/2023\/03\/WhatsApp-Image-2023-03-11-at-12.03.06-PM2-200x133.jpeg 200w, http:\/\/www.svu.edu.eg\/faculties\/vet\/wp-content\/uploads\/2023\/03\/WhatsApp-Image-2023-03-11-at-12.03.06-PM2-300x200.jpeg 300w, http:\/\/www.svu.edu.eg\/faculties\/vet\/wp-content\/uploads\/2023\/03\/WhatsApp-Image-2023-03-11-at-12.03.06-PM2-768x512.jpeg 768w, http:\/\/www.svu.edu.eg\/faculties\/vet\/wp-content\/uploads\/2023\/03\/WhatsApp-Image-2023-03-11-at-12.03.06-PM2-1024x682.jpeg 1024w, http:\/\/www.svu.edu.eg\/faculties\/vet\/wp-content\/uploads\/2023\/03\/WhatsApp-Image-2023-03-11-at-12.03.06-PM2-272x182.jpeg 272w, http:\/\/www.svu.edu.eg\/faculties\/vet\/wp-content\/uploads\/2023\/03\/WhatsApp-Image-2023-03-11-at-12.03.06-PM2.jpeg 1600w\" sizes=\"(max-width: 200px) 100vw, 200px\" \/><\/a>\n\t\t<\/div>\n\t\n\t<div class=\"entry-main\">\n\n\t\t\n\t\t<header class=\"entry-header\">\n\t\t\t\n\t\t\t<h1 class=\"entry-title\"><a href=\"http:\/\/www.svu.edu.eg\/faculties\/vet\/fr\/le-vice-recteur-de-luniversite-inspecte-les-travaux-des-examens-detudes-superieures-de-la-faculte-de-medecine-veterinaire\/\" title=\"Permalink to Le vice- recteur de l\u2019Universit\u00e9 inspecte les travaux des examens d\u2019\u00e9tudes sup\u00e9rieures de la facult\u00e9 de m\u00e9decine v\u00e9t\u00e9rinaire\" rel=\"bookmark\">Le vice- recteur de l\u2019Universit\u00e9 inspecte les travaux des examens d\u2019\u00e9tudes sup\u00e9rieures de la facult\u00e9 de m\u00e9decine v\u00e9t\u00e9rinaire<\/a><\/h1>\n\n\t\t\t\t\t\t\t<div class=\"entry-meta\">\n\t\t\t\t\tPosted on <a href=\"http:\/\/www.svu.edu.eg\/faculties\/vet\/fr\/le-vice-recteur-de-luniversite-inspecte-les-travaux-des-examens-detudes-superieures-de-la-faculte-de-medecine-veterinaire\/\" title=\"9:59 \u0635\" rel=\"bookmark\"><time class=\"entry-date\" datetime=\"2023-03-11T09:59:27+00:00\">\u0645\u0627\u0631\u0633 11, 2023<\/time><\/a><time class=\"updated\" datetime=\"2023-03-19T09:44:21+00:00\">\u0645\u0627\u0631\u0633 19, 2023<\/time>  \t\t\t\t<\/div><!-- .entry-meta -->\n\t\t\t\n\t\t<\/header><!-- .entry-header -->\n\n\t\t\t\t\t<div class=\"entry-content\">\n\t\t\t\t<p>Dans le cadre des visites d\u2019inspection des examens de l\u2019Universit\u00e9 effectu\u00e9es par dr. Ahmed Akkawy, vice-recteur pour les \u00e9tudes sup\u00e9rieures et la recherche scientifique, il a inspect\u00e9 les travaux d\u2019examens [&hellip;]<\/p>\n\t\t\t\t\t\t\t\t<a class=\"more-link\" href=\"http:\/\/www.svu.edu.eg\/faculties\/vet\/fr\/le-vice-recteur-de-luniversite-inspecte-les-travaux-des-examens-detudes-superieures-de-la-faculte-de-medecine-veterinaire\/\">\u0627\u0644\u0645\u0632\u064a\u062f<span class=\"meta-nav\">&rarr;<\/span><\/a>\t\t\t\t\t\t\t<\/div><!-- .entry-content -->\n\t\t\n\t\t\n\t<\/div>\n\n<\/article><!-- #post-9877 -->\n\n<article id=\"post-9698\" class=\"post-9698 post type-post status-publish format-standard has-post-thumbnail hentry category-conf_fr category-news_fr post-with-thumbnail post-with-thumbnail-icon\">\n\n\t\t\t<div class=\"entry-thumbnail\">\n\t\t\t<a href=\"http:\/\/www.svu.edu.eg\/faculties\/vet\/fr\/president-de-la-norme-de-participation-communautaire-au-developpement-environnemental-assiste-a-la-reunion-a-lunite-de-la-qualite\/\"><img loading=\"lazy\" decoding=\"async\" width=\"200\" height=\"150\" src=\"http:\/\/www.svu.edu.eg\/faculties\/vet\/wp-content\/uploads\/2023\/02\/\u06341-200x150.jpg\" class=\"attachment-thumbnail size-thumbnail wp-post-image\" alt=\"\" srcset=\"http:\/\/www.svu.edu.eg\/faculties\/vet\/wp-content\/uploads\/2023\/02\/\u06341-200x150.jpg 200w, http:\/\/www.svu.edu.eg\/faculties\/vet\/wp-content\/uploads\/2023\/02\/\u06341-300x225.jpg 300w, http:\/\/www.svu.edu.eg\/faculties\/vet\/wp-content\/uploads\/2023\/02\/\u06341-768x576.jpg 768w, http:\/\/www.svu.edu.eg\/faculties\/vet\/wp-content\/uploads\/2023\/02\/\u06341-1024x768.jpg 1024w, http:\/\/www.svu.edu.eg\/faculties\/vet\/wp-content\/uploads\/2023\/02\/\u06341.jpg 1156w\" sizes=\"(max-width: 200px) 100vw, 200px\" \/><\/a>\n\t\t<\/div>\n\t\n\t<div class=\"entry-main\">\n\n\t\t\n\t\t<header class=\"entry-header\">\n\t\t\t\n\t\t\t<h1 class=\"entry-title\"><a href=\"http:\/\/www.svu.edu.eg\/faculties\/vet\/fr\/president-de-la-norme-de-participation-communautaire-au-developpement-environnemental-assiste-a-la-reunion-a-lunite-de-la-qualite\/\" title=\"Permalink to Pr\u00e9sident de la norme de participation communautaire au d\u00e9veloppement environnemental assiste \u00e0 la r\u00e9union \u00e0 l\u2019Unit\u00e9 de la qualit\u00e9\" rel=\"bookmark\">Pr\u00e9sident de la norme de participation communautaire au d\u00e9veloppement environnemental assiste \u00e0 la r\u00e9union \u00e0 l\u2019Unit\u00e9 de la qualit\u00e9<\/a><\/h1>\n\n\t\t\t\t\t\t\t<div class=\"entry-meta\">\n\t\t\t\t\tPosted on <a href=\"http:\/\/www.svu.edu.eg\/faculties\/vet\/fr\/president-de-la-norme-de-participation-communautaire-au-developpement-environnemental-assiste-a-la-reunion-a-lunite-de-la-qualite\/\" title=\"9:30 \u0635\" rel=\"bookmark\"><time class=\"entry-date\" datetime=\"2023-02-13T09:30:24+00:00\">\u0641\u0628\u0631\u0627\u064a\u0631 13, 2023<\/time><\/a><time class=\"updated\" datetime=\"2023-03-19T09:45:20+00:00\">\u0645\u0627\u0631\u0633 19, 2023<\/time>  \t\t\t\t<\/div><!-- .entry-meta -->\n\t\t\t\n\t\t<\/header><!-- .entry-header -->\n\n\t\t\t\t\t<div class=\"entry-content\">\n\t\t\t\t<p>R\u00e9union de la Norme de participation communautaire au d\u00e9veloppement environnemental a \u00e9t\u00e9 organis\u00e9e, &nbsp;en pr\u00e9sence du dr. Sami Abdulrooaf Fahim, doyen de la facult\u00e9, dr. Mahmoud Abdul Hamid, chef de [&hellip;]<\/p>\n\t\t\t\t\t\t\t\t<a class=\"more-link\" href=\"http:\/\/www.svu.edu.eg\/faculties\/vet\/fr\/president-de-la-norme-de-participation-communautaire-au-developpement-environnemental-assiste-a-la-reunion-a-lunite-de-la-qualite\/\">\u0627\u0644\u0645\u0632\u064a\u062f<span class=\"meta-nav\">&rarr;<\/span><\/a>\t\t\t\t\t\t\t<\/div><!-- .entry-content -->\n\t\t\n\t\t\n\t<\/div>\n\n<\/article><!-- #post-9698 -->\n<\/div><\/div><div id=\"panel-4362-1-0-1\" class=\"so-panel widget widget_text panel-last-child\" data-index=\"2\" ><div class=\"panel-widget-style panel-widget-style-for-4362-1-0-1\" >\t\t\t<div class=\"textwidget\"><p style=\"direction: ltr;\"><a href=\"https:\/\/www.svu.edu.eg\/faculties\/vet\/fr\/category\/news_fr\/\">Plus de nouvelles<\/a><\/p>\n<\/div>\n\t\t<\/div><\/div><\/div><\/div><div id=\"pg-4362-2\"  class=\"panel-grid panel-no-style\" ><div id=\"pgc-4362-2-0\"  class=\"panel-grid-cell\" ><div id=\"panel-4362-2-0-0\" class=\"so-panel widget panel-first-child panel-last-child\" data-index=\"3\" ><\/div><\/div><div id=\"pgc-4362-2-1\"  class=\"panel-grid-cell\" ><div id=\"panel-4362-2-1-0\" class=\"so-panel widget widget_media_video panel-first-child panel-last-child\" data-index=\"4\" ><div class=\"panel-widget-style panel-widget-style-for-4362-2-1-0\" ><div style=\"width:100%;\" class=\"wp-video\"><!--[if lt IE 9]><script>document.createElement('video');<\/script><![endif]-->\n<video class=\"wp-video-shortcode\" id=\"video-9698-1\" preload=\"auto\" controls=\"controls\"><source type=\"video\/youtube\" src=\"https:\/\/www.youtube.com\/watch?v=QvmGnY4153U&#038;_=1\" \/><a href=\"https:\/\/www.youtube.com\/watch?v=QvmGnY4153U\">https:\/\/www.youtube.com\/watch?v=QvmGnY4153U<\/a><\/video><\/div><\/div><\/div><\/div><div id=\"pgc-4362-2-2\"  class=\"panel-grid-cell\" ><div id=\"panel-4362-2-2-0\" class=\"so-panel widget panel-first-child panel-last-child\" data-index=\"5\" ><\/div><\/div><\/div><div id=\"pg-4362-3\"  class=\"panel-grid panel-has-style\" ><div class=\"panel-row-style panel-row-style-for-4362-3\" ><div id=\"pgc-4362-3-0\"  class=\"panel-grid-cell\" ><div id=\"panel-4362-3-0-0\" class=\"so-panel widget widget_circleicon-widget panel-first-child panel-last-child\" data-index=\"6\" ><div class=\"panel-widget-style panel-widget-style-for-4362-3-0-0\" >\t\t<div class=\"circle-icon-box circle-icon-position-top circle-icon-hide-box circle-icon-size-small \">\n\t\t\t\t\t\t\t<div class=\"circle-icon-wrapper\">\n\t\t\t\t\t\t\t\t\t\t<a href=\"http:\/\/www.svu.edu.eg\/faculties\/vet\/%d8%b1%d8%b3%d8%a7%d9%84%d8%a9-%d8%a7%d9%84%d9%83%d9%84%d9%8a%d8%a9\/\" class=\"link-icon\" >\t\t\t\t\t<div class=\"circle-icon icon-style-set\" style=\"background-image: url(http:\/\/\u062a\u0633\u0639\u0649%20\u0627\u0644\u0643\u0644\u064a\u0629\u064f%20\u0627\u0644\u0649%20\u062a\u0648\u0641\u064a\u0631\u0650%20\u0641\u0631\u0635\u0650%20\u062a\u0639\u0644\u064a\u0645\u064d%20\u0648%20\u062a\u0639\u0644\u0645\u064d%20\u0639\u0644\u0649%20\u0645\u0633\u062a\u0648\u0649%20\u0639\u0627\u0644\u064d%20\u0645\u0646%20\u0627\u0644\u062c\u0648\u062f\u0629\u0650%20\u0644\u0637\u0644\u0627\u0628\u0647\u0627,%20\u0648%20\u0643\u0630\u0644\u0643%20\u062a\u0646\u0645\u064a\u0629%20\u0627\u0644\u0645\u0647\u0627\u0631\u0627\u062a\u0650%20\u0627\u0644\u0625\u0628\u062f\u0627\u0639\u064a\u0629%20,);background-color: #7100e2\">\n\t\t\t\t\t\t\t\t\t\t\t\t\t<div class=\"fa fa-check-circle-o\" style=\"color: #ffffff\"><\/div>\n\t\t\t\t\t\t\t\t\t\t\t<\/div> \n\t\t\t\t\t<\/a>\t\t\t\t<\/div>\n\t\t\t\n\t\t\t\t\t\t\t<a href=\"http:\/\/www.svu.edu.eg\/faculties\/vet\/%d8%b1%d8%b3%d8%a7%d9%84%d8%a9-%d8%a7%d9%84%d9%83%d9%84%d9%8a%d8%a9\/\" class=\"link-title\" >\n\t\t\t\t\t\t\t\t\t\t<h4 >\n\t\t\t\t\tLa mission\t\t\t\t<\/h4>\n\t\t\t\t\t\t\t\t\t\t<\/a>\n\t\t\t\n\t\t\t\t\t\t\t<p class=\"text\" >La facult\u00e9 se r\u00e9jouit \u00e0 la perspective d\u2019offrir des possibilit\u00e9s de formation de haut niveau, de d\u00e9velopper des comp\u00e9tences cr\u00e9atives, de d\u00e9velopper les comp\u00e9tences des membres du personnel gr\u00e2ce aux services v\u00e9t\u00e9rinaires, utiliser tous les moyens scientifiques et technologiques de l\u2019\u00e9ducation pour ses \u00e9tudiants en participant activement aux institutions et aux organisations de la soci\u00e9t\u00e9.<\/p>\n\t\t\t\t\t\t\t\t\t\t<a href=\"http:\/\/www.svu.edu.eg\/faculties\/vet\/%d8%b1%d8%b3%d8%a7%d9%84%d8%a9-%d8%a7%d9%84%d9%83%d9%84%d9%8a%d8%a9\/\" class=\"more-button\" >\u0627\u0644\u0645\u0632\u064a\u062f <i><\/i><\/a>\n\t\t\t\t\t<\/div>\n\t\t<\/div><\/div><\/div><div id=\"pgc-4362-3-1\"  class=\"panel-grid-cell panel-grid-cell-empty\" ><\/div><div id=\"pgc-4362-3-2\"  class=\"panel-grid-cell\" ><div id=\"panel-4362-3-2-0\" class=\"so-panel widget widget_circleicon-widget panel-first-child panel-last-child\" data-index=\"7\" ><div class=\"panel-widget-style panel-widget-style-for-4362-3-2-0\" >\t\t<div class=\"circle-icon-box circle-icon-position-top circle-icon-hide-box circle-icon-size-small \">\n\t\t\t\t\t\t\t<div class=\"circle-icon-wrapper\">\n\t\t\t\t\t\t\t\t\t\t<div class=\"circle-icon icon-style-set\" style=\"background-color: #7100e2\">\n\t\t\t\t\t\t\t\t\t\t\t\t\t<div class=\"fa fa-pencil-square-o\" ><\/div>\n\t\t\t\t\t\t\t\t\t\t\t<\/div> \n\t\t\t\t\t\t\t\t\t<\/div>\n\t\t\t\n\t\t\t\t\t\t\t\t\t\t<h4 >\n\t\t\t\t\tLa vision\t\t\t\t<\/h4>\n\t\t\t\t\t\t\n\t\t\t\t\t\t\t<p class=\"text\" >La facult\u00e9 de m\u00e9decine v\u00e9t\u00e9rinaire se r\u00e9jouit d\u2019\u00eatre distingu\u00e9 et leader au niveau local et national en obtenant un dipl\u00f4me suffisant de v\u00e9t\u00e9rinaires qui sont capables de la pratique professionnelle, formation continue et recherche au service de la soci\u00e9t\u00e9 et d\u00e9veloppement de l\u2019environnement selon les normes de qualit\u00e9 g\u00e9n\u00e9rales.<\/p>\n\t\t\t\t\t\t\t\t<\/div>\n\t\t<\/div><\/div><\/div><\/div><\/div><\/div>","protected":false},"excerpt":{"rendered":"<p>Plus de nouvelles<\/p>\n","protected":false},"author":2,"featured_media":0,"parent":0,"menu_order":0,"comment_status":"closed","ping_status":"closed","template":"home-panels.php","meta":{"footnotes":""},"_links":{"self":[{"href":"http:\/\/www.svu.edu.eg\/faculties\/vet\/wp-json\/wp\/v2\/pages\/4362"}],"collection":[{"href":"http:\/\/www.svu.edu.eg\/faculties\/vet\/wp-json\/wp\/v2\/pages"}],"about":[{"href":"http:\/\/www.svu.edu.eg\/faculties\/vet\/wp-json\/wp\/v2\/types\/page"}],"author":[{"embeddable":true,"href":"http:\/\/www.svu.edu.eg\/faculties\/vet\/wp-json\/wp\/v2\/users\/2"}],"replies":[{"embeddable":true,"href":"http:\/\/www.svu.edu.eg\/faculties\/vet\/wp-json\/wp\/v2\/comments?post=4362"}],"version-history":[{"count":11,"href":"http:\/\/www.svu.edu.eg\/faculties\/vet\/wp-json\/wp\/v2\/pages\/4362\/revisions"}],"predecessor-version":[{"id":8804,"href":"http:\/\/www.svu.edu.eg\/faculties\/vet\/wp-json\/wp\/v2\/pages\/4362\/revisions\/8804"}],"wp:attachment":[{"href":"http:\/\/www.svu.edu.eg\/faculties\/vet\/wp-json\/wp\/v2\/media?parent=4362"}],"curies":[{"name":"wp","href":"https:\/\/api.w.org\/{rel}","templated":true}]}}