{"id":5171,"date":"2020-12-22T22:02:43","date_gmt":"2020-12-22T22:02:43","guid":{"rendered":"http:\/\/www.svu.edu.eg\/faculties\/sci\/?page_id=5171"},"modified":"2022-03-08T07:35:22","modified_gmt":"2022-03-08T07:35:22","slug":"le-reglement","status":"publish","type":"page","link":"http:\/\/www.svu.edu.eg\/faculties\/sci\/fr\/servir-lenvironnement\/le-reglement\/","title":{"rendered":"R\u00e8glement de l&#8217;Unit\u00e9 des affaires de d\u00e9veloppement communautaire et des services environnementaux"},"content":{"rendered":"<p><span style=\"color: #ff0000;\"><a style=\"color: #ff0000;\" href=\"http:\/\/www.svu.edu.eg\/faculties\/sci\/wp-content\/uploads\/2020\/03\/%D9%84%D8%A7%D8%A6%D8%AD%D8%A9%D9%88%D8%AD%D8%AF%D8%A9-%D8%B4%D8%A6%D9%88%D9%86-%D8%AA%D9%86%D9%85%D9%8A%D8%A9-%D8%A7%D9%84%D9%85%D8%AC%D8%AA%D9%85%D8%B9-%D9%88%D8%AE%D8%AF%D9%85%D8%A9-%D8%A7%D9%84%D8%A8%D9%8A%D8%A6%D8%A9.pdf\"><em><strong><span style=\"font-size: 14pt; font-family: georgia, palatino;\">R\u00e8glement de l&#8217;Unit\u00e9 des affaires de d\u00e9veloppement communautaire et des services environnementaux<\/span><\/strong><\/em><\/a><\/span><\/p>\n\n\n<p><\/p>\n","protected":false},"excerpt":{"rendered":"<p>R\u00e8glement de l&#8217;Unit\u00e9 des affaires de d\u00e9veloppement communautaire et des services environnementaux<\/p>\n","protected":false},"author":2,"featured_media":0,"parent":4919,"menu_order":0,"comment_status":"closed","ping_status":"closed","template":"","meta":[],"jetpack_sharing_enabled":true,"_links":{"self":[{"href":"http:\/\/www.svu.edu.eg\/faculties\/sci\/wp-json\/wp\/v2\/pages\/5171"}],"collection":[{"href":"http:\/\/www.svu.edu.eg\/faculties\/sci\/wp-json\/wp\/v2\/pages"}],"about":[{"href":"http:\/\/www.svu.edu.eg\/faculties\/sci\/wp-json\/wp\/v2\/types\/page"}],"author":[{"embeddable":true,"href":"http:\/\/www.svu.edu.eg\/faculties\/sci\/wp-json\/wp\/v2\/users\/2"}],"replies":[{"embeddable":true,"href":"http:\/\/www.svu.edu.eg\/faculties\/sci\/wp-json\/wp\/v2\/comments?post=5171"}],"version-history":[{"count":1,"href":"http:\/\/www.svu.edu.eg\/faculties\/sci\/wp-json\/wp\/v2\/pages\/5171\/revisions"}],"predecessor-version":[{"id":5172,"href":"http:\/\/www.svu.edu.eg\/faculties\/sci\/wp-json\/wp\/v2\/pages\/5171\/revisions\/5172"}],"up":[{"embeddable":true,"href":"http:\/\/www.svu.edu.eg\/faculties\/sci\/wp-json\/wp\/v2\/pages\/4919"}],"wp:attachment":[{"href":"http:\/\/www.svu.edu.eg\/faculties\/sci\/wp-json\/wp\/v2\/media?parent=5171"}],"curies":[{"name":"wp","href":"https:\/\/api.w.org\/{rel}","templated":true}]}}