{"id":5156,"date":"2020-12-22T21:23:35","date_gmt":"2020-12-22T21:23:35","guid":{"rendered":"http:\/\/www.svu.edu.eg\/faculties\/sci\/?page_id=5156"},"modified":"2022-03-07T08:03:25","modified_gmt":"2022-03-07T08:03:25","slug":"lapprovisionnement-et-des-echanges","status":"publish","type":"page","link":"http:\/\/www.svu.edu.eg\/faculties\/sci\/fr\/lapprovisionnement-et-des-echanges\/","title":{"rendered":"L&#8217;approvisionnement et des \u00e9changes"},"content":{"rendered":"<p><\/p>\n<p><em><strong><span style=\"font-size: 14pt; font-family: georgia, palatino;\">T\u00e9l\u00e9phone interne:- 1270<\/span><\/strong><\/em><\/p>\n<p><em><strong><span style=\"font-size: 14pt; font-family: georgia, palatino;\"> <\/span><\/strong><\/em><\/p>\n<p><em><strong><span style=\"font-size: 14pt; font-family: georgia, palatino;\">Nom:- Sobhy Kamal Aeit Mohamed<\/span><\/strong><\/em><\/p>\n<p><em><strong><span style=\"font-size: 14pt; font-family: georgia, palatino;\"> <\/span><\/strong><\/em><\/p>\n<p><em><strong><span style=\"font-size: 14pt; font-family: georgia, palatino;\">Fonction:- Directeur<\/span><\/strong><\/em><\/p>\n<p><em><strong><span style=\"font-size: 14pt; font-family: georgia, palatino;\"> <\/span><\/strong><\/em><\/p>\n<p><em><strong><span style=\"font-size: 14pt; font-family: georgia, palatino;\">Titre fonctionnel:- Sp\u00e9cialiste<\/span><\/strong><\/em><\/p>\n<p><em><strong><span style=\"font-size: 14pt; font-family: georgia, palatino;\"> <\/span><\/strong><\/em><\/p>\n<p><em><strong><span style=\"font-size: 14pt; font-family: georgia, palatino;\">Degr\u00e9:- Troisi\u00e8me<\/span><\/strong><\/em><\/p>\n<p><em><strong><span style=\"font-size: 14pt; font-family: georgia, palatino;\"> <\/span><\/strong><\/em><\/p>\n<p><em><strong><span style=\"font-size: 14pt; font-family: georgia, palatino;\">Dipl\u00f4me:- Licence \u00e8s lettres<\/span><\/strong><\/em><\/p>\n<p><\/p>\n\n\n<p style=\"text-align:left\"><\/p>\n","protected":false},"excerpt":{"rendered":"<p>T\u00e9l\u00e9phone interne:- 1270 Nom:- Sobhy Kamal Aeit Mohamed Fonction:- Directeur Titre fonctionnel:- Sp\u00e9cialiste Degr\u00e9:- Troisi\u00e8me Dipl\u00f4me:- Licence \u00e8s lettres<\/p>\n","protected":false},"author":2,"featured_media":0,"parent":0,"menu_order":0,"comment_status":"closed","ping_status":"closed","template":"","meta":[],"jetpack_sharing_enabled":true,"_links":{"self":[{"href":"http:\/\/www.svu.edu.eg\/faculties\/sci\/wp-json\/wp\/v2\/pages\/5156"}],"collection":[{"href":"http:\/\/www.svu.edu.eg\/faculties\/sci\/wp-json\/wp\/v2\/pages"}],"about":[{"href":"http:\/\/www.svu.edu.eg\/faculties\/sci\/wp-json\/wp\/v2\/types\/page"}],"author":[{"embeddable":true,"href":"http:\/\/www.svu.edu.eg\/faculties\/sci\/wp-json\/wp\/v2\/users\/2"}],"replies":[{"embeddable":true,"href":"http:\/\/www.svu.edu.eg\/faculties\/sci\/wp-json\/wp\/v2\/comments?post=5156"}],"version-history":[{"count":2,"href":"http:\/\/www.svu.edu.eg\/faculties\/sci\/wp-json\/wp\/v2\/pages\/5156\/revisions"}],"predecessor-version":[{"id":5284,"href":"http:\/\/www.svu.edu.eg\/faculties\/sci\/wp-json\/wp\/v2\/pages\/5156\/revisions\/5284"}],"wp:attachment":[{"href":"http:\/\/www.svu.edu.eg\/faculties\/sci\/wp-json\/wp\/v2\/media?parent=5156"}],"curies":[{"name":"wp","href":"https:\/\/api.w.org\/{rel}","templated":true}]}}