{"id":5152,"date":"2020-12-22T21:17:06","date_gmt":"2020-12-22T21:17:06","guid":{"rendered":"http:\/\/www.svu.edu.eg\/faculties\/sci\/?page_id=5152"},"modified":"2022-03-07T07:54:43","modified_gmt":"2022-03-07T07:54:43","slug":"comptes","status":"publish","type":"page","link":"http:\/\/www.svu.edu.eg\/faculties\/sci\/fr\/comptes\/","title":{"rendered":"Comptes"},"content":{"rendered":"<p><em><strong><span style=\"font-size: 14pt; font-family: georgia, palatino;\">T\u00e9l\u00e9phone interne:- 1281<\/span><\/strong><\/em><\/p>\n<p><em><strong><span style=\"font-size: 14pt; font-family: georgia, palatino;\">Nom:- Salah Mohammed Abd El-Latif<\/span><\/strong><\/em><br \/>\n<em><strong><span style=\"font-size: 14pt; font-family: georgia, palatino;\">Commissaire aux comptes<\/span><\/strong><\/em><br \/>\n<em><strong><span style=\"font-size: 14pt; font-family: georgia, palatino;\">\u00a0Sp\u00e9cialiste des finances<\/span><\/strong><\/em><br \/>\n<em><strong><span style=\"font-size: 14pt; font-family: georgia, palatino;\">Premier degr\u00e9<\/span><\/strong><\/em><br \/>\n<em><strong><span style=\"font-size: 14pt; font-family: georgia, palatino;\">Qualification commerciale<\/span><\/strong><\/em><br \/>\n<span style=\"font-family: georgia, palatino;\"><span style=\"font-size: 18.6667px;\"><b><i>E-mail:- <span style=\"color: #993300;\">s_abdellateef@sci.svu.edu.eg<\/span><\/i><\/b><\/span><\/span><\/p>\n<hr \/>\n<p><em><strong><span style=\"font-size: 14pt; font-family: georgia, palatino;\">Nom:- Emad Naim Jabra<\/span><\/strong><\/em><br \/>\n<em><strong><span style=\"font-size: 14pt; font-family: georgia, palatino;\">Commis aux comptes<\/span><\/strong><\/em><br \/>\n<em><strong><span style=\"font-size: 14pt; font-family: georgia, palatino;\">Premier degr\u00e9<\/span><\/strong><\/em><br \/>\n<em><strong><span style=\"font-size: 14pt; font-family: georgia, palatino;\">Dipl\u00f4me d&#8217;aptitude commerciale<\/span><\/strong><\/em><\/p>\n<hr \/>\n<p><em><strong><span style=\"font-size: 14pt; font-family: georgia, palatino;\">Nom:- Azza Mohamed Al-Mortada Mahmoud<\/span><\/strong><\/em><br \/>\n<em><strong><span style=\"font-size: 14pt; font-family: georgia, palatino;\">Commis aux finances<\/span><\/strong><\/em><br \/>\n<em><strong><span style=\"font-size: 14pt; font-family: georgia, palatino;\">premier degr\u00e9<\/span><\/strong><\/em><br \/>\n<em><strong><span style=\"font-size: 14pt; font-family: georgia, palatino;\">Dipl\u00f4me : Institut technique<\/span><\/strong><\/em><\/p>\n<hr \/>\n<p><em><strong><span style=\"font-size: 14pt; font-family: georgia, palatino;\">Nom:- Aisha Fikri\u00a0<\/span><\/strong><\/em><br \/>\n<em><strong><span style=\"font-size: 14pt; font-family: georgia, palatino;\">\u00a0Commis aux finances<\/span><\/strong><\/em><br \/>\n<span style=\"font-family: georgia, palatino;\"><em><strong><span style=\"font-size: 14pt;\">Deuxi\u00e8me degr\u00e9<\/span><\/strong><\/em><\/span><br \/>\n<em><strong><span style=\"font-size: 14pt; font-family: georgia, palatino;\">Qualification commerciale<\/span><\/strong><\/em><\/p>\n<hr \/>\n<p><em><strong><span style=\"font-size: 14pt; font-family: georgia, palatino;\">Nom:- Salwa Abd El-Salam<br \/>\nSp\u00e9cialiste des finances<br \/>\nDeuxi\u00e8me degr\u00e9<br \/>\nQualification commercial<\/span><\/strong><\/em><\/p>\n<hr \/>\n<p><span style=\"font-size: 14pt; font-family: georgia, palatino;\"><em><strong>Nom:- Ahmed Saber Fouad<\/strong><\/em><\/span><br \/>\n<span style=\"font-size: 14pt; font-family: georgia, palatino;\"><em><strong>Sp\u00e9cialiste des finances<\/strong><\/em><\/span><br \/>\n<span style=\"font-size: 14pt; font-family: georgia, palatino;\"><em><strong>troisi\u00e8me degr\u00e9<\/strong><\/em><\/span><br \/>\n<span style=\"font-size: 14pt; font-family: georgia, palatino;\"><em><strong>Qualification commerciale<\/strong><\/em><\/span><br \/>\n<span style=\"font-size: 14pt; font-family: georgia, palatino;\"><em><strong>T\u00e9l\u00e9phone 01002028143<\/strong><\/em><\/span><br \/>\n<span style=\"font-size: 14pt; font-family: georgia, palatino;\"><em><strong>E-mail :- <span style=\"color: #3366ff;\">Ahmed.saber@sci.svu.edu.eg<\/span><\/strong><\/em><\/span><\/p>\n<hr \/>\n<p><em><strong><span style=\"font-size: 14pt; font-family: georgia, palatino;\">Nom:- Mahmoud Abd El-Radi Mahmoud<\/span><\/strong><\/em><br \/>\n<em><strong><span style=\"font-size: 14pt; font-family: georgia, palatino;\">Sp\u00e9cialiste des finances<\/span><\/strong><\/em><br \/>\n<em><strong><span style=\"font-size: 14pt; font-family: georgia, palatino;\">Troisi\u00e8me degr\u00e9<\/span><\/strong><\/em><br \/>\n<em><strong><span style=\"font-size: 14pt; font-family: georgia, palatino;\">Qualification commerciale<\/span><\/strong><\/em><\/p>\n<hr \/>\n<p><em><strong><span style=\"font-size: 14pt; font-family: georgia, palatino;\">Nom:- Shaima Mohamed Ramadan<\/span><\/strong><\/em><br \/>\n<em><strong><span style=\"font-size: 14pt; font-family: georgia, palatino;\">Sp\u00e9cialiste des finances<\/span><\/strong><\/em><br \/>\n<em><strong><span style=\"font-size: 14pt; font-family: georgia, palatino;\">Deuxi\u00e8me degr\u00e9<\/span><\/strong><\/em><br \/>\n<em><strong><span style=\"font-size: 14pt; font-family: georgia, palatino;\">Qualification commerciale<\/span><\/strong><\/em><\/p>\n<hr \/>\n<p><em><strong><span style=\"font-size: 14pt; font-family: georgia, palatino;\">Nom:- Amany Yahya Ahmed\u00a0<\/span><\/strong><\/em><br \/>\n<em><strong><span style=\"font-size: 14pt; font-family: georgia, palatino;\">Sp\u00e9cialiste des finances<\/span><\/strong><\/em><br \/>\n<em><strong><span style=\"font-size: 14pt; font-family: georgia, palatino;\">Troisi\u00e8me degr\u00e9<\/span><\/strong><\/em><br \/>\n<em><strong><span style=\"font-size: 14pt; font-family: georgia, palatino;\">Qualification commerciale<\/span><\/strong><\/em><\/p>\n<hr \/>\n","protected":false},"excerpt":{"rendered":"<p>T\u00e9l\u00e9phone interne:- 1281 Nom:- Salah Mohammed Abd El-Latif Commissaire aux comptes \u00a0Sp\u00e9cialiste des finances Premier degr\u00e9 Qualification commerciale E-mail:- s_abdellateef@sci.svu.edu.eg Nom:- Emad Naim Jabra Commis aux comptes Premier degr\u00e9 Dipl\u00f4me [&hellip;]<\/p>\n","protected":false},"author":2,"featured_media":0,"parent":0,"menu_order":0,"comment_status":"closed","ping_status":"closed","template":"","meta":[],"jetpack_sharing_enabled":true,"_links":{"self":[{"href":"http:\/\/www.svu.edu.eg\/faculties\/sci\/wp-json\/wp\/v2\/pages\/5152"}],"collection":[{"href":"http:\/\/www.svu.edu.eg\/faculties\/sci\/wp-json\/wp\/v2\/pages"}],"about":[{"href":"http:\/\/www.svu.edu.eg\/faculties\/sci\/wp-json\/wp\/v2\/types\/page"}],"author":[{"embeddable":true,"href":"http:\/\/www.svu.edu.eg\/faculties\/sci\/wp-json\/wp\/v2\/users\/2"}],"replies":[{"embeddable":true,"href":"http:\/\/www.svu.edu.eg\/faculties\/sci\/wp-json\/wp\/v2\/comments?post=5152"}],"version-history":[{"count":2,"href":"http:\/\/www.svu.edu.eg\/faculties\/sci\/wp-json\/wp\/v2\/pages\/5152\/revisions"}],"predecessor-version":[{"id":5283,"href":"http:\/\/www.svu.edu.eg\/faculties\/sci\/wp-json\/wp\/v2\/pages\/5152\/revisions\/5283"}],"wp:attachment":[{"href":"http:\/\/www.svu.edu.eg\/faculties\/sci\/wp-json\/wp\/v2\/media?parent=5152"}],"curies":[{"name":"wp","href":"https:\/\/api.w.org\/{rel}","templated":true}]}}