{"id":5148,"date":"2020-12-22T21:13:24","date_gmt":"2020-12-22T21:13:24","guid":{"rendered":"http:\/\/www.svu.edu.eg\/faculties\/sci\/?page_id=5148"},"modified":"2022-03-02T09:49:33","modified_gmt":"2022-03-02T09:49:33","slug":"protection-de-la-jeunesse","status":"publish","type":"page","link":"http:\/\/www.svu.edu.eg\/faculties\/sci\/fr\/protection-de-la-jeunesse\/","title":{"rendered":"Protection de la jeunesse"},"content":{"rendered":"<p><span style=\"font-family: georgia, palatino;\"><em><span style=\"font-size: 14pt;\">T<\/span><\/em><\/span><span style=\"font-size: 14pt; font-family: georgia, palatino;\">\u00e9l\u00e9phone interne:- 1267<\/span><\/p>\n<p><em><span style=\"font-size: 14pt; font-family: georgia, palatino;\"><strong>Fonctions et activit\u00e9s de l&#8217;administration<\/strong><\/span><\/em><\/p>\n<p><em><span style=\"font-size: 14pt; font-family: georgia, palatino;\">L&#8217;\u00e9quipe de l&#8217;administration de la Jeunesse<\/span><\/em><\/p>\n<p><em><span style=\"font-size: 14pt; font-family: georgia, palatino;\">Nom:- Ashraf Mohamed Ali Ahmed<\/span><\/em><\/p>\n<p><em><span style=\"font-size: 14pt; font-family: georgia, palatino;\">Fonction: -Directeur<\/span><\/em><\/p>\n<p><em><span style=\"font-size: 14pt; font-family: georgia, palatino;\">Titre du poste : Sp\u00e9cialiste<\/span><\/em><\/p>\n<p><em><span style=\"font-size: 14pt; font-family: georgia, palatino;\">Degr\u00e9:- Premier<\/span><\/em><\/p>\n<p><em><span style=\"font-size: 14pt; font-family: georgia, palatino;\">Dipl\u00f4me:- Doctorat en \u00e9ducation physique<\/span><\/em><\/p>\n<p><em><span style=\"font-size: 14pt; font-family: georgia, palatino;\">E-mail:- sci.svu.edu.eg<\/span><\/em><\/p>\n<p><em><span style=\"font-size: 14pt; font-family: georgia, palatino;\">Nom:- Mohamed Maisara Hemed Mohamed El-sadek<\/span><\/em><\/p>\n<p><em><span style=\"font-size: 14pt; font-family: georgia, palatino;\">Fonction:- Protection de la jeunesse \u00a0<\/span><\/em><\/p>\n<p><em><span style=\"font-size: 14pt; font-family: georgia, palatino;\">Titre du poste:-Sp\u00e9cialiste<\/span><\/em><\/p>\n<p><em><span style=\"font-size: 14pt; font-family: georgia, palatino;\">Degr\u00e9:- Premier<\/span><\/em><\/p>\n<p><em><span style=\"font-size: 14pt; font-family: georgia, palatino;\">Dipl\u00f4me:- Licence \u00e8s sciences<\/span><\/em><\/p>\n<p><em><span style=\"font-size: 14pt; font-family: georgia, palatino;\">E-mail:-\u00a0 <a href=\"mailto:\u2014\u2014\u2014\u2014\u2013@sci.svu.edu.eg\">\u2014\u2014\u2014\u2014\u2013@sci.svu.edu.eg<\/a><\/span><\/em><\/p>\n<p><em><span style=\"font-size: 14pt; font-family: georgia, palatino;\">Nom:- Mona Hasan Ahmed Mohsen<\/span><\/em><\/p>\n<p><em><span style=\"font-size: 14pt; font-family: georgia, palatino;\">Fonction : Protection de la jeunesse\u00a0<\/span><\/em><\/p>\n<p><em><span style=\"font-size: 14pt; font-family: georgia, palatino;\">Titre du poste :- Secr\u00e9taire<\/span><\/em><\/p>\n<p><em><span style=\"font-size: 14pt; font-family: georgia, palatino;\">Degr\u00e9:- Premier<\/span><\/em><\/p>\n<p><em><span style=\"font-size: 14pt; font-family: georgia, palatino;\">Dipl\u00f4me:- Licence \u00e8s sciences<\/span><\/em><\/p>\n<p><em><span style=\"font-size: 14pt; font-family: georgia, palatino;\">E-mail:-\u00a0 <a href=\"mailto:\u2014\u2014\u2014\u2014\u2013@sci.svu.edu.eg\">\u2014\u2014\u2014\u2014\u2013@sci.svu.edu.eg<\/a><\/span><\/em><\/p>\n","protected":false},"excerpt":{"rendered":"<p>T\u00e9l\u00e9phone interne:- 1267 Fonctions et activit\u00e9s de l&#8217;administration L&#8217;\u00e9quipe de l&#8217;administration de la Jeunesse Nom:- Ashraf Mohamed Ali Ahmed Fonction: -Directeur Titre du poste : Sp\u00e9cialiste Degr\u00e9:- Premier Dipl\u00f4me:- Doctorat [&hellip;]<\/p>\n","protected":false},"author":2,"featured_media":0,"parent":0,"menu_order":0,"comment_status":"closed","ping_status":"closed","template":"","meta":[],"jetpack_sharing_enabled":true,"_links":{"self":[{"href":"http:\/\/www.svu.edu.eg\/faculties\/sci\/wp-json\/wp\/v2\/pages\/5148"}],"collection":[{"href":"http:\/\/www.svu.edu.eg\/faculties\/sci\/wp-json\/wp\/v2\/pages"}],"about":[{"href":"http:\/\/www.svu.edu.eg\/faculties\/sci\/wp-json\/wp\/v2\/types\/page"}],"author":[{"embeddable":true,"href":"http:\/\/www.svu.edu.eg\/faculties\/sci\/wp-json\/wp\/v2\/users\/2"}],"replies":[{"embeddable":true,"href":"http:\/\/www.svu.edu.eg\/faculties\/sci\/wp-json\/wp\/v2\/comments?post=5148"}],"version-history":[{"count":2,"href":"http:\/\/www.svu.edu.eg\/faculties\/sci\/wp-json\/wp\/v2\/pages\/5148\/revisions"}],"predecessor-version":[{"id":5282,"href":"http:\/\/www.svu.edu.eg\/faculties\/sci\/wp-json\/wp\/v2\/pages\/5148\/revisions\/5282"}],"wp:attachment":[{"href":"http:\/\/www.svu.edu.eg\/faculties\/sci\/wp-json\/wp\/v2\/media?parent=5148"}],"curies":[{"name":"wp","href":"https:\/\/api.w.org\/{rel}","templated":true}]}}