{"id":5137,"date":"2020-12-22T21:02:39","date_gmt":"2020-12-22T21:02:39","guid":{"rendered":"http:\/\/www.svu.edu.eg\/faculties\/sci\/?page_id=5137"},"modified":"2020-12-24T19:38:00","modified_gmt":"2020-12-24T19:38:00","slug":"bibliotheque-de-la-faculte","status":"publish","type":"page","link":"http:\/\/www.svu.edu.eg\/faculties\/sci\/fr\/bibliotheque-de-la-faculte\/","title":{"rendered":"Biblioth\u00e8que de la facult\u00e9"},"content":{"rendered":"\n<p style=\"text-align:left\">La biblioth\u00e8que de la Facult\u00e9 des sciences a de nombreux livres dans toutes les  disciplines La science est d\u2019environ 10000 livres et est divis\u00e9 en deux sections<br>  D\u00e9partement pour les \u00e9tudiants &#8211; <\/p>\n\n\n\n<p style=\"text-align:left\">D\u00e9partement des \u00e9tudes sup\u00e9rieures et de la recherche &#8211; <\/p>\n\n\n\n<p style=\"text-align:left\">Ils sont divis\u00e9s Les livres dans les deux sections sont en arabe et en anglais<\/p>\n","protected":false},"excerpt":{"rendered":"<p>La biblioth\u00e8que de la Facult\u00e9 des sciences a de nombreux livres dans toutes les disciplines La science est d\u2019environ 10000 livres et est divis\u00e9 en deux sections D\u00e9partement pour les [&hellip;]<\/p>\n","protected":false},"author":2,"featured_media":0,"parent":0,"menu_order":0,"comment_status":"closed","ping_status":"closed","template":"","meta":[],"jetpack_sharing_enabled":true,"_links":{"self":[{"href":"http:\/\/www.svu.edu.eg\/faculties\/sci\/wp-json\/wp\/v2\/pages\/5137"}],"collection":[{"href":"http:\/\/www.svu.edu.eg\/faculties\/sci\/wp-json\/wp\/v2\/pages"}],"about":[{"href":"http:\/\/www.svu.edu.eg\/faculties\/sci\/wp-json\/wp\/v2\/types\/page"}],"author":[{"embeddable":true,"href":"http:\/\/www.svu.edu.eg\/faculties\/sci\/wp-json\/wp\/v2\/users\/2"}],"replies":[{"embeddable":true,"href":"http:\/\/www.svu.edu.eg\/faculties\/sci\/wp-json\/wp\/v2\/comments?post=5137"}],"version-history":[{"count":2,"href":"http:\/\/www.svu.edu.eg\/faculties\/sci\/wp-json\/wp\/v2\/pages\/5137\/revisions"}],"predecessor-version":[{"id":5281,"href":"http:\/\/www.svu.edu.eg\/faculties\/sci\/wp-json\/wp\/v2\/pages\/5137\/revisions\/5281"}],"wp:attachment":[{"href":"http:\/\/www.svu.edu.eg\/faculties\/sci\/wp-json\/wp\/v2\/media?parent=5137"}],"curies":[{"name":"wp","href":"https:\/\/api.w.org\/{rel}","templated":true}]}}