{"id":5134,"date":"2020-12-22T21:00:46","date_gmt":"2020-12-22T21:00:46","guid":{"rendered":"http:\/\/www.svu.edu.eg\/faculties\/sci\/?page_id=5134"},"modified":"2022-02-22T08:52:21","modified_gmt":"2022-02-22T08:52:21","slug":"bibliotheque","status":"publish","type":"page","link":"http:\/\/www.svu.edu.eg\/faculties\/sci\/fr\/bibliotheque\/","title":{"rendered":"Biblioth\u00e8que"},"content":{"rendered":"<p><\/p>\n<p><em><span style=\"font-size: 14pt; font-family: georgia, palatino;\"><strong>Tel : 1283<\/strong><\/span><\/em><\/p>\n<p><em><span style=\"font-size: 14pt; font-family: georgia, palatino;\"> <\/span><\/em><\/p>\n<p><em><span style=\"font-size: 14pt; font-family: georgia, palatino;\">Nom : Alaa El-deen Ataa El-shazly<\/span><\/em><\/p>\n<p><em><span style=\"font-size: 14pt; font-family: georgia, palatino;\"> <\/span><\/em><\/p>\n<p><em><span style=\"font-size: 14pt; font-family: georgia, palatino;\">Fonction : Directeur<\/span><\/em><\/p>\n<p><em><span style=\"font-size: 14pt; font-family: georgia, palatino;\"> <\/span><\/em><\/p>\n<p><em><span style=\"font-size: 14pt; font-family: georgia, palatino;\">Degr\u00e9 : Troisi\u00e8me<\/span><\/em><\/p>\n<p><em><span style=\"font-size: 14pt; font-family: georgia, palatino;\"> <\/span><\/em><\/p>\n<p><em><span style=\"font-size: 14pt; font-family: georgia, palatino;\">Dipl\u00f4me : Licence \u00e8s lettres<\/span><\/em><\/p>\n<p><em><span style=\"font-size: 14pt; font-family: georgia, palatino;\"> <\/span><\/em><\/p>\n<p><em><span style=\"font-size: 14pt; font-family: georgia, palatino;\">Nom : Zahraa Mahmoud Aref ( protection de l&#8217;enfant )<\/span><\/em><\/p>\n<p><em><span style=\"font-size: 14pt; font-family: georgia, palatino;\"> <\/span><\/em><\/p>\n<p><em><span style=\"font-size: 14pt; font-family: georgia, palatino;\">Fonction : biblioth\u00e8que<\/span><\/em><\/p>\n<p><em><span style=\"font-size: 14pt; font-family: georgia, palatino;\"> <\/span><\/em><\/p>\n<p><em><span style=\"font-size: 14pt; font-family: georgia, palatino;\">Fonction : Sp\u00e9cialiste \u00a0<\/span><\/em><\/p>\n<p><em><span style=\"font-size: 14pt; font-family: georgia, palatino;\"> <\/span><\/em><\/p>\n<p><em><span style=\"font-size: 14pt; font-family: georgia, palatino;\">Degr\u00e9 : Troisi\u00e8me<\/span><\/em><\/p>\n<p><em><span style=\"font-size: 14pt; font-family: georgia, palatino;\"> <\/span><\/em><\/p>\n<p><em><span style=\"font-size: 14pt; font-family: georgia, palatino;\">Dipl\u00f4me : Licence \u00e8s lettres<\/span><\/em><\/p>\n<p><em><span style=\"font-size: 14pt; font-family: georgia, palatino;\"> <\/span><\/em><\/p>\n<p><em><span style=\"font-size: 14pt; font-family: georgia, palatino;\">Nom : Asmaa Hessen Ali<\/span><\/em><\/p>\n<p><em><span style=\"font-size: 14pt; font-family: georgia, palatino;\"> <\/span><\/em><\/p>\n<p><em><span style=\"font-size: 14pt; font-family: georgia, palatino;\">Fonction : biblioth\u00e8que<\/span><\/em><\/p>\n<p><em><span style=\"font-size: 14pt; font-family: georgia, palatino;\"> <\/span><\/em><\/p>\n<p><em><span style=\"font-size: 14pt; font-family: georgia, palatino;\">Fonction : Sp\u00e9cialiste\u00a0<\/span><\/em><\/p>\n<p><em><span style=\"font-size: 14pt; font-family: georgia, palatino;\"> <\/span><\/em><\/p>\n<p><em><span style=\"font-size: 14pt; font-family: georgia, palatino;\">Degr\u00e9 : Troisi\u00e8me<\/span><\/em><\/p>\n<p><em><span style=\"font-size: 14pt; font-family: georgia, palatino;\"> <\/span><\/em><\/p>\n<p><em><span style=\"font-size: 14pt; font-family: georgia, palatino;\">Dipl\u00f4me : Licence \u00e8s lettres<\/span><\/em><\/p>\n<p><em><span style=\"font-size: 14pt; font-family: georgia, palatino;\"> <\/span><\/em><\/p>\n<p><em><span style=\"font-size: 14pt; font-family: georgia, palatino;\">Nom : Nefen Anes Gerges<\/span><\/em><\/p>\n<p><em><span style=\"font-size: 14pt; font-family: georgia, palatino;\"> <\/span><\/em><\/p>\n<p><em><span style=\"font-size: 14pt; font-family: georgia, palatino;\">Fonction : biblioth\u00e8que<\/span><\/em><\/p>\n<p><em><span style=\"font-size: 14pt; font-family: georgia, palatino;\"> <\/span><\/em><\/p>\n<p><em><span style=\"font-size: 14pt; font-family: georgia, palatino;\">Fonction : R\u00e9dacteur \u00a0\u00a0<\/span><\/em><\/p>\n<p><em><span style=\"font-size: 14pt; font-family: georgia, palatino;\"> <\/span><\/em><\/p>\n<p><em><span style=\"font-size: 14pt; font-family: georgia, palatino;\">Degr\u00e9 : Troisi\u00e8me<\/span><\/em><\/p>\n<p><em><span style=\"font-size: 14pt; font-family: georgia, palatino;\"> <\/span><\/em><\/p>\n<p><em><span style=\"font-size: 14pt; font-family: georgia, palatino;\">Dipl\u00f4me : Un institut d\u2019art commercial\u00a0<\/span><\/em><\/p>\n<p><em><span style=\"font-size: 14pt; font-family: georgia, palatino;\"> <\/span><\/em><\/p>\n<p><em><span style=\"font-size: 14pt; font-family: georgia, palatino;\">Nom : Hosni Ahmed Ashor<\/span><\/em><\/p>\n<p><em><span style=\"font-size: 14pt; font-family: georgia, palatino;\"> <\/span><\/em><\/p>\n<p><em><span style=\"font-size: 14pt; font-family: georgia, palatino;\">Fonction : biblioth\u00e8que<\/span><\/em><\/p>\n<p><em><span style=\"font-size: 14pt; font-family: georgia, palatino;\"> <\/span><\/em><\/p>\n<p><em><span style=\"font-size: 14pt; font-family: georgia, palatino;\">Fonction : Technicien<\/span><\/em><\/p>\n<p><em><span style=\"font-size: 14pt; font-family: georgia, palatino;\"> <\/span><\/em><\/p>\n<p><em><span style=\"font-size: 14pt; font-family: georgia, palatino;\">Degr\u00e9 : Troisi\u00e8me<\/span><\/em><\/p>\n<p><em><span style=\"font-size: 14pt; font-family: georgia, palatino;\"> <\/span><\/em><\/p>\n<p><em><span style=\"font-size: 14pt; font-family: georgia, palatino;\">Dipl\u00f4me : Secondaire industriel<\/span><\/em><\/p>\n<p><em><span style=\"font-size: 14pt; font-family: georgia, palatino;\"> <\/span><\/em><\/p>\n<p><em><span style=\"font-size: 14pt; font-family: georgia, palatino;\">Nom : Rokiaa Saleh Osman<\/span><\/em><\/p>\n<p><em><span style=\"font-size: 14pt; font-family: georgia, palatino;\"> <\/span><\/em><\/p>\n<p><em><span style=\"font-size: 14pt; font-family: georgia, palatino;\">Fonction : Technicien en photographie<\/span><\/em><\/p>\n<p><em><span style=\"font-size: 14pt; font-family: georgia, palatino;\"> <\/span><\/em><\/p>\n<p><em><span style=\"font-size: 14pt; font-family: georgia, palatino;\">Degr\u00e9 : Troisi\u00e8me<\/span><\/em><\/p>\n<p><em><span style=\"font-size: 14pt; font-family: georgia, palatino;\"> <\/span><\/em><\/p>\n<p><em><span style=\"font-size: 14pt; font-family: georgia, palatino;\">Dipl\u00f4me : Licence \u00e8s lettres<\/span><\/em><\/p>\n<p><em><span style=\"font-size: 14pt; font-family: georgia, palatino;\"> <\/span><\/em><\/p>\n<p><em><span style=\"font-size: 14pt; font-family: georgia, palatino;\">Nom : M \/ Amany Ahmed Hmam<\/span><\/em><\/p>\n<p><em><span style=\"font-size: 14pt; font-family: georgia, palatino;\"> <\/span><\/em><\/p>\n<p><em><span style=\"font-size: 14pt; font-family: georgia, palatino;\">Fonction : biblioth\u00e8que<\/span><\/em><\/p>\n<p><em><span style=\"font-size: 14pt; font-family: georgia, palatino;\"> <\/span><\/em><\/p>\n<p><em><span style=\"font-size: 14pt; font-family: georgia, palatino;\">Fonction : secr\u00e9taire \u00a0\u00a0\u00a0<\/span><\/em><\/p>\n<p><em><span style=\"font-size: 14pt; font-family: georgia, palatino;\"> <\/span><\/em><\/p>\n<p><em><span style=\"font-size: 14pt; font-family: georgia, palatino;\">Degr\u00e9 : Troisi\u00e8me<\/span><\/em><\/p>\n<p><em><span style=\"font-size: 14pt; font-family: georgia, palatino;\"> <\/span><\/em><\/p>\n<p><em><span style=\"font-size: 14pt; font-family: georgia, palatino;\">Dipl\u00f4me : Secondaire agricole<\/span><\/em><\/p>\n<p><em><span style=\"font-size: 14pt; font-family: georgia, palatino;\"> <\/span><\/em><\/p>\n<p><em><span style=\"font-size: 14pt; font-family: georgia, palatino;\">Nom : Radwan Khalel Mohamed Saied<\/span><\/em><\/p>\n<p><em><span style=\"font-size: 14pt; font-family: georgia, palatino;\"> <\/span><\/em><\/p>\n<p><em><span style=\"font-size: 14pt; font-family: georgia, palatino;\">Fonction : Technicien en photographie<\/span><\/em><\/p>\n<p><em><span style=\"font-size: 14pt; font-family: georgia, palatino;\"> <\/span><\/em><\/p>\n<p><em><span style=\"font-size: 14pt; font-family: georgia, palatino;\">Degr\u00e9 : Troisi\u00e8me<\/span><\/em><\/p>\n<p><em><span style=\"font-size: 14pt; font-family: georgia, palatino;\"> <\/span><\/em><\/p>\n<p><em><span style=\"font-size: 14pt; font-family: georgia, palatino;\">Dipl\u00f4me : Secondaire industriel<\/span><\/em><\/p>\n<p><\/p>\n\n\n<p style=\"text-align:left\"><\/p>\n","protected":false},"excerpt":{"rendered":"<p>Tel : 1283 Nom : Alaa El-deen Ataa El-shazly Fonction : Directeur Degr\u00e9 : Troisi\u00e8me Dipl\u00f4me : Licence \u00e8s lettres Nom : Zahraa Mahmoud Aref ( protection de l&#8217;enfant ) [&hellip;]<\/p>\n","protected":false},"author":2,"featured_media":0,"parent":0,"menu_order":0,"comment_status":"closed","ping_status":"closed","template":"","meta":[],"jetpack_sharing_enabled":true,"_links":{"self":[{"href":"http:\/\/www.svu.edu.eg\/faculties\/sci\/wp-json\/wp\/v2\/pages\/5134"}],"collection":[{"href":"http:\/\/www.svu.edu.eg\/faculties\/sci\/wp-json\/wp\/v2\/pages"}],"about":[{"href":"http:\/\/www.svu.edu.eg\/faculties\/sci\/wp-json\/wp\/v2\/types\/page"}],"author":[{"embeddable":true,"href":"http:\/\/www.svu.edu.eg\/faculties\/sci\/wp-json\/wp\/v2\/users\/2"}],"replies":[{"embeddable":true,"href":"http:\/\/www.svu.edu.eg\/faculties\/sci\/wp-json\/wp\/v2\/comments?post=5134"}],"version-history":[{"count":2,"href":"http:\/\/www.svu.edu.eg\/faculties\/sci\/wp-json\/wp\/v2\/pages\/5134\/revisions"}],"predecessor-version":[{"id":5280,"href":"http:\/\/www.svu.edu.eg\/faculties\/sci\/wp-json\/wp\/v2\/pages\/5134\/revisions\/5280"}],"wp:attachment":[{"href":"http:\/\/www.svu.edu.eg\/faculties\/sci\/wp-json\/wp\/v2\/media?parent=5134"}],"curies":[{"name":"wp","href":"https:\/\/api.w.org\/{rel}","templated":true}]}}