{"id":5130,"date":"2020-12-22T20:55:34","date_gmt":"2020-12-22T20:55:34","guid":{"rendered":"http:\/\/www.svu.edu.eg\/faculties\/sci\/?page_id=5130"},"modified":"2022-03-02T09:36:37","modified_gmt":"2022-03-02T09:36:37","slug":"affaires-du-travail","status":"publish","type":"page","link":"http:\/\/www.svu.edu.eg\/faculties\/sci\/fr\/affaires-du-travail\/","title":{"rendered":"Ressources humaines"},"content":{"rendered":"<p><em><span style=\"font-size: 14pt; font-family: georgia, palatino;\">T\u00e9l\u00e9phone interne:- 1285<\/span><\/em><br \/>\n<em><span style=\"font-size: 14pt; font-family: georgia, palatino;\">Lieu:- B\u00e2timent administratif &#8211; deuxi\u00e8me \u00e9tage<\/span><\/em><br \/>\n<em><span style=\"font-size: 14pt; font-family: georgia, palatino;\">E-mail:- Admin.employees@sci.svu.edu.eg<\/span><\/em><br \/>\n<em><span style=\"font-size: 14pt; font-family: georgia, palatino;\">Nom:- Hoda Youssef Ismail<\/span><\/em><br \/>\n<em><span style=\"font-size: 14pt; font-family: georgia, palatino;\">Le poste consiste \u00e0 exercer les fonctions de directeur des ressources humaines<\/span><\/em><br \/>\n<em><span style=\"font-size: 14pt; font-family: georgia, palatino;\">Titre du poste : Sp\u00e9cialiste de l&#8217;administration<\/span><\/em><br \/>\n<em><span style=\"font-size: 14pt; font-family: georgia, palatino;\">Deuxi\u00e8me degr\u00e9<\/span><\/em><br \/>\n<em><span style=\"font-size: 14pt; font-family: georgia, palatino;\">Qualification<\/span><\/em><\/p>\n<p><em><span style=\"font-size: 14pt; font-family: georgia, palatino;\">commerciale<\/span><\/em><\/p>\n<p><em><span style=\"font-size: 14pt; font-family: georgia, palatino;\">T\u00e9l\u00e9phone:- 01069295792<\/span><\/em><\/p>\n<hr \/>\n<p><em><span style=\"font-size: 14pt; font-family: georgia, palatino;\">Nom:- Nashat Hamada<\/span><\/em><br \/>\n<em><span style=\"font-size: 14pt; font-family: georgia, palatino;\">Le poste:- prestations<\/span><\/em><br \/>\n<em><span style=\"font-size: 14pt; font-family: georgia, palatino;\">Titre du poste:- Secr\u00e9tariat<\/span><\/em><br \/>\n<em><span style=\"font-size: 14pt; font-family: georgia, palatino;\">premier degr\u00e9<\/span><\/em><br \/>\n<em><span style=\"font-size: 14pt; font-family: georgia, palatino;\">Dipl\u00f4me d&#8217;aptitude commerciale<\/span><\/em><\/p>\n<hr \/>\n<p><em><span style=\"font-size: 14pt; font-family: georgia, palatino;\">Nom:- Amina Mustafa Abbas Badri<\/span><\/em><br \/>\n<em><span style=\"font-size: 14pt; font-family: georgia, palatino;\">Le poste:- prestations<\/span><\/em><br \/>\n<em><span style=\"font-size: 14pt; font-family: georgia, palatino;\">Intitul\u00e9 du poste:- S<span class=\"text__translation\">p\u00e9cialiste<\/span> social<\/span><\/em><br \/>\n<em><span style=\"font-size: 14pt; font-family: georgia, palatino;\">troisi\u00e8me degr\u00e9<\/span><\/em><br \/>\n<em><span style=\"font-size: 14pt; font-family: georgia, palatino;\">Qualification<\/span><\/em><\/p>\n<p><em><span style=\"font-size: 14pt; font-family: georgia, palatino;\">service social<\/span><\/em><\/p>\n<hr \/>\n<p><em><span style=\"font-size: 14pt; font-family: georgia, palatino;\">Nom:- Iman Sabry Mohamed Abbas<\/span><\/em><br \/>\n<em><span style=\"font-size: 14pt; font-family: georgia, palatino;\">Intitul\u00e9 du poste:-Superviseuse sociale<\/span><\/em><\/p>\n<p><em><span style=\"font-size: 14pt; font-family: georgia, palatino;\">troisi\u00e8me degr\u00e9<\/span><\/em><\/p>\n<p><em><span style=\"font-size: 14pt; font-family: georgia, palatino;\">Qualification<\/span><\/em><\/p>\n<p><em><span style=\"font-size: 14pt; font-family: georgia, palatino;\">service social<\/span><\/em><\/p>\n","protected":false},"excerpt":{"rendered":"<p>T\u00e9l\u00e9phone interne:- 1285 Lieu:- B\u00e2timent administratif &#8211; deuxi\u00e8me \u00e9tage E-mail:- Admin.employees@sci.svu.edu.eg Nom:- Hoda Youssef Ismail Le poste consiste \u00e0 exercer les fonctions de directeur des ressources humaines Titre du poste [&hellip;]<\/p>\n","protected":false},"author":2,"featured_media":0,"parent":0,"menu_order":0,"comment_status":"closed","ping_status":"closed","template":"","meta":[],"jetpack_sharing_enabled":true,"_links":{"self":[{"href":"http:\/\/www.svu.edu.eg\/faculties\/sci\/wp-json\/wp\/v2\/pages\/5130"}],"collection":[{"href":"http:\/\/www.svu.edu.eg\/faculties\/sci\/wp-json\/wp\/v2\/pages"}],"about":[{"href":"http:\/\/www.svu.edu.eg\/faculties\/sci\/wp-json\/wp\/v2\/types\/page"}],"author":[{"embeddable":true,"href":"http:\/\/www.svu.edu.eg\/faculties\/sci\/wp-json\/wp\/v2\/users\/2"}],"replies":[{"embeddable":true,"href":"http:\/\/www.svu.edu.eg\/faculties\/sci\/wp-json\/wp\/v2\/comments?post=5130"}],"version-history":[{"count":2,"href":"http:\/\/www.svu.edu.eg\/faculties\/sci\/wp-json\/wp\/v2\/pages\/5130\/revisions"}],"predecessor-version":[{"id":5279,"href":"http:\/\/www.svu.edu.eg\/faculties\/sci\/wp-json\/wp\/v2\/pages\/5130\/revisions\/5279"}],"wp:attachment":[{"href":"http:\/\/www.svu.edu.eg\/faculties\/sci\/wp-json\/wp\/v2\/media?parent=5130"}],"curies":[{"name":"wp","href":"https:\/\/api.w.org\/{rel}","templated":true}]}}