{"id":5077,"date":"2020-12-22T20:16:25","date_gmt":"2020-12-22T20:16:25","guid":{"rendered":"http:\/\/www.svu.edu.eg\/faculties\/sci\/?page_id=5077"},"modified":"2022-02-24T07:58:53","modified_gmt":"2022-02-24T07:58:53","slug":"bureau-du-vice-doyen-des-services-environnementaux","status":"publish","type":"page","link":"http:\/\/www.svu.edu.eg\/faculties\/sci\/fr\/faculty-dean\/bureau-du-vice-doyen-des-services-environnementaux\/","title":{"rendered":"Bureau du vice-doyen des services environnementaux"},"content":{"rendered":"\n<p style=\"text-align:left\"><\/p>\n\n\n<p><em><span style=\"font-size: 14pt; font-family: georgia, palatino;\">Administration du bureau du vice-doyen aux affaires environnementales<\/span><\/em><\/p>\n<p><br \/><strong><em><span style=\"font-size: 14pt; font-family: georgia, palatino;\">t\u00e9l\u00e9phone interne<\/span><\/em><\/strong><\/p>\n<p><br \/><em><span style=\"font-size: 14pt; font-family: georgia, palatino;\"><strong>Lieu<\/strong>:- B\u00e2timent administratif &#8211; Troisi\u00e8me \u00e9tage &#8211; Salle 307<\/span><\/em><\/p>\n<p><br \/><em><span style=\"font-size: 14pt; font-family: georgia, palatino;\"><strong>Courriel<\/strong> : <span style=\"color: #0000ff;\">Vicedean.env@sci.svu.edu.eg<\/span><\/span><\/em><\/p>\n<p><br \/><em><span style=\"font-size: 14pt; font-family: georgia, palatino;\"><strong>Nom<\/strong>:- Esmat Mohamad Ahmad Abdallah<\/span><\/em><\/p>\n<p><br \/><em><span style=\"font-size: 14pt; font-family: georgia, palatino;\">Poste de secr\u00e9tariat d&#8217;agent<\/span><\/em><br \/><em><span style=\"font-size: 14pt; font-family: georgia, palatino;\">Titre du poste Technicien de laboratoire<\/span><\/em><br \/><em><span style=\"font-size: 14pt; font-family: georgia, palatino;\">premier degr\u00e9<\/span><\/em><\/p>\n<p><br \/><em><span style=\"font-size: 14pt; font-family: georgia, palatino;\">Dipl\u00f4me de commerce<\/span><\/em><\/p>\n\n\n<p style=\"text-align:left\"> <\/p>\n\n\n\n<p style=\"text-align:left\"> <\/p>\n\n\n\n<p style=\"text-align:left\"><\/p>\n\n\n\n<p style=\"text-align:left\"><\/p>\n\n\n\n<p style=\"text-align:left\"> <\/p>\n\n\n\n<p style=\"text-align:left\"><\/p>\n\n\n\n<p style=\"text-align:left\"><\/p>\n\n\n\n<p style=\"text-align:left\"><\/p>\n","protected":false},"excerpt":{"rendered":"<p>Administration du bureau du vice-doyen aux affaires environnementales t\u00e9l\u00e9phone interne Lieu:- B\u00e2timent administratif &#8211; Troisi\u00e8me \u00e9tage &#8211; Salle 307 Courriel : Vicedean.env@sci.svu.edu.eg Nom:- Esmat Mohamad Ahmad Abdallah Poste de secr\u00e9tariat [&hellip;]<\/p>\n","protected":false},"author":2,"featured_media":0,"parent":4902,"menu_order":0,"comment_status":"closed","ping_status":"closed","template":"","meta":[],"jetpack_sharing_enabled":true,"_links":{"self":[{"href":"http:\/\/www.svu.edu.eg\/faculties\/sci\/wp-json\/wp\/v2\/pages\/5077"}],"collection":[{"href":"http:\/\/www.svu.edu.eg\/faculties\/sci\/wp-json\/wp\/v2\/pages"}],"about":[{"href":"http:\/\/www.svu.edu.eg\/faculties\/sci\/wp-json\/wp\/v2\/types\/page"}],"author":[{"embeddable":true,"href":"http:\/\/www.svu.edu.eg\/faculties\/sci\/wp-json\/wp\/v2\/users\/2"}],"replies":[{"embeddable":true,"href":"http:\/\/www.svu.edu.eg\/faculties\/sci\/wp-json\/wp\/v2\/comments?post=5077"}],"version-history":[{"count":2,"href":"http:\/\/www.svu.edu.eg\/faculties\/sci\/wp-json\/wp\/v2\/pages\/5077\/revisions"}],"predecessor-version":[{"id":5264,"href":"http:\/\/www.svu.edu.eg\/faculties\/sci\/wp-json\/wp\/v2\/pages\/5077\/revisions\/5264"}],"up":[{"embeddable":true,"href":"http:\/\/www.svu.edu.eg\/faculties\/sci\/wp-json\/wp\/v2\/pages\/4902"}],"wp:attachment":[{"href":"http:\/\/www.svu.edu.eg\/faculties\/sci\/wp-json\/wp\/v2\/media?parent=5077"}],"curies":[{"name":"wp","href":"https:\/\/api.w.org\/{rel}","templated":true}]}}