{"id":5071,"date":"2020-12-22T20:12:41","date_gmt":"2020-12-22T20:12:41","guid":{"rendered":"http:\/\/www.svu.edu.eg\/faculties\/sci\/?page_id=5071"},"modified":"2022-02-24T07:45:09","modified_gmt":"2022-02-24T07:45:09","slug":"bureau-du-vice-doyen-aux-etudes-superieures-2","status":"publish","type":"page","link":"http:\/\/www.svu.edu.eg\/faculties\/sci\/fr\/vice-doyen-des-etudes-superieures-et-de-la-recherche\/bureau-du-vice-doyen-aux-etudes-superieures-2\/","title":{"rendered":"Bureau du vice-doyen des \u00e9tudes sup\u00e9rieures"},"content":{"rendered":"<p><\/p>\n<p>\u00a0<em><span style=\"font-size: 14pt; font-family: georgia, palatino;\"><strong>Administration<\/strong>:-Bureau du vice-doyen des \u00e9tudes sup\u00e9rieures \u00a0\u00a0<\/span><\/em><\/p>\n<p><em><span style=\"font-size: 14pt; font-family: georgia, palatino;\"> <\/span><\/em><\/p>\n<p><em><span style=\"font-size: 14pt; font-family: georgia, palatino;\"><strong>Tel<\/strong>:-1278<\/span><\/em><\/p>\n<p><em><span style=\"font-size: 14pt; font-family: georgia, palatino;\"> <\/span><\/em><\/p>\n<p><em><span style=\"font-size: 14pt; font-family: georgia, palatino;\"><strong>Lieu<\/strong>:- b\u00e2timent de l&#8217;administration &#8211; 3e \u00e9tage\u00a0<\/span><\/em><\/p>\n<p><em><span style=\"font-size: 14pt; font-family: georgia, palatino;\"> <\/span><\/em><\/p>\n<p><em><span style=\"font-size: 14pt; font-family: georgia, palatino;\"><strong>E-mail<\/strong>:-<span style=\"color: #3366ff;\">Vicedean.higher@sci.svu.edu.eg<\/span><\/span><\/em><\/p>\n<p><span style=\"font-size: 18pt;\"> <\/span><\/p>\n<p><span style=\"font-size: 18pt;\"><strong>Membres du Bureau<\/strong><\/span><\/p>\n<p><span style=\"font-size: 18pt;\"> <\/span><\/p>\n<p><em><span style=\"font-size: 14pt; font-family: georgia, palatino;\"><strong>Nom<\/strong>:-Fatma Mohamed Abo bakr<\/span><\/em><\/p>\n<p><em><span style=\"font-size: 14pt; font-family: georgia, palatino;\"> <\/span><\/em><\/p>\n<p><em><span style=\"font-size: 14pt; font-family: georgia, palatino;\"><strong>Fonction<\/strong>: -Secr\u00e9taire<\/span><\/em><\/p>\n<p><em><span style=\"font-size: 14pt; font-family: georgia, palatino;\"> <\/span><\/em><\/p>\n<p><em><span style=\"font-size: 14pt; font-family: georgia, palatino;\"><strong>Degr\u00e9<\/strong>:- Premier<\/span><\/em><\/p>\n<p><em><span style=\"font-size: 14pt; font-family: georgia, palatino;\"> <\/span><\/em><\/p>\n<p><em><span style=\"font-size: 14pt; font-family: georgia, palatino;\">Dipl\u00f4me\u00a0de\u00a0commerce<\/span><\/em><\/p>\n<p><\/p>\n\n\n\n\n<p style=\"text-align:left\"> \u00a0\u00a0<\/p>\n\n\n\n<p style=\"text-align:left\"><\/p>\n\n\n\n<p style=\"text-align:left\"><\/p>\n\n\n\n<p style=\"text-align:left\"> <\/p>\n\n\n\n<p style=\"text-align:left\"> <\/p>\n\n\n\n<p style=\"text-align:left\"><\/p>\n\n\n\n<p style=\"text-align:left\"> <\/p>\n\n\n\n<p style=\"text-align:left\"> <\/p>\n","protected":false},"excerpt":{"rendered":"<p>\u00a0Administration:-Bureau du vice-doyen des \u00e9tudes sup\u00e9rieures \u00a0\u00a0 Tel:-1278 Lieu:- b\u00e2timent de l&#8217;administration &#8211; 3e \u00e9tage\u00a0 E-mail:-Vicedean.higher@sci.svu.edu.eg Membres du Bureau Nom:-Fatma Mohamed Abo bakr Fonction: -Secr\u00e9taire Degr\u00e9:- Premier Dipl\u00f4me\u00a0de\u00a0commerce \u00a0\u00a0<\/p>\n","protected":false},"author":2,"featured_media":0,"parent":4909,"menu_order":0,"comment_status":"closed","ping_status":"closed","template":"","meta":[],"jetpack_sharing_enabled":true,"_links":{"self":[{"href":"http:\/\/www.svu.edu.eg\/faculties\/sci\/wp-json\/wp\/v2\/pages\/5071"}],"collection":[{"href":"http:\/\/www.svu.edu.eg\/faculties\/sci\/wp-json\/wp\/v2\/pages"}],"about":[{"href":"http:\/\/www.svu.edu.eg\/faculties\/sci\/wp-json\/wp\/v2\/types\/page"}],"author":[{"embeddable":true,"href":"http:\/\/www.svu.edu.eg\/faculties\/sci\/wp-json\/wp\/v2\/users\/2"}],"replies":[{"embeddable":true,"href":"http:\/\/www.svu.edu.eg\/faculties\/sci\/wp-json\/wp\/v2\/comments?post=5071"}],"version-history":[{"count":2,"href":"http:\/\/www.svu.edu.eg\/faculties\/sci\/wp-json\/wp\/v2\/pages\/5071\/revisions"}],"predecessor-version":[{"id":5262,"href":"http:\/\/www.svu.edu.eg\/faculties\/sci\/wp-json\/wp\/v2\/pages\/5071\/revisions\/5262"}],"up":[{"embeddable":true,"href":"http:\/\/www.svu.edu.eg\/faculties\/sci\/wp-json\/wp\/v2\/pages\/4909"}],"wp:attachment":[{"href":"http:\/\/www.svu.edu.eg\/faculties\/sci\/wp-json\/wp\/v2\/media?parent=5071"}],"curies":[{"name":"wp","href":"https:\/\/api.w.org\/{rel}","templated":true}]}}