{"id":5063,"date":"2020-12-22T20:09:20","date_gmt":"2020-12-22T20:09:20","guid":{"rendered":"http:\/\/www.svu.edu.eg\/faculties\/sci\/?page_id=5063"},"modified":"2022-02-24T08:05:33","modified_gmt":"2022-02-24T08:05:33","slug":"bureau-du-vice-doyen-de-leducation","status":"publish","type":"page","link":"http:\/\/www.svu.edu.eg\/faculties\/sci\/fr\/bureau-du-vice-doyen-de-leducation\/","title":{"rendered":"Bureau du vice-doyen"},"content":{"rendered":"<p><span style=\"color: #000000; font-family: georgia, palatino;\"><em><span style=\"font-size: 14pt;\">Administration du bureau du vice-doyen<\/span><\/em><\/span><\/p>\n<p><span style=\"color: #000000; font-family: georgia, palatino;\"><em><span style=\"font-size: 14pt;\"><strong>Tel:-<\/strong>1278<\/span><\/em><\/span><\/p>\n<p><span style=\"color: #000000; font-family: georgia, palatino;\"><em><span style=\"font-size: 14pt;\"><strong>Lieu:-<\/strong> B\u00e2timent administratif &#8211; Troisi\u00e8me \u00e9tage &#8211; Salle 308<\/span><\/em><\/span><\/p>\n<p><span style=\"color: #000000; font-family: georgia, palatino;\"><em><span style=\"font-size: 14pt;\">\u00a0<strong>E-mail:<\/strong>&#8211; <span style=\"color: #000080;\">Vicedean.edu@sci.svu.edu.eg<\/span><\/span><\/em><\/span><\/p>\n<p><span style=\"color: #000000; font-family: georgia, palatino;\"><em><span style=\"font-size: 14pt;\"><strong>Nom:-<\/strong> Essam Salah El-Din Ibrahim<\/span><\/em><\/span><\/p>\n<p><span style=\"color: #000000; font-family: georgia, palatino;\"><em><span style=\"font-size: 14pt;\">Poste de secr\u00e9tariat d&#8217;agent<\/span><\/em><\/span><\/p>\n<p><span style=\"color: #000000; font-family: georgia, palatino;\"><em><span style=\"font-size: 14pt;\"><strong>Titre du poste:-<\/strong> technicien de laboratoire<\/span><\/em><\/span><\/p>\n<p><span style=\"color: #000000; font-family: georgia, palatino;\"><em><span style=\"font-size: 14pt;\">Deuxi\u00e8me degr\u00e9<\/span><\/em><\/span><\/p>\n<p><span style=\"color: #000000; font-family: georgia, palatino;\"><em><span style=\"font-size: 14pt;\">Dipl\u00f4me de qualification en agriculture<\/span><\/em><\/span><\/p>\n","protected":false},"excerpt":{"rendered":"<p>Administration du bureau du vice-doyen Tel:-1278 Lieu:- B\u00e2timent administratif &#8211; Troisi\u00e8me \u00e9tage &#8211; Salle 308 \u00a0E-mail:&#8211; Vicedean.edu@sci.svu.edu.eg Nom:- Essam Salah El-Din Ibrahim Poste de secr\u00e9tariat d&#8217;agent Titre du poste:- technicien [&hellip;]<\/p>\n","protected":false},"author":2,"featured_media":0,"parent":0,"menu_order":0,"comment_status":"closed","ping_status":"closed","template":"","meta":[],"jetpack_sharing_enabled":true,"_links":{"self":[{"href":"http:\/\/www.svu.edu.eg\/faculties\/sci\/wp-json\/wp\/v2\/pages\/5063"}],"collection":[{"href":"http:\/\/www.svu.edu.eg\/faculties\/sci\/wp-json\/wp\/v2\/pages"}],"about":[{"href":"http:\/\/www.svu.edu.eg\/faculties\/sci\/wp-json\/wp\/v2\/types\/page"}],"author":[{"embeddable":true,"href":"http:\/\/www.svu.edu.eg\/faculties\/sci\/wp-json\/wp\/v2\/users\/2"}],"replies":[{"embeddable":true,"href":"http:\/\/www.svu.edu.eg\/faculties\/sci\/wp-json\/wp\/v2\/comments?post=5063"}],"version-history":[{"count":2,"href":"http:\/\/www.svu.edu.eg\/faculties\/sci\/wp-json\/wp\/v2\/pages\/5063\/revisions"}],"predecessor-version":[{"id":5260,"href":"http:\/\/www.svu.edu.eg\/faculties\/sci\/wp-json\/wp\/v2\/pages\/5063\/revisions\/5260"}],"wp:attachment":[{"href":"http:\/\/www.svu.edu.eg\/faculties\/sci\/wp-json\/wp\/v2\/media?parent=5063"}],"curies":[{"name":"wp","href":"https:\/\/api.w.org\/{rel}","templated":true}]}}