{"id":5056,"date":"2020-12-22T19:50:13","date_gmt":"2020-12-22T19:50:13","guid":{"rendered":"http:\/\/www.svu.edu.eg\/faculties\/sci\/?page_id=5056"},"modified":"2022-02-22T08:01:49","modified_gmt":"2022-02-22T08:01:49","slug":"centre-scientifique-de-la-reforme-et-dentretien","status":"publish","type":"page","link":"http:\/\/www.svu.edu.eg\/faculties\/sci\/fr\/le-manuel\/centre-scientifique-de-la-reforme-et-dentretien\/","title":{"rendered":"Protocole de coop\u00e9ration entre le Centre scientifique de r\u00e9paration, d\u2019entretien et de formation et l\u2019Universit\u00e9 du sud de la vall\u00e9e \u00e0 Qena"},"content":{"rendered":"<p><em><span style=\"font-size: 14pt; font-family: georgia, palatino;\">L<strong>e protocole a \u00e9t\u00e9 sign\u00e9 mercredi 17\/7\/2019 dans le cadre des efforts nationaux visant \u00e0 orienter l&#8217;activit\u00e9 du Syndicat des m\u00e9tiers pour soutenir le programme de d\u00e9veloppement du pays en tant que Syndicat de parrainage de la recherche scientifique, il a cr\u00e9\u00e9 une institution d&#8217;\u00e9conomiser des millions de livres \u00e0 des investissements sous la forme des dispositifs d\u00e9sactiv\u00e9s dans tous les instituts de recherche du pays et l&#8217;entreprise sous le nom\u2026 Le Centre Scientifique de r\u00e9forme, de maintenance et de formation par une \u00e9quipe des experts sp\u00e9cialis\u00e9s dans le domaine des \u00e9quipements scientifiques et de ses fournitures.<\/strong><\/span><\/em><\/p>\n\n\n<p style=\"text-align:left\">\u00a0<\/p>\n","protected":false},"excerpt":{"rendered":"<p>Le protocole a \u00e9t\u00e9 sign\u00e9 mercredi 17\/7\/2019 dans le cadre des efforts nationaux visant \u00e0 orienter l&#8217;activit\u00e9 du Syndicat des m\u00e9tiers pour soutenir le programme de d\u00e9veloppement du pays en [&hellip;]<\/p>\n","protected":false},"author":2,"featured_media":0,"parent":5020,"menu_order":0,"comment_status":"closed","ping_status":"closed","template":"","meta":[],"jetpack_sharing_enabled":true,"_links":{"self":[{"href":"http:\/\/www.svu.edu.eg\/faculties\/sci\/wp-json\/wp\/v2\/pages\/5056"}],"collection":[{"href":"http:\/\/www.svu.edu.eg\/faculties\/sci\/wp-json\/wp\/v2\/pages"}],"about":[{"href":"http:\/\/www.svu.edu.eg\/faculties\/sci\/wp-json\/wp\/v2\/types\/page"}],"author":[{"embeddable":true,"href":"http:\/\/www.svu.edu.eg\/faculties\/sci\/wp-json\/wp\/v2\/users\/2"}],"replies":[{"embeddable":true,"href":"http:\/\/www.svu.edu.eg\/faculties\/sci\/wp-json\/wp\/v2\/comments?post=5056"}],"version-history":[{"count":1,"href":"http:\/\/www.svu.edu.eg\/faculties\/sci\/wp-json\/wp\/v2\/pages\/5056\/revisions"}],"predecessor-version":[{"id":5057,"href":"http:\/\/www.svu.edu.eg\/faculties\/sci\/wp-json\/wp\/v2\/pages\/5056\/revisions\/5057"}],"up":[{"embeddable":true,"href":"http:\/\/www.svu.edu.eg\/faculties\/sci\/wp-json\/wp\/v2\/pages\/5020"}],"wp:attachment":[{"href":"http:\/\/www.svu.edu.eg\/faculties\/sci\/wp-json\/wp\/v2\/media?parent=5056"}],"curies":[{"name":"wp","href":"https:\/\/api.w.org\/{rel}","templated":true}]}}