{"id":5053,"date":"2020-12-22T19:10:24","date_gmt":"2020-12-22T19:10:24","guid":{"rendered":"http:\/\/www.svu.edu.eg\/faculties\/sci\/?page_id=5053"},"modified":"2021-12-26T09:13:45","modified_gmt":"2021-12-26T09:13:45","slug":"reserves-naturelles","status":"publish","type":"page","link":"http:\/\/www.svu.edu.eg\/faculties\/sci\/fr\/le-manuel\/reserves-naturelles\/","title":{"rendered":"Protocole de coop\u00e9ration avec le secteur des r\u00e9serves naturelles"},"content":{"rendered":"<p><em><span style=\"font-size: 14pt;\"><strong data-rich-text-format-boundary=\"true\">Signature d\u2019un protocole de coop\u00e9ration entre la Facult\u00e9 des sciences<\/strong><\/span><\/em><\/p>\n<p><span style=\"font-size: 14pt;\"><em><strong data-rich-text-format-boundary=\"true\">Affaires environnementales secteur des r\u00e9serves naturelles<\/strong><\/em><\/span><\/p>\n<p><em><span style=\"font-size: 14pt;\">Sous les auspices du professeur Mohamed Mahjoub Azouz, doyen de la<\/span><\/em><\/p>\n<p><em><span style=\"font-size: 14pt;\"> Facult\u00e9, une s\u00e9ance de consultation a eu lieu aujourd\u2019hui pour convenir<\/span><\/em><\/p>\n<p><em><span style=\"font-size: 14pt;\"> d\u2019un protocole de coop\u00e9ration entre la Facult\u00e9 des sciences et le Secteur<\/span><\/em><\/p>\n<p><em><span style=\"font-size: 14pt;\"> des r\u00e9serves naturelles. La s\u00e9ance de consultation a \u00e9t\u00e9 anim\u00e9e par<\/span><\/em><\/p>\n<p><em><span style=\"font-size: 14pt;\"> Dr. Khaled Walid Abd El Fattah, directeur de l\u2019unit\u00e9 d\u2019assurance de la<\/span><\/em><\/p>\n<p><em><span style=\"font-size: 14pt;\"> qualit\u00e9. Dr Mohamed Aweis Badry, directeur de l\u2019unit\u00e9 de service<\/span><\/em><\/p>\n<p><em><span style=\"font-size: 14pt;\"> communautaire, Dr Marfat Ahmed Badaye, vice &#8211; directeur de l\u2019unit\u00e9 de<\/span><\/em><\/p>\n<p><em><span style=\"font-size: 14pt;\"> l\u2019assurance de la qualit\u00e9 de la facult\u00e9,\u00a0<\/span><\/em><\/p>\n<p>\u00a0<\/p>\n\n\n<figure class=\"wp-block-image\"><img decoding=\"async\" src=\"http:\/\/www.svu.edu.eg\/faculties\/sci\/wp-content\/uploads\/2021\/12\/329-1024x768-1024x768.jpg\" alt=\"\" class=\"wp-image-8700\"\/><\/figure>\n","protected":false},"excerpt":{"rendered":"<p>Signature d\u2019un protocole de coop\u00e9ration entre la Facult\u00e9 des sciences Affaires environnementales secteur des r\u00e9serves naturelles Sous les auspices du professeur Mohamed Mahjoub Azouz, doyen de la Facult\u00e9, une s\u00e9ance [&hellip;]<\/p>\n","protected":false},"author":2,"featured_media":0,"parent":5020,"menu_order":0,"comment_status":"closed","ping_status":"closed","template":"","meta":[],"jetpack_sharing_enabled":true,"_links":{"self":[{"href":"http:\/\/www.svu.edu.eg\/faculties\/sci\/wp-json\/wp\/v2\/pages\/5053"}],"collection":[{"href":"http:\/\/www.svu.edu.eg\/faculties\/sci\/wp-json\/wp\/v2\/pages"}],"about":[{"href":"http:\/\/www.svu.edu.eg\/faculties\/sci\/wp-json\/wp\/v2\/types\/page"}],"author":[{"embeddable":true,"href":"http:\/\/www.svu.edu.eg\/faculties\/sci\/wp-json\/wp\/v2\/users\/2"}],"replies":[{"embeddable":true,"href":"http:\/\/www.svu.edu.eg\/faculties\/sci\/wp-json\/wp\/v2\/comments?post=5053"}],"version-history":[{"count":1,"href":"http:\/\/www.svu.edu.eg\/faculties\/sci\/wp-json\/wp\/v2\/pages\/5053\/revisions"}],"predecessor-version":[{"id":5054,"href":"http:\/\/www.svu.edu.eg\/faculties\/sci\/wp-json\/wp\/v2\/pages\/5053\/revisions\/5054"}],"up":[{"embeddable":true,"href":"http:\/\/www.svu.edu.eg\/faculties\/sci\/wp-json\/wp\/v2\/pages\/5020"}],"wp:attachment":[{"href":"http:\/\/www.svu.edu.eg\/faculties\/sci\/wp-json\/wp\/v2\/media?parent=5053"}],"curies":[{"name":"wp","href":"https:\/\/api.w.org\/{rel}","templated":true}]}}