{"id":5047,"date":"2020-12-22T18:35:20","date_gmt":"2020-12-22T18:35:20","guid":{"rendered":"http:\/\/www.svu.edu.eg\/faculties\/sci\/?page_id=5047"},"modified":"2022-02-22T07:53:49","modified_gmt":"2022-02-22T07:53:49","slug":"lindustrie-du-ciment","status":"publish","type":"page","link":"http:\/\/www.svu.edu.eg\/faculties\/sci\/fr\/le-manuel\/lindustrie-du-ciment\/","title":{"rendered":"protocole de coop\u00e9ration avec l\u2019industrie du ciment"},"content":{"rendered":"<p><strong><em><span style=\"font-family: georgia, palatino; font-size: 14pt;\">protocole de coop\u00e9ration avec l\u2019industrie du ciment<\/span><\/em><\/strong><\/p>\n<p><em><span style=\"font-family: georgia, palatino; font-size: 14pt;\">Gr\u00e2ce aux efforts de la facult\u00e9 pour \u00e9tablir des partenariats efficaces avec les parties communautaires.La facult\u00e9 a effectu\u00e9 une visite dans une cimenterie le mardi 25\/2\/2020, du but de consulter sur les modalit\u00e9s de coop\u00e9ration entre la facult\u00e9 et l&#8217;usine.\u00a0Prof.Dr. Mohamed Mahgoub, Dr.Prof. Hemili Abd El-Shafi,Prof.Dr. Khaled bin El-Waleed Abd El-Fattah,Prof. Khaled Saed Mohamed,Prof.Dr. Hesham Ahmed Hussein,Dr. Mohamed Owais,Dr.Abd El -Mawgoed Mohamed Mahmoud, Dr. Esmat Mohamed Ahmed ont particip\u00e9 \u00e0 la visite.<\/span><\/em><\/p>\n","protected":false},"excerpt":{"rendered":"<p>protocole de coop\u00e9ration avec l\u2019industrie du ciment Gr\u00e2ce aux efforts de la facult\u00e9 pour \u00e9tablir des partenariats efficaces avec les parties communautaires.La facult\u00e9 a effectu\u00e9 une visite dans une cimenterie [&hellip;]<\/p>\n","protected":false},"author":2,"featured_media":2480,"parent":5020,"menu_order":0,"comment_status":"closed","ping_status":"closed","template":"","meta":[],"jetpack_sharing_enabled":true,"_links":{"self":[{"href":"http:\/\/www.svu.edu.eg\/faculties\/sci\/wp-json\/wp\/v2\/pages\/5047"}],"collection":[{"href":"http:\/\/www.svu.edu.eg\/faculties\/sci\/wp-json\/wp\/v2\/pages"}],"about":[{"href":"http:\/\/www.svu.edu.eg\/faculties\/sci\/wp-json\/wp\/v2\/types\/page"}],"author":[{"embeddable":true,"href":"http:\/\/www.svu.edu.eg\/faculties\/sci\/wp-json\/wp\/v2\/users\/2"}],"replies":[{"embeddable":true,"href":"http:\/\/www.svu.edu.eg\/faculties\/sci\/wp-json\/wp\/v2\/comments?post=5047"}],"version-history":[{"count":2,"href":"http:\/\/www.svu.edu.eg\/faculties\/sci\/wp-json\/wp\/v2\/pages\/5047\/revisions"}],"predecessor-version":[{"id":5050,"href":"http:\/\/www.svu.edu.eg\/faculties\/sci\/wp-json\/wp\/v2\/pages\/5047\/revisions\/5050"}],"up":[{"embeddable":true,"href":"http:\/\/www.svu.edu.eg\/faculties\/sci\/wp-json\/wp\/v2\/pages\/5020"}],"wp:featuredmedia":[{"embeddable":true,"href":"http:\/\/www.svu.edu.eg\/faculties\/sci\/wp-json\/wp\/v2\/media\/2480"}],"wp:attachment":[{"href":"http:\/\/www.svu.edu.eg\/faculties\/sci\/wp-json\/wp\/v2\/media?parent=5047"}],"curies":[{"name":"wp","href":"https:\/\/api.w.org\/{rel}","templated":true}]}}