{"id":5023,"date":"2020-12-22T16:27:19","date_gmt":"2020-12-22T16:27:19","guid":{"rendered":"http:\/\/www.svu.edu.eg\/faculties\/sci\/?page_id=5023"},"modified":"2022-02-21T09:51:05","modified_gmt":"2022-02-21T09:51:05","slug":"les-objectifs","status":"publish","type":"page","link":"http:\/\/www.svu.edu.eg\/faculties\/sci\/fr\/les-objectifs\/","title":{"rendered":"Les objectifs"},"content":{"rendered":"<p><em><strong><span style=\"font-size: 18pt; font-family: georgia, palatino;\">*Le premier objectif: fournir \u00e0 la communaut\u00e9 un dipl\u00f4m\u00e9 distingu\u00e9 avec une capacit\u00e9 comp\u00e9titive au travail:-<\/span><\/strong><\/em><\/p>\n<p><span style=\"font-family: georgia, palatino;\"><em><strong><span style=\"font-size: 18pt;\">*Le premier objectif : fournir \u00e0 la communaut\u00e9 un dipl\u00f4m\u00e9 distingu\u00e9 avec une capacit\u00e9 comp\u00e9titive au travail:-<\/span><\/strong><\/em><\/span><\/p>\n<p><em><span style=\"font-family: georgia, palatino; font-size: 14pt;\">1- Am\u00e9liorer l&#8217;environnement \u00e9ducatif conform\u00e9ment aux normes nationales<\/span><\/em><\/p>\n<p><em><span style=\"font-family: georgia, palatino; font-size: 14pt;\">2- D\u00e9veloppement continu des programmes \u00e9ducatifs<\/span><\/em><\/p>\n<p><em><span style=\"font-family: georgia, palatino; font-size: 14pt;\">3- D\u00e9velopper les comp\u00e9tences des \u00e9tudiants<\/span><\/em><\/p>\n<p><em><span style=\"font-family: georgia, palatino; font-size: 14pt;\">4- D\u00e9velopper les comp\u00e9tences du\u00a0corps professoral \u00a0pour r\u00e9pondre aux profils des dipl\u00f4m\u00e9s<\/span><\/em><\/p>\n<p><em><span style=\"font-family: georgia, palatino; font-size: 14pt;\">5- La mont\u00e9e en comp\u00e9tence de l&#8217;administration<\/span><\/em><\/p>\n<p><em><strong><span style=\"font-size: 18pt; font-family: georgia, palatino;\">*Le deuxi\u00e8me objectif : d\u00e9velopper programmes des \u00e9tudes sup\u00e9rieures et\u00a0 de la recherche scientifique:-<\/span><\/strong><\/em><\/p>\n<p><span style=\"font-size: 14pt; font-family: georgia, palatino;\"><em>6- \u00c9valuation continue des programmes de troisi\u00e8me cycle<\/em><\/span><\/p>\n<p><span style=\"font-size: 14pt; font-family: georgia, palatino;\"><em>7- Am\u00e9liorer l&#8217;environnement de la recherche<\/em><\/span><\/p>\n<p><span style=\"font-size: 14pt; font-family: georgia, palatino;\"><em>8-\u00c9laboration d&#8217;un plan de recherche annuel<\/em><\/span><\/p>\n<p><span style=\"font-family: georgia, palatino;\"><em><strong><span style=\"font-size: 18pt;\">*Le troisi\u00e8me objectif : participer au d\u00e9veloppement au service de l&#8217;environnement et du d\u00e9veloppement communautaire:-<\/span><\/strong><\/em><\/span><\/p>\n<p><em><span style=\"font-size: 14pt; font-family: georgia, palatino;\">9-D\u00e9velopper la conscience environnementale de la communaut\u00e9<\/span><\/em><\/p>\n<p><em><span style=\"font-size: 14pt; font-family: georgia, palatino;\">10-D\u00e9velopper la performance des unit\u00e9s \u00e0 caract\u00e8re particulier<\/span><\/em><\/p>\n<p><em><span style=\"font-size: 14pt; font-family: georgia, palatino;\">11-D\u00e9velopper la notori\u00e9t\u00e9 nationale<\/span><\/em><\/p>\n","protected":false},"excerpt":{"rendered":"<p>*Le premier objectif: fournir \u00e0 la communaut\u00e9 un dipl\u00f4m\u00e9 distingu\u00e9 avec une capacit\u00e9 comp\u00e9titive au travail:- *Le premier objectif : fournir \u00e0 la communaut\u00e9 un dipl\u00f4m\u00e9 distingu\u00e9 avec une capacit\u00e9 [&hellip;]<\/p>\n","protected":false},"author":2,"featured_media":0,"parent":0,"menu_order":0,"comment_status":"closed","ping_status":"closed","template":"","meta":[],"jetpack_sharing_enabled":true,"_links":{"self":[{"href":"http:\/\/www.svu.edu.eg\/faculties\/sci\/wp-json\/wp\/v2\/pages\/5023"}],"collection":[{"href":"http:\/\/www.svu.edu.eg\/faculties\/sci\/wp-json\/wp\/v2\/pages"}],"about":[{"href":"http:\/\/www.svu.edu.eg\/faculties\/sci\/wp-json\/wp\/v2\/types\/page"}],"author":[{"embeddable":true,"href":"http:\/\/www.svu.edu.eg\/faculties\/sci\/wp-json\/wp\/v2\/users\/2"}],"replies":[{"embeddable":true,"href":"http:\/\/www.svu.edu.eg\/faculties\/sci\/wp-json\/wp\/v2\/comments?post=5023"}],"version-history":[{"count":2,"href":"http:\/\/www.svu.edu.eg\/faculties\/sci\/wp-json\/wp\/v2\/pages\/5023\/revisions"}],"predecessor-version":[{"id":5237,"href":"http:\/\/www.svu.edu.eg\/faculties\/sci\/wp-json\/wp\/v2\/pages\/5023\/revisions\/5237"}],"wp:attachment":[{"href":"http:\/\/www.svu.edu.eg\/faculties\/sci\/wp-json\/wp\/v2\/media?parent=5023"}],"curies":[{"name":"wp","href":"https:\/\/api.w.org\/{rel}","templated":true}]}}