{"id":5017,"date":"2020-12-22T16:18:33","date_gmt":"2020-12-22T16:18:33","guid":{"rendered":"http:\/\/www.svu.edu.eg\/faculties\/sci\/?page_id=5017"},"modified":"2022-02-21T09:20:59","modified_gmt":"2022-02-21T09:20:59","slug":"la-breve","status":"publish","type":"page","link":"http:\/\/www.svu.edu.eg\/faculties\/sci\/fr\/la-breve\/","title":{"rendered":"La br\u00e8ve"},"content":{"rendered":"\n<div class=\"wp-block-image\"><figure class=\"aligncenter is-resized\"><img decoding=\"async\" loading=\"lazy\" src=\"http:\/\/www.svu.edu.eg\/faculties\/sci\/wp-content\/uploads\/2019\/12\/10-300x85.jpg\" alt=\"\" width=\"370\" height=\"105\"\/><\/figure><\/div>\n\n\n<p><br>\n<br>\n<!--StartFragment--><\/p>\n\n<p><\/p>\n<p><em><span style=\"font-size: 14pt; font-family: georgia, palatino;\">La facult\u00e9 des sciences a \u00e9t\u00e9 d\u00e9sireus\u00e9 de devenir l\u2019une des meilleurs facult\u00e9s aux niveaux locals, r\u00e9gional et international et d\u2019atteindre cet objectif en augmentant le niveau de performance dans tous les aspects, en particulier l\u2019acad\u00e9mie, en fournissant les environnements appropri\u00e9s pour offrir une \u00e9ducation exceptionnelle et un apprentissage efficace, et en r\u00e9alisant des \u00e9tudes et des projets de recherche de grande qualit\u00e9<\/span><\/em><\/p>\n<p> <\/p>\n<p>\u00a0<em><span style=\"font-size: 14pt; font-family: georgia, palatino;\">La facult\u00e9 travaille \u00e9galement \u00e0 l\u2019\u00e9laboration des programmes \u00e9ducatifs qui sont caract\u00e9ris\u00e9s par le r\u00f4le de l\u2019\u00e9tudiant et la stimulation de sa propri\u00e9t\u00e9 intellectuelle en combinant les aspects th\u00e9oriques et appliqu\u00e9s des \u00e9tudiants qui sont en mesure de relier leur apprentissage \u00e0 leur avenir exp\u00e9riences et d\u00e9velopper leurs exp\u00e9riences ant\u00e9rieures.<\/span><\/em><\/p>\n<p> <\/p>\n<p>\u00a0<em><span style=\"font-size: 14pt; font-family: georgia, palatino;\">Utiliser toutes les sources d\u2019\u00e9ducation pour obtenir et utiliser efficacement les connaissances dans le d\u00e9veloppement de leurs disciplines professionnelles.<\/span><\/em><\/p>\n<p> <\/p>\n<p><em><span style=\"font-size: 18pt; font-family: georgia, palatino;\">*<\/span><strong><span style=\"font-size: 18pt; font-family: georgia, palatino;\">La facult\u00e9 s\u2019efforce d\u2019atteindre ses objectifs strat\u00e9giques:-<\/span><\/strong><\/em><\/p>\n<p> <\/p>\n<p><em><span style=\"font-size: 14pt; font-family: georgia, palatino;\">-Coop\u00e9ration avec les universit\u00e9s et les institutions scientifiques, r\u00e9gionales et internationales.<\/span><\/em><br \/><em><span style=\"font-size: 14pt; font-family: georgia, palatino;\">\u2013 R\u00e9alisation des \u00e9tudes de recherche appliqu\u00e9e cibl\u00e9e.<\/span><\/em><br \/><em><span style=\"font-size: 14pt; font-family: georgia, palatino;\">\u2013 Fournir un service d\u2019\u00e9ducation de qualit\u00e9 pour fournir du travail des dipl\u00f4m\u00e9s hautement qualifi\u00e9s.<\/span><\/em><br \/><em><span style=\"font-size: 14pt; font-family: georgia, palatino;\">\u2013 Fournir des services communautaires et des conseils scientifiques exceptionnels \u00e0 la soci\u00e9t\u00e9 du sud de la vall\u00e9e.<\/span><\/em><br \/><em><span style=\"font-size: 14pt; font-family: georgia, palatino;\">-Formation et am\u00e9lioration continue dans le domaine universitaire pour suivre le progr\u00e8s scientifique.<\/span><\/em><\/p>\n<p> <\/p>\n<p><strong><em><span style=\"font-size: 18pt; font-family: georgia, palatino;\">*La facult\u00e9 des sciences de Qana comprend les sections suivantes:-<\/span><\/em><\/strong><\/p>\n<p> <\/p>\n<p><em><span style=\"font-size: 14pt; font-family: georgia, palatino;\">-D\u00e9partement de g\u00e9ologie<\/span><\/em><\/p>\n<p><em><span style=\"font-size: 14pt; font-family: georgia, palatino;\"> <\/span><\/em><\/p>\n<p><em><span style=\"font-size: 14pt; font-family: georgia, palatino;\">&#8211; D\u00e9partement de chimie<\/span><\/em><\/p>\n<p><em><span style=\"font-size: 14pt; font-family: georgia, palatino;\"> <\/span><\/em><\/p>\n<p><em><span style=\"font-size: 14pt; font-family: georgia, palatino;\">&#8211; D\u00e9partement de Math\u00e9matiques<\/span><\/em><\/p>\n<p><em><span style=\"font-size: 14pt; font-family: georgia, palatino;\"> <\/span><\/em><\/p>\n<p><em><span style=\"font-size: 14pt; font-family: georgia, palatino;\">&#8211; D\u00e9partement de physique<\/span><\/em><\/p>\n<p><em><span style=\"font-size: 14pt; font-family: georgia, palatino;\"> <\/span><\/em><\/p>\n<p><em><span style=\"font-size: 14pt; font-family: georgia, palatino;\">&#8211; D\u00e9partement de botanique<\/span><\/em><\/p>\n<p><em><span style=\"font-size: 14pt; font-family: georgia, palatino;\"> <\/span><\/em><\/p>\n<p><em><span style=\"font-size: 14pt; font-family: georgia, palatino;\">&#8211; D\u00e9partement de zoologie<\/span><\/em><\/p>\n<p>\u00a0<\/p>\n\n\n<p style=\"text-align:left\"><\/p>\n\n\n\n<p style=\"text-align:left\">\u00a0<\/p>\n\n\n\n<p style=\"text-align:left\">\u00a0<\/p>\n\n\n\n<p style=\"text-align:left\"><\/p>\n\n\n\n<p style=\"text-align:left\">\u00a0<\/p>\n\n\n\n<p style=\"text-align:left\"><\/p>\n\n\n\n<p style=\"text-align:left\"><\/p>\n\n\n<p><!--EndFragment--><br \/><br \/><\/p>","protected":false},"excerpt":{"rendered":"<p>La facult\u00e9 des sciences a \u00e9t\u00e9 d\u00e9sireus\u00e9 de devenir l\u2019une des meilleurs facult\u00e9s aux niveaux locals, r\u00e9gional et international et d\u2019atteindre cet objectif en augmentant le niveau de performance dans [&hellip;]<\/p>\n","protected":false},"author":2,"featured_media":0,"parent":0,"menu_order":0,"comment_status":"closed","ping_status":"closed","template":"","meta":[],"jetpack_sharing_enabled":true,"_links":{"self":[{"href":"http:\/\/www.svu.edu.eg\/faculties\/sci\/wp-json\/wp\/v2\/pages\/5017"}],"collection":[{"href":"http:\/\/www.svu.edu.eg\/faculties\/sci\/wp-json\/wp\/v2\/pages"}],"about":[{"href":"http:\/\/www.svu.edu.eg\/faculties\/sci\/wp-json\/wp\/v2\/types\/page"}],"author":[{"embeddable":true,"href":"http:\/\/www.svu.edu.eg\/faculties\/sci\/wp-json\/wp\/v2\/users\/2"}],"replies":[{"embeddable":true,"href":"http:\/\/www.svu.edu.eg\/faculties\/sci\/wp-json\/wp\/v2\/comments?post=5017"}],"version-history":[{"count":2,"href":"http:\/\/www.svu.edu.eg\/faculties\/sci\/wp-json\/wp\/v2\/pages\/5017\/revisions"}],"predecessor-version":[{"id":5236,"href":"http:\/\/www.svu.edu.eg\/faculties\/sci\/wp-json\/wp\/v2\/pages\/5017\/revisions\/5236"}],"wp:attachment":[{"href":"http:\/\/www.svu.edu.eg\/faculties\/sci\/wp-json\/wp\/v2\/media?parent=5017"}],"curies":[{"name":"wp","href":"https:\/\/api.w.org\/{rel}","templated":true}]}}