{"id":5003,"date":"2020-12-22T10:26:16","date_gmt":"2020-12-22T10:26:16","guid":{"rendered":"http:\/\/www.svu.edu.eg\/faculties\/sci\/?page_id=5003"},"modified":"2022-01-12T22:56:09","modified_gmt":"2022-01-12T22:56:09","slug":"musee-du-departement-de-zoologie","status":"publish","type":"page","link":"http:\/\/www.svu.edu.eg\/faculties\/sci\/fr\/musee-du-departement-de-zoologie\/","title":{"rendered":"Mus\u00e9e du d\u00e9partement de zoologie"},"content":{"rendered":"\n<p style=\"text-align:center\" dir=\"ltr\">   <\/p>\n\n\n<p style=\"text-align: center;\"><span style=\"font-family: georgia, palatino;\"><em><strong><span style=\"font-size: 18pt;\">Mus\u00e9e du d\u00e9partement de zoologie<\/span><\/strong><\/em><\/span>\u00a0<\/p>\n<p><span style=\"font-family: georgia, palatino;\"><em><span style=\"font-size: 14pt;\"><strong>Le mus\u00e9e a \u00e9t\u00e9 cr\u00e9\u00e9 \u00e0 Qena en 1993<\/strong><strong>,<\/strong> <strong>o\u00f9 le mus\u00e9e appartenait \u00e0 l\u2019Universit\u00e9 d\u2019Asiout.Le mus\u00e9e a \u00e9t\u00e9 cr\u00e9\u00e9 \u00e0 l&#8217;\u00e9poque le professeur Reda Mohamed Khalil, chef du d\u00e9partement.Avant d&#8217;achever la pr\u00e9paration du mus\u00e9e, celui-ci a \u00e9t\u00e9 achev\u00e9 par Prof. Mohamed Zaki Youssef Ali, chef du d\u00e9partement suivant<\/strong><\/span><\/em><\/span><\/p>\n<p><span style=\"font-family: georgia, palatino;\"><em><span style=\"font-size: 14pt;\"><strong>\u00a0 Il contient un groupe de diff\u00e9rents \u00e9chantillons de mus\u00e9e, qui ont \u00e9t\u00e9 collect\u00e9s dans diff\u00e9rentes r\u00e9gions de la R\u00e9publique arabe d&#8217;\u00c9gypte au cours des derni\u00e8res ann\u00e9es.Ces groupes repr\u00e9sentent la plupart des classes du r\u00e8gne animal,o\u00f9 ils contribuent au processus d&#8217;auto-apprentissage, et sont \u00e9galement utilis\u00e9s dans les sections pratiques.Il est consid\u00e9r\u00e9 comme un sanctuaire pour les \u00e9tudiants et pour certains voyages scientifiques pour les \u00e9tudiants en niveaux d&#8217;\u00e9ducation.<\/strong><\/span><\/em><\/span><\/p>\n\n\n<p style=\"text-align:left\">&nbsp;&nbsp;<\/p>\n\n\n<p><span style=\"font-family: georgia, palatino;\"><em><span style=\"font-size: 18pt;\"><strong data-rich-text-format-boundary=\"true\">*Le groupe des invert\u00e9br\u00e9s:-<\/strong><\/span><\/em><\/span><\/p>\n<p><span style=\"font-size: 14pt; font-family: georgia, palatino;\">&#8211;<em><strong>Le mus\u00e9e contient des \u00e9chantillons repr\u00e9sentant des d\u00e9nominations d\u2019invert\u00e9br\u00e9s<\/strong><\/em><\/span><\/p>\n<p><span style=\"font-family: georgia, palatino;\"><em><strong><span style=\"font-size: 14pt;\">Certains des \u00e9chantillons des grandes priorit\u00e9s &#8211; les isotopes de moustique &#8211; les vers<\/span><\/strong><\/em><\/span><\/p>\n<p><span style=\"font-family: georgia, palatino;\"><em><strong><span style=\"font-size: 14pt;\">Les joints de pattes &#8211; les mollusques &#8211; certains invert\u00e9br\u00e9s.<\/span><\/strong><\/em><\/span><\/p>\n<p><span style=\"font-family: georgia, palatino;\"><em><span style=\"font-size: 18pt;\"><strong data-rich-text-format-boundary=\"true\">*le groupe des vert\u00e9br\u00e9s:-<\/strong><\/span><\/em><\/span><\/p>\n<p><span style=\"font-family: georgia, palatino;\"><em><strong><span style=\"font-size: 14pt;\">Le mus\u00e9e contient des \u00e9chantillons repr\u00e9sentant les d\u00e9nominations des vert\u00e9br\u00e9s\u00a0:-<\/span><\/strong><\/em><\/span><br data-rich-text-line-break=\"true\" \/><span style=\"font-family: georgia, palatino;\"><em><strong><span style=\"font-size: 14pt;\">Certains vert\u00e9br\u00e9s &#8211; amphibiens &#8211; poissons &#8211; reptiles &#8211; oiseaux &#8211; mammif\u00e8res.<\/span><\/strong><\/em><\/span><\/p>\n<p><span style=\"font-family: georgia, palatino;\"><em><span style=\"font-size: 18pt;\"><strong data-rich-text-format-boundary=\"true\">*Mod\u00e8les \u00e9ducatifs et peintures<\/strong>:-<\/span><\/em><\/span><br data-rich-text-line-break=\"true\" \/><span style=\"font-family: georgia, palatino;\"><strong><em><span style=\"font-size: 14pt;\">-Le mus\u00e9e contient diff\u00e9rentes peintures scientifiques. Il contient \u00e9galement des mod\u00e8les \u00e9ducatifs pour l\u2019anatomie du corps humain, la structure humaine et d\u2019autres structures animales, des mod\u00e8les pour les \u00e9tapes du d\u00e9veloppement embryonnaire de certains animaux.<\/span><\/em><\/strong><\/span><\/p>\n<p><span style=\"font-family: georgia, palatino;\"><em><strong><span style=\"font-size: 14pt;\">1-Les images claires de diff\u00e9rents \u00e9chantillons du mus\u00e9e avec la banalit\u00e9 et la descendance de chaque \u00e9chantillon.<\/span><\/strong><\/em><\/span><\/p>\n<p><span style=\"font-family: georgia, palatino;\"><em><strong><span style=\"font-size: 14pt;\">2-Diff\u00e9rentes fa\u00e7ons de pr\u00e9server les \u00e9chantillons du mus\u00e9e, y compris les peaux, les squelettes ou les solutions de portefeuille.<\/span><\/strong><\/em><\/span><\/p>\n<p><span style=\"font-family: georgia, palatino;\"><em><strong><span style=\"font-size: 14pt;\">3-Diverses vid\u00e9os, telles que l\u2019anatomie des grenouilles et d\u2019autres animaux pour servir les \u00e9l\u00e8ves.<\/span><\/strong><\/em><\/span><\/p>\n<p style=\"text-align: center;\"><span style=\"font-family: georgia, palatino;\"><em><strong><span style=\"font-size: 14pt;\">Le d\u00e9partement du Mus\u00e9e des sciences est heureux de recevoir des id\u00e9es scientifiques pour son d\u00e9veloppement et est une aide aux \u00e9tudiants , et est une r\u00e9f\u00e9rence importante pour les chercheurs.<\/span><\/strong><\/em><\/span><\/p>\n\n\n<p dir=\"ltr\"> &#8211;<\/p>\n\n\n\n<ul><li><\/li><\/ul>\n","protected":false},"excerpt":{"rendered":"<p>Mus\u00e9e du d\u00e9partement de zoologie\u00a0 Le mus\u00e9e a \u00e9t\u00e9 cr\u00e9\u00e9 \u00e0 Qena en 1993, o\u00f9 le mus\u00e9e appartenait \u00e0 l\u2019Universit\u00e9 d\u2019Asiout.Le mus\u00e9e a \u00e9t\u00e9 cr\u00e9\u00e9 \u00e0 l&#8217;\u00e9poque le professeur Reda [&hellip;]<\/p>\n","protected":false},"author":2,"featured_media":0,"parent":0,"menu_order":0,"comment_status":"closed","ping_status":"closed","template":"","meta":[],"jetpack_sharing_enabled":true,"_links":{"self":[{"href":"http:\/\/www.svu.edu.eg\/faculties\/sci\/wp-json\/wp\/v2\/pages\/5003"}],"collection":[{"href":"http:\/\/www.svu.edu.eg\/faculties\/sci\/wp-json\/wp\/v2\/pages"}],"about":[{"href":"http:\/\/www.svu.edu.eg\/faculties\/sci\/wp-json\/wp\/v2\/types\/page"}],"author":[{"embeddable":true,"href":"http:\/\/www.svu.edu.eg\/faculties\/sci\/wp-json\/wp\/v2\/users\/2"}],"replies":[{"embeddable":true,"href":"http:\/\/www.svu.edu.eg\/faculties\/sci\/wp-json\/wp\/v2\/comments?post=5003"}],"version-history":[{"count":6,"href":"http:\/\/www.svu.edu.eg\/faculties\/sci\/wp-json\/wp\/v2\/pages\/5003\/revisions"}],"predecessor-version":[{"id":5217,"href":"http:\/\/www.svu.edu.eg\/faculties\/sci\/wp-json\/wp\/v2\/pages\/5003\/revisions\/5217"}],"wp:attachment":[{"href":"http:\/\/www.svu.edu.eg\/faculties\/sci\/wp-json\/wp\/v2\/media?parent=5003"}],"curies":[{"name":"wp","href":"https:\/\/api.w.org\/{rel}","templated":true}]}}