{"id":5000,"date":"2020-12-22T10:22:56","date_gmt":"2020-12-22T10:22:56","guid":{"rendered":"http:\/\/www.svu.edu.eg\/faculties\/sci\/?page_id=5000"},"modified":"2022-01-31T20:41:00","modified_gmt":"2022-01-31T20:41:00","slug":"le-conseil-dadministration","status":"publish","type":"page","link":"http:\/\/www.svu.edu.eg\/faculties\/sci\/fr\/assurance-qualite\/le-conseil-dadministration\/","title":{"rendered":"Conseil d&#8217;administration de l&#8217;unit\u00e9 d&#8217;assurance qualit\u00e9"},"content":{"rendered":"<p><strong><span style=\"font-family: 'book antiqua', palatino;\"><em><span style=\"font-size: 14pt;\">Conseil d&#8217;administration de l&#8217;unit\u00e9 d&#8217;assurance qualit\u00e9<\/span><\/em><\/span><\/strong><br \/>\n<strong><span style=\"font-family: 'book antiqua', palatino;\"><em><span style=\"font-size: 14pt;\">Formation du conseil d&#8217;administration de l&#8217;unit\u00e9 d&#8217;assurance qualit\u00e9 et de qualification pour l&#8217;accr\u00e9ditation \u00e0 la facult\u00e9 des sciences.<\/span><\/em><\/span><\/strong><\/p>\n","protected":false},"excerpt":{"rendered":"<p>Conseil d&#8217;administration de l&#8217;unit\u00e9 d&#8217;assurance qualit\u00e9 Formation du conseil d&#8217;administration de l&#8217;unit\u00e9 d&#8217;assurance qualit\u00e9 et de qualification pour l&#8217;accr\u00e9ditation \u00e0 la facult\u00e9 des sciences.<\/p>\n","protected":false},"author":2,"featured_media":0,"parent":4910,"menu_order":0,"comment_status":"closed","ping_status":"closed","template":"","meta":[],"jetpack_sharing_enabled":true,"_links":{"self":[{"href":"http:\/\/www.svu.edu.eg\/faculties\/sci\/wp-json\/wp\/v2\/pages\/5000"}],"collection":[{"href":"http:\/\/www.svu.edu.eg\/faculties\/sci\/wp-json\/wp\/v2\/pages"}],"about":[{"href":"http:\/\/www.svu.edu.eg\/faculties\/sci\/wp-json\/wp\/v2\/types\/page"}],"author":[{"embeddable":true,"href":"http:\/\/www.svu.edu.eg\/faculties\/sci\/wp-json\/wp\/v2\/users\/2"}],"replies":[{"embeddable":true,"href":"http:\/\/www.svu.edu.eg\/faculties\/sci\/wp-json\/wp\/v2\/comments?post=5000"}],"version-history":[{"count":1,"href":"http:\/\/www.svu.edu.eg\/faculties\/sci\/wp-json\/wp\/v2\/pages\/5000\/revisions"}],"predecessor-version":[{"id":5002,"href":"http:\/\/www.svu.edu.eg\/faculties\/sci\/wp-json\/wp\/v2\/pages\/5000\/revisions\/5002"}],"up":[{"embeddable":true,"href":"http:\/\/www.svu.edu.eg\/faculties\/sci\/wp-json\/wp\/v2\/pages\/4910"}],"wp:attachment":[{"href":"http:\/\/www.svu.edu.eg\/faculties\/sci\/wp-json\/wp\/v2\/media?parent=5000"}],"curies":[{"name":"wp","href":"https:\/\/api.w.org\/{rel}","templated":true}]}}