{"id":4925,"date":"2020-12-22T09:04:56","date_gmt":"2020-12-22T09:04:56","guid":{"rendered":"http:\/\/www.svu.edu.eg\/faculties\/sci\/?page_id=4925"},"modified":"2022-04-26T06:49:22","modified_gmt":"2022-04-26T06:49:22","slug":"secretaire-de-la-faculte","status":"publish","type":"page","link":"http:\/\/www.svu.edu.eg\/faculties\/sci\/fr\/secretaire-de-la-faculte\/","title":{"rendered":"Secr\u00e9taire de la facult\u00e9"},"content":{"rendered":"<p><img decoding=\"async\" loading=\"lazy\" class=\"aligncenter\" src=\"http:\/\/www.svu.edu.eg\/faculties\/sci\/wp-content\/uploads\/2022\/03\/IMG-20220316-WA0020-300x200.jpg\" width=\"266\" height=\"177\" \/><\/p>\n<p><span style=\"font-family: georgia, palatino;\"><em><span style=\"font-size: 14pt;\">Administration: Bureau du secr\u00e9taire<\/span><\/em><\/span><\/p>\n<p><span style=\"font-family: georgia, palatino;\"><em><span style=\"font-size: 14pt;\">T\u00e9l\u00e9phone interne:-1283<\/span><\/em><\/span><\/p>\n<p><span style=\"font-family: georgia, palatino;\"><em><span style=\"font-size: 14pt;\">Lieu :-B\u00e2timent administratif &#8211; Deuxi\u00e8me \u00e9tage &#8211; Salle 206<\/span><\/em><\/span><\/p>\n<p><span style=\"font-family: georgia, palatino;\"><em><span style=\"font-size: 14pt;\">\u00a0E-mail\u00a0:- <a href=\"mailto:manager@sci.svu.edu.eg\">manager@sci.svu.edu.eg<\/a><\/span><\/em><\/span><\/p>\n<hr \/>\n<p><span style=\"font-family: georgia, palatino;\"><em><span style=\"font-size: 14pt;\">Nom :-Mohamed Alaa El- din Faoui Selim<\/span><\/em><\/span><\/p>\n<p><span style=\"font-family: georgia, palatino;\"><em><span style=\"font-size: 14pt;\">Degr\u00e9 :-premier\u00a0 \u00a0 \u00a0 \u00a0 \u00a0<\/span><\/em><\/span><\/p>\n<p><span style=\"font-family: georgia, palatino;\"><em><span style=\"font-size: 14pt;\">Fonction\u00a0:- Sp\u00e9cialiste du d\u00e9veloppement administratif<\/span><\/em><\/span><\/p>\n","protected":false},"excerpt":{"rendered":"<p>Administration: Bureau du secr\u00e9taire T\u00e9l\u00e9phone interne:-1283 Lieu :-B\u00e2timent administratif &#8211; Deuxi\u00e8me \u00e9tage &#8211; Salle 206 \u00a0E-mail\u00a0:- manager@sci.svu.edu.eg Nom :-Mohamed Alaa El- din Faoui Selim Degr\u00e9 :-premier\u00a0 \u00a0 \u00a0 \u00a0 \u00a0 [&hellip;]<\/p>\n","protected":false},"author":2,"featured_media":0,"parent":0,"menu_order":0,"comment_status":"closed","ping_status":"closed","template":"","meta":[],"jetpack_sharing_enabled":true,"_links":{"self":[{"href":"http:\/\/www.svu.edu.eg\/faculties\/sci\/wp-json\/wp\/v2\/pages\/4925"}],"collection":[{"href":"http:\/\/www.svu.edu.eg\/faculties\/sci\/wp-json\/wp\/v2\/pages"}],"about":[{"href":"http:\/\/www.svu.edu.eg\/faculties\/sci\/wp-json\/wp\/v2\/types\/page"}],"author":[{"embeddable":true,"href":"http:\/\/www.svu.edu.eg\/faculties\/sci\/wp-json\/wp\/v2\/users\/2"}],"replies":[{"embeddable":true,"href":"http:\/\/www.svu.edu.eg\/faculties\/sci\/wp-json\/wp\/v2\/comments?post=4925"}],"version-history":[{"count":3,"href":"http:\/\/www.svu.edu.eg\/faculties\/sci\/wp-json\/wp\/v2\/pages\/4925\/revisions"}],"predecessor-version":[{"id":9654,"href":"http:\/\/www.svu.edu.eg\/faculties\/sci\/wp-json\/wp\/v2\/pages\/4925\/revisions\/9654"}],"wp:attachment":[{"href":"http:\/\/www.svu.edu.eg\/faculties\/sci\/wp-json\/wp\/v2\/media?parent=4925"}],"curies":[{"name":"wp","href":"https:\/\/api.w.org\/{rel}","templated":true}]}}