{"id":859,"date":"2020-12-01T10:08:57","date_gmt":"2020-12-01T10:08:57","guid":{"rendered":"http:\/\/www.svu.edu.eg\/faculties\/pt\/?page_id=859"},"modified":"2020-12-02T09:10:39","modified_gmt":"2020-12-02T09:10:39","slug":"homepage_fr","status":"publish","type":"page","link":"http:\/\/www.svu.edu.eg\/faculties\/pt\/fr\/homepage_fr\/","title":{"rendered":"Homepage_fr"},"content":{"rendered":"<div id=\"pl-859\"  class=\"panel-layout panel-is-rtl\" ><div id=\"pg-859-0\"  class=\"panel-grid panel-no-style\" ><div id=\"pgc-859-0-0\"  class=\"panel-grid-cell panel-grid-cell-empty\" ><\/div><\/div><div id=\"pg-859-1\"  class=\"panel-grid panel-has-style\" ><div class=\"wide-grey panel-row-style panel-row-style-for-859-1\" ><div id=\"pgc-859-1-0\"  class=\"panel-grid-cell\" ><div id=\"panel-859-1-0-0\" class=\"so-panel widget widget_headline-widget panel-first-child panel-last-child\" data-index=\"0\" >\t\t<h1>La facult\u00e9 accueille de nouveaux \u00e9tudiants <\/h1>\n\t\t<div class=\"decoration\"><div class=\"decoration-inside\"><\/div><\/div>\n\t\t<h3>La facult\u00e9 de physioth\u00e9rapie accueille de nouveaux \u00e9tudiants et leur souhaite un succ\u00e8s ann\u00e9e acad\u00e9mique<\/h3>\n\t\t<\/div><\/div><\/div><\/div><div id=\"pg-859-2\"  class=\"panel-grid panel-no-style\" ><div id=\"pgc-859-2-0\"  class=\"panel-grid-cell\" ><div id=\"panel-859-2-0-0\" class=\"so-panel widget widget_siteorigin-panels-postloop panel-first-child\" data-index=\"1\" ><div class=\"panel-widget-style panel-widget-style-for-859-2-0-0\" ><h3 class=\"widget-title\">Nouvelles<\/h3>\n<article id=\"post-2874\" class=\"post-2874 post type-post status-publish format-standard has-post-thumbnail hentry category-news post-with-thumbnail post-with-thumbnail-icon\">\n\n\t\t\t<div class=\"entry-thumbnail\">\n\t\t\t<a href=\"http:\/\/www.svu.edu.eg\/faculties\/pt\/%d8%a7%d8%ac%d8%aa%d9%85%d8%a7%d8%b9-%d8%a7%d9%84%d9%84%d8%ac%d9%86%d8%a9-%d8%a7%d9%84%d8%a7%d8%af%d8%a7%d8%b1%d9%8a%d8%a9-%d9%84%d9%85%d8%b4%d8%b1%d9%88%d8%b9-%d8%aa%d8%ba%d9%8a%d9%8a%d8%b1-%d8%a7\/\"><img loading=\"lazy\" decoding=\"async\" width=\"200\" height=\"133\" src=\"http:\/\/www.svu.edu.eg\/faculties\/pt\/wp-content\/uploads\/2025\/05\/28c2a97b-d0c6-4cae-8cd5-bc2b043e8e34-1024x682-1-200x133.jpg\" class=\"attachment-thumbnail size-thumbnail wp-post-image\" alt=\"\" srcset=\"http:\/\/www.svu.edu.eg\/faculties\/pt\/wp-content\/uploads\/2025\/05\/28c2a97b-d0c6-4cae-8cd5-bc2b043e8e34-1024x682-1-200x133.jpg 200w, http:\/\/www.svu.edu.eg\/faculties\/pt\/wp-content\/uploads\/2025\/05\/28c2a97b-d0c6-4cae-8cd5-bc2b043e8e34-1024x682-1-300x200.jpg 300w, http:\/\/www.svu.edu.eg\/faculties\/pt\/wp-content\/uploads\/2025\/05\/28c2a97b-d0c6-4cae-8cd5-bc2b043e8e34-1024x682-1-768x512.jpg 768w, http:\/\/www.svu.edu.eg\/faculties\/pt\/wp-content\/uploads\/2025\/05\/28c2a97b-d0c6-4cae-8cd5-bc2b043e8e34-1024x682-1-272x182.jpg 272w, http:\/\/www.svu.edu.eg\/faculties\/pt\/wp-content\/uploads\/2025\/05\/28c2a97b-d0c6-4cae-8cd5-bc2b043e8e34-1024x682-1.jpg 1024w\" sizes=\"(max-width: 200px) 100vw, 200px\" \/><\/a>\n\t\t<\/div>\n\t\n\t<div class=\"entry-main\">\n\n\t\t\n\t\t<header class=\"entry-header\">\n\t\t\t\n\t\t\t<h1 class=\"entry-title\"><a href=\"http:\/\/www.svu.edu.eg\/faculties\/pt\/%d8%a7%d8%ac%d8%aa%d9%85%d8%a7%d8%b9-%d8%a7%d9%84%d9%84%d8%ac%d9%86%d8%a9-%d8%a7%d9%84%d8%a7%d8%af%d8%a7%d8%b1%d9%8a%d8%a9-%d9%84%d9%85%d8%b4%d8%b1%d9%88%d8%b9-%d8%aa%d8%ba%d9%8a%d9%8a%d8%b1-%d8%a7\/\" title=\"Permalink to \u0627\u062c\u062a\u0645\u0627\u0639 \u0627\u0644\u0644\u062c\u0646\u0629 \u0627\u0644\u0627\u062f\u0627\u0631\u064a\u0629 \u0644\u0645\u0634\u0631\u0648\u0639 \u062a\u063a\u064a\u064a\u0631 \u0627\u0633\u0645 \u062c\u0627\u0645\u0639\u0629 \u062c\u0646\u0648\u0628 \u0627\u0644\u0648\u0627\u062f\u064a \u0627\u0644\u0649 \u062c\u0627\u0645\u0639\u0629 \u0642\u0646\u0627\" rel=\"bookmark\">\u0627\u062c\u062a\u0645\u0627\u0639 \u0627\u0644\u0644\u062c\u0646\u0629 \u0627\u0644\u0627\u062f\u0627\u0631\u064a\u0629 \u0644\u0645\u0634\u0631\u0648\u0639 \u062a\u063a\u064a\u064a\u0631 \u0627\u0633\u0645 \u062c\u0627\u0645\u0639\u0629 \u062c\u0646\u0648\u0628 \u0627\u0644\u0648\u0627\u062f\u064a \u0627\u0644\u0649 \u062c\u0627\u0645\u0639\u0629 \u0642\u0646\u0627<\/a><\/h1>\n\n\t\t\t\t\t\t\t<div class=\"entry-meta\">\n\t\t\t\t\tPosted on <a href=\"http:\/\/www.svu.edu.eg\/faculties\/pt\/%d8%a7%d8%ac%d8%aa%d9%85%d8%a7%d8%b9-%d8%a7%d9%84%d9%84%d8%ac%d9%86%d8%a9-%d8%a7%d9%84%d8%a7%d8%af%d8%a7%d8%b1%d9%8a%d8%a9-%d9%84%d9%85%d8%b4%d8%b1%d9%88%d8%b9-%d8%aa%d8%ba%d9%8a%d9%8a%d8%b1-%d8%a7\/\" title=\"9:22 \u0635\" rel=\"bookmark\"><time class=\"entry-date\" datetime=\"2025-02-20T09:22:01+00:00\">\u0641\u0628\u0631\u0627\u064a\u0631 20, 2025<\/time><\/a><time class=\"updated\" datetime=\"2025-05-04T09:23:41+00:00\">\u0645\u0627\u064a\u0648 4, 2025<\/time>  \t\t\t\t<\/div><!-- .entry-meta -->\n\t\t\t\n\t\t<\/header><!-- .entry-header -->\n\n\t\t\t\t\t<div class=\"entry-content\">\n\t\t\t\t<p>\u0641\u064a \u0627\u0637\u0627\u0631 \u062a\u0648\u062c\u064a\u0647\u0627\u062a \u0627\u0644\u062f\u0643\u062a\u0648\u0631 \u0627\u062d\u0645\u062f \u0639\u0643\u0627\u0648\u064a \u0631\u0626\u064a\u0633 \u062c\u0627\u0645\u0639\u0629 \u062c\u0646\u0648\u0628 \u0627\u0644\u0648\u0627\u062f\u064a \u0628\u0628\u062f\u0621 \u0627\u0644\u0639\u0645\u0644 \u0641\u064a \u0627\u0644\u062e\u0637\u0629 \u0627\u0644\u062a\u0646\u0641\u064a\u0630\u064a\u0629 \u0644\u0645\u0634\u0631\u0648\u0639 \u062a\u063a\u064a\u064a\u0631 \u0627\u0633\u0645 \u062c\u0627\u0645\u0639\u0629 \u062c\u0646\u0648\u0628 \u0627\u0644\u0648\u0627\u062f\u064a \u0627\u0644\u0649 \u062c\u0627\u0645\u0639\u0629 \u0642\u0646\u0627 \u0646\u0638\u0645\u062a \u0627\u0644\u062c\u0627\u0645\u0639\u0629 \u0627\u062c\u062a\u0645\u0627\u0639\u0627 \u0644\u0644\u062c\u0646\u0629 \u0627\u0644\u0627\u062f\u0627\u0631\u064a\u0629 \u0644\u0644\u0645\u0634\u0631\u0648\u0639 [&hellip;]<\/p>\n\t\t\t\t\t\t\t\t<a class=\"more-link\" href=\"http:\/\/www.svu.edu.eg\/faculties\/pt\/%d8%a7%d8%ac%d8%aa%d9%85%d8%a7%d8%b9-%d8%a7%d9%84%d9%84%d8%ac%d9%86%d8%a9-%d8%a7%d9%84%d8%a7%d8%af%d8%a7%d8%b1%d9%8a%d8%a9-%d9%84%d9%85%d8%b4%d8%b1%d9%88%d8%b9-%d8%aa%d8%ba%d9%8a%d9%8a%d8%b1-%d8%a7\/\">\u0627\u0644\u0645\u0632\u064a\u062f<span class=\"meta-nav\">&rarr;<\/span><\/a>\t\t\t\t\t\t\t<\/div><!-- .entry-content -->\n\t\t\n\t\t\n\t<\/div>\n\n<\/article><!-- #post-2874 -->\n\n<article id=\"post-2859\" class=\"post-2859 post type-post status-publish format-standard has-post-thumbnail hentry category-news post-with-thumbnail post-with-thumbnail-icon\">\n\n\t\t\t<div class=\"entry-thumbnail\">\n\t\t\t<a href=\"http:\/\/www.svu.edu.eg\/faculties\/pt\/%d8%ac%d8%a7%d9%85%d8%b9%d8%a9-%d8%ac%d9%86%d9%88%d8%a8-%d8%a7%d9%84%d9%88%d8%a7%d8%af%d9%8a-%d8%aa%d8%b7%d9%84%d9%82-%d9%81%d8%b9%d8%a7%d9%84%d9%8a%d8%a7%d8%aa-%d8%a7%d9%84%d9%84%d9%82%d8%a7\/\"><img loading=\"lazy\" decoding=\"async\" width=\"200\" height=\"150\" src=\"http:\/\/www.svu.edu.eg\/faculties\/pt\/wp-content\/uploads\/2025\/05\/057538f2-24ce-4d51-a1dd-3b44fb35717c-1024x768-1-200x150.jpg\" class=\"attachment-thumbnail size-thumbnail wp-post-image\" alt=\"\" srcset=\"http:\/\/www.svu.edu.eg\/faculties\/pt\/wp-content\/uploads\/2025\/05\/057538f2-24ce-4d51-a1dd-3b44fb35717c-1024x768-1-200x150.jpg 200w, http:\/\/www.svu.edu.eg\/faculties\/pt\/wp-content\/uploads\/2025\/05\/057538f2-24ce-4d51-a1dd-3b44fb35717c-1024x768-1-300x225.jpg 300w, http:\/\/www.svu.edu.eg\/faculties\/pt\/wp-content\/uploads\/2025\/05\/057538f2-24ce-4d51-a1dd-3b44fb35717c-1024x768-1-768x576.jpg 768w, http:\/\/www.svu.edu.eg\/faculties\/pt\/wp-content\/uploads\/2025\/05\/057538f2-24ce-4d51-a1dd-3b44fb35717c-1024x768-1.jpg 1024w\" sizes=\"(max-width: 200px) 100vw, 200px\" \/><\/a>\n\t\t<\/div>\n\t\n\t<div class=\"entry-main\">\n\n\t\t\n\t\t<header class=\"entry-header\">\n\t\t\t\n\t\t\t<h1 class=\"entry-title\"><a href=\"http:\/\/www.svu.edu.eg\/faculties\/pt\/%d8%ac%d8%a7%d9%85%d8%b9%d8%a9-%d8%ac%d9%86%d9%88%d8%a8-%d8%a7%d9%84%d9%88%d8%a7%d8%af%d9%8a-%d8%aa%d8%b7%d9%84%d9%82-%d9%81%d8%b9%d8%a7%d9%84%d9%8a%d8%a7%d8%aa-%d8%a7%d9%84%d9%84%d9%82%d8%a7\/\" title=\"Permalink to \u062c\u0627\u0645\u0639\u0629 \u062c\u0646\u0648\u0628 \u0627\u0644\u0648\u0627\u062f\u064a \u062a\u0637\u0644\u0642 \u0641\u0639\u0627\u0644\u064a\u0627\u062a \u201c\u0627\u0644\u0644\u0642\u0627\u0621 \u0627\u0644\u062d\u0648\u0627\u0631\u0649 \u0644\u062a\u0639\u0632\u064a\u0632 \u0627\u0644\u0645\u0634\u0627\u0631\u0643\u0629 \u0627\u0644\u0633\u064a\u0627\u0633\u064a\u0629\u201d \u0628\u0627\u0644\u062a\u0639\u0627\u0648\u0646 \u0645\u0639 \u0648\u0632\u0627\u0631\u0629 \u0627\u0644\u0634\u0628\u0627\u0628 \u0648\u0627\u0644\u0631\u064a\u0627\u0636\u0629\" rel=\"bookmark\">\u062c\u0627\u0645\u0639\u0629 \u062c\u0646\u0648\u0628 \u0627\u0644\u0648\u0627\u062f\u064a \u062a\u0637\u0644\u0642 \u0641\u0639\u0627\u0644\u064a\u0627\u062a \u201c\u0627\u0644\u0644\u0642\u0627\u0621 \u0627\u0644\u062d\u0648\u0627\u0631\u0649 \u0644\u062a\u0639\u0632\u064a\u0632 \u0627\u0644\u0645\u0634\u0627\u0631\u0643\u0629 \u0627\u0644\u0633\u064a\u0627\u0633\u064a\u0629\u201d \u0628\u0627\u0644\u062a\u0639\u0627\u0648\u0646 \u0645\u0639 \u0648\u0632\u0627\u0631\u0629 \u0627\u0644\u0634\u0628\u0627\u0628 \u0648\u0627\u0644\u0631\u064a\u0627\u0636\u0629<\/a><\/h1>\n\n\t\t\t\t\t\t\t<div class=\"entry-meta\">\n\t\t\t\t\tPosted on <a href=\"http:\/\/www.svu.edu.eg\/faculties\/pt\/%d8%ac%d8%a7%d9%85%d8%b9%d8%a9-%d8%ac%d9%86%d9%88%d8%a8-%d8%a7%d9%84%d9%88%d8%a7%d8%af%d9%8a-%d8%aa%d8%b7%d9%84%d9%82-%d9%81%d8%b9%d8%a7%d9%84%d9%8a%d8%a7%d8%aa-%d8%a7%d9%84%d9%84%d9%82%d8%a7\/\" title=\"8:55 \u0635\" rel=\"bookmark\"><time class=\"entry-date\" datetime=\"2025-02-14T08:55:14+00:00\">\u0641\u0628\u0631\u0627\u064a\u0631 14, 2025<\/time><\/a><time class=\"updated\" datetime=\"2025-05-04T09:15:11+00:00\">\u0645\u0627\u064a\u0648 4, 2025<\/time>  \t\t\t\t<\/div><!-- .entry-meta -->\n\t\t\t\n\t\t<\/header><!-- .entry-header -->\n\n\t\t\t\t\t<div class=\"entry-content\">\n\t\t\t\t<p>\u062a\u062d\u062a \u0631\u0639\u0627\u064a\u0629 \u0627\u0644\u062f\u0643\u062a\u0648\u0631 \u0623\u0634\u0631\u0641 \u0635\u0628\u062d\u064a \u0648\u0632\u064a\u0631 \u0627\u0644\u0634\u0628\u0627\u0628 \u0648\u0627\u0644\u0631\u064a\u0627\u0636\u0629 \u0648 \u0627\u0644\u062f\u0643\u062a\u0648\u0631 \u0623\u062d\u0645\u062f \u0639\u0643\u0627\u0648\u064a \u0631\u0626\u064a\u0633 \u062c\u0627\u0645\u0639\u0629 \u062c\u0646\u0648\u0628 \u0627\u0644\u0648\u0627\u062f\u064a \u060c\u0646\u0638\u0645\u062a \u0648\u0632\u0627\u0631\u0629 \u0627\u0644\u0634\u0628\u0627\u0628 \u0648\u0627\u0644\u0631\u064a\u0627\u0636\u0629\u060c \u0645\u0646 \u062e\u0644\u0627\u0644 \u0627\u0644\u0625\u062f\u0627\u0631\u0629 \u0627\u0644\u0645\u0631\u0643\u0632\u064a\u0629 \u0644\u0644\u0628\u0631\u0644\u0645\u0627\u0646 \u0648\u0627\u0644\u062a\u0639\u0644\u064a\u0645 \u0627\u0644\u0645\u062f\u0646\u064a \u2013 \u0627\u0644\u0625\u062f\u0627\u0631\u0629 \u0627\u0644\u0639\u0627\u0645\u0629 [&hellip;]<\/p>\n\t\t\t\t\t\t\t\t<a class=\"more-link\" href=\"http:\/\/www.svu.edu.eg\/faculties\/pt\/%d8%ac%d8%a7%d9%85%d8%b9%d8%a9-%d8%ac%d9%86%d9%88%d8%a8-%d8%a7%d9%84%d9%88%d8%a7%d8%af%d9%8a-%d8%aa%d8%b7%d9%84%d9%82-%d9%81%d8%b9%d8%a7%d9%84%d9%8a%d8%a7%d8%aa-%d8%a7%d9%84%d9%84%d9%82%d8%a7\/\">\u0627\u0644\u0645\u0632\u064a\u062f<span class=\"meta-nav\">&rarr;<\/span><\/a>\t\t\t\t\t\t\t<\/div><!-- .entry-content -->\n\t\t\n\t\t\n\t<\/div>\n\n<\/article><!-- #post-2859 -->\n\n<article id=\"post-2850\" class=\"post-2850 post type-post status-publish format-standard has-post-thumbnail hentry category-news post-with-thumbnail post-with-thumbnail-icon\">\n\n\t\t\t<div class=\"entry-thumbnail\">\n\t\t\t<a href=\"http:\/\/www.svu.edu.eg\/faculties\/pt\/%d8%a5%d8%b7%d9%84%d8%a7%d9%82-%d9%85%d9%86%d8%b5%d8%a9-%d9%85%d9%88%d8%af%d8%a9-%d8%a7%d9%84%d8%b1%d9%82%d9%85%d9%8a%d8%a9-%d9%84%d9%84%d8%aa%d8%b9%d9%84%d9%8a%d9%85-%d8%b9%d9%86-%d8%a8%d8%b9%d8%af\/\"><img loading=\"lazy\" decoding=\"async\" width=\"200\" height=\"125\" src=\"http:\/\/www.svu.edu.eg\/faculties\/pt\/wp-content\/uploads\/2025\/05\/Logo20on20white20background1-1024x642-1-200x125.png\" class=\"attachment-thumbnail size-thumbnail wp-post-image\" alt=\"\" srcset=\"http:\/\/www.svu.edu.eg\/faculties\/pt\/wp-content\/uploads\/2025\/05\/Logo20on20white20background1-1024x642-1-200x125.png 200w, http:\/\/www.svu.edu.eg\/faculties\/pt\/wp-content\/uploads\/2025\/05\/Logo20on20white20background1-1024x642-1-300x188.png 300w, http:\/\/www.svu.edu.eg\/faculties\/pt\/wp-content\/uploads\/2025\/05\/Logo20on20white20background1-1024x642-1-768x482.png 768w, http:\/\/www.svu.edu.eg\/faculties\/pt\/wp-content\/uploads\/2025\/05\/Logo20on20white20background1-1024x642-1-436x272.png 436w, http:\/\/www.svu.edu.eg\/faculties\/pt\/wp-content\/uploads\/2025\/05\/Logo20on20white20background1-1024x642-1.png 1024w\" sizes=\"(max-width: 200px) 100vw, 200px\" \/><\/a>\n\t\t<\/div>\n\t\n\t<div class=\"entry-main\">\n\n\t\t\n\t\t<header class=\"entry-header\">\n\t\t\t\n\t\t\t<h1 class=\"entry-title\"><a href=\"http:\/\/www.svu.edu.eg\/faculties\/pt\/%d8%a5%d8%b7%d9%84%d8%a7%d9%82-%d9%85%d9%86%d8%b5%d8%a9-%d9%85%d9%88%d8%af%d8%a9-%d8%a7%d9%84%d8%b1%d9%82%d9%85%d9%8a%d8%a9-%d9%84%d9%84%d8%aa%d8%b9%d9%84%d9%8a%d9%85-%d8%b9%d9%86-%d8%a8%d8%b9%d8%af\/\" title=\"Permalink to \u0625\u0637\u0644\u0627\u0642 \u0645\u0646\u0635\u0629 \u0645\u0648\u062f\u0629 \u0627\u0644\u0631\u0642\u0645\u064a\u0629 \u0644\u0644\u062a\u0639\u0644\u064a\u0645 \u0639\u0646 \u0628\u0639\u062f\" rel=\"bookmark\">\u0625\u0637\u0644\u0627\u0642 \u0645\u0646\u0635\u0629 \u0645\u0648\u062f\u0629 \u0627\u0644\u0631\u0642\u0645\u064a\u0629 \u0644\u0644\u062a\u0639\u0644\u064a\u0645 \u0639\u0646 \u0628\u0639\u062f<\/a><\/h1>\n\n\t\t\t\t\t\t\t<div class=\"entry-meta\">\n\t\t\t\t\tPosted on <a href=\"http:\/\/www.svu.edu.eg\/faculties\/pt\/%d8%a5%d8%b7%d9%84%d8%a7%d9%82-%d9%85%d9%86%d8%b5%d8%a9-%d9%85%d9%88%d8%af%d8%a9-%d8%a7%d9%84%d8%b1%d9%82%d9%85%d9%8a%d8%a9-%d9%84%d9%84%d8%aa%d8%b9%d9%84%d9%8a%d9%85-%d8%b9%d9%86-%d8%a8%d8%b9%d8%af\/\" title=\"8:26 \u0635\" rel=\"bookmark\"><time class=\"entry-date\" datetime=\"2025-02-01T08:26:40+00:00\">\u0641\u0628\u0631\u0627\u064a\u0631 1, 2025<\/time><\/a><time class=\"updated\" datetime=\"2025-05-04T08:34:00+00:00\">\u0645\u0627\u064a\u0648 4, 2025<\/time>  \t\t\t\t<\/div><!-- .entry-meta -->\n\t\t\t\n\t\t<\/header><!-- .entry-header -->\n\n\t\t\t\t\t<div class=\"entry-content\">\n\t\t\t\t<p>\u0641\u064a \u0625\u0637\u0627\u0631 \u0627\u0644\u062a\u0639\u0627\u0648\u0646 \u0628\u064a\u0646 \u0648\u0632\u0627\u0631\u0629 \u0627\u0644\u062a\u0639\u0644\u064a\u0645 \u0627\u0644\u0639\u0627\u0644\u064a \u0648\u0627\u0644\u0628\u062d\u062b \u0627\u0644\u0639\u0644\u0645\u064a \u0648\u0648\u0632\u0627\u0631\u0629 \u0627\u0644\u062a\u0636\u0627\u0645\u0646 \u0627\u0644\u0627\u062c\u062a\u0645\u0627\u0639\u064a \u062a\u0645 \u0635\u062f\u0648\u0631 \u0642\u0631\u0627\u0631 \u0627\u0644\u0645\u062c\u0644\u0633 \u0627\u0644\u0623\u0639\u0644\u0649 \u0644\u0644\u062c\u0627\u0645\u0639\u0627\u062a \u0628\u0627\u0644\u0645\u0648\u0627\u0641\u0642\u0629 \u0639\u0644\u0649 \u0625\u0637\u0644\u0627\u0642\u00a0\u0645\u0646\u0635\u0629 \u0645\u0648\u062f\u0629 \u0627\u0644\u0631\u0642\u0645\u064a\u0629 \u0644\u0644\u062a\u0639\u0644\u064a\u0645 \u0639\u0646 \u0628\u0639\u062f\u00a0\u0627\u0644\u062e\u0627\u0635\u0629 \u0628\u0648\u0632\u0627\u0631\u0629 \u0627\u0644\u062a\u0636\u0627\u0645\u0646 \u0627\u0644\u0627\u062c\u062a\u0645\u0627\u0639\u064a \u0628\u0645\u062d\u062a\u0648\u0627\u0647\u0627 [&hellip;]<\/p>\n\t\t\t\t\t\t\t\t<a class=\"more-link\" href=\"http:\/\/www.svu.edu.eg\/faculties\/pt\/%d8%a5%d8%b7%d9%84%d8%a7%d9%82-%d9%85%d9%86%d8%b5%d8%a9-%d9%85%d9%88%d8%af%d8%a9-%d8%a7%d9%84%d8%b1%d9%82%d9%85%d9%8a%d8%a9-%d9%84%d9%84%d8%aa%d8%b9%d9%84%d9%8a%d9%85-%d8%b9%d9%86-%d8%a8%d8%b9%d8%af\/\">\u0627\u0644\u0645\u0632\u064a\u062f<span class=\"meta-nav\">&rarr;<\/span><\/a>\t\t\t\t\t\t\t<\/div><!-- .entry-content -->\n\t\t\n\t\t\n\t<\/div>\n\n<\/article><!-- #post-2850 -->\n<\/div><\/div><div id=\"panel-859-2-0-1\" class=\"so-panel widget widget_text panel-last-child\" data-index=\"2\" >\t\t\t<div class=\"textwidget\"><p style=\"direction: ltr;\"><a href=\"http:\/\/www.svu.edu.eg\/faculties\/pt\/category\/news_fr\/\">Plus de nouvelles<\/a><\/p>\n<\/div>\n\t\t<\/div><\/div><\/div><div id=\"pg-859-3\"  class=\"panel-grid panel-no-style\" ><div id=\"pgc-859-3-0\"  class=\"panel-grid-cell\" ><div id=\"panel-859-3-0-0\" class=\"so-panel widget panel-first-child panel-last-child\" data-index=\"3\" ><\/div><\/div><div id=\"pgc-859-3-1\"  class=\"panel-grid-cell\" ><div id=\"panel-859-3-1-0\" class=\"so-panel widget widget_media_video panel-first-child panel-last-child\" data-index=\"4\" ><div class=\"panel-widget-style panel-widget-style-for-859-3-1-0\" ><div style=\"width:100%;\" class=\"wp-video\"><video class=\"wp-video-shortcode\" id=\"video-2850-2\" preload=\"metadata\" controls=\"controls\"><source type=\"video\/youtube\" src=\"https:\/\/www.youtube.com\/watch?v=8px6d7gseio&#038;_=2\" \/><a href=\"https:\/\/www.youtube.com\/watch?v=8px6d7gseio\">https:\/\/www.youtube.com\/watch?v=8px6d7gseio<\/a><\/video><\/div><\/div><\/div><\/div><div id=\"pgc-859-3-2\"  class=\"panel-grid-cell\" ><div id=\"panel-859-3-2-0\" class=\"so-panel widget panel-first-child panel-last-child\" data-index=\"5\" ><\/div><\/div><\/div><div id=\"pg-859-4\"  class=\"panel-grid panel-has-style\" ><div class=\"A panel-row-style panel-row-style-for-859-4\" id=\"\" ><div id=\"pgc-859-4-0\"  class=\"panel-grid-cell\" ><div id=\"panel-859-4-0-0\" class=\"so-panel widget widget_circleicon-widget panel-first-child panel-last-child\" data-index=\"6\" >\t\t<div class=\"circle-icon-box circle-icon-position-top circle-icon-hide-box circle-icon-size-small \">\n\t\t\t\t\t\t\t<div class=\"circle-icon-wrapper\">\n\t\t\t\t\t\t\t\t\t\t<a href=\"http:\/\/www.svu.edu.eg\/faculties\/pt\/objectives\/\" class=\"link-icon\" target=\"_blank\">\t\t\t\t\t<div class=\"circle-icon icon-style-set\" style=\"background-color: #1e73be\">\n\t\t\t\t\t\t\t\t\t\t\t\t\t<div class=\"fa fa-clock-o\" ><\/div>\n\t\t\t\t\t\t\t\t\t\t\t<\/div>\n\t\t\t\t\t<\/a>\t\t\t\t<\/div>\n\t\t\t\n\t\t\t\t\t\t\t<a href=\"http:\/\/www.svu.edu.eg\/faculties\/pt\/objectives\/\" class=\"link-title\" target=\"_blank\">\n\t\t\t\t\t\t\t\t\t\t<h4 >\n\t\t\t\t\tObjectifs de la facult\u00e9\t\t\t\t<\/h4>\n\t\t\t\t\t\t\t\t\t\t<\/a>\n\t\t\t\n\t\t\t\t\t\t\t<p class=\"text\" >Le but principal de la facult\u00e9 est les \u00e9tudiants d'\u00eatre dipl\u00f4m\u00e9 qui peuvent fournir des soins de sant\u00e9 pour l\u2019individu, la famille, la communaut\u00e9 et l\u2019environnement au moyen d' acqu\u00e9rir la capacit\u00e9 d\u2019\u00e9valuer, de planifier et de mettre en \u0153uvre la physioth\u00e9rapie, et aussi:- 1-r\u00e9pondre aux besoins du march\u00e9 du travail du secteur de la sant\u00e9 \u00e9gyptien des dipl\u00f4m\u00e9s de la facult\u00e9 de physioth\u00e9rapie, en particulier en Haute-\u00c9gypte. 2-D\u00e9velopper les comp\u00e9tences de communication chez les \u00e9tudiants, de r\u00e9solution de probl\u00e8mes et de pens\u00e9e critique. 3-Qualification les \u00e9tudiants avec la capacit\u00e9 d\u2019offrir et de soins pour les patients au plus haut niveau.  4-D\u00e9velloper des strat\u00e9gies de d\u00e9veloppement  de l'administration pour r\u00e9pondre aux normes internationales. 5-D\u00e9velopper le rendement de l'administration tout en continuant \u00e0 \u00e9valuer conform\u00e9ment aux normes mondiales.  6- am\u00e9liorer l\u2019efficacit\u00e9 du rendement des \u00e9tudiants selon le d\u00e9veloppement de l\u2019apprentissage. 7-Qualifitation les personnes ayant des besoins sp\u00e9ciaux (enfants handicap\u00e9s) et l\u2019excellence en physioth\u00e9rapie.<\/p>\n\t\t\t\t\t\t\t\t\t\t<a\n\t\t\t\t\thref=\"http:\/\/www.svu.edu.eg\/faculties\/pt\/objectives\/\"\n\t\t\t\t\tclass=\"more-button\"\n\t\t\t\t\ttarget=\"_blank\"\t\t\t\t\t\t\t\t\t>\n\t\t\t\t\t\u0627\u0644\u0645\u0632\u064a\u062f <i><\/i>\n\t\t\t\t<\/a>\n\t\t\t\t\t<\/div>\n\t\t<\/div><\/div><div id=\"pgc-859-4-1\"  class=\"panel-grid-cell\" ><div id=\"panel-859-4-1-0\" class=\"so-panel widget widget_circleicon-widget panel-first-child panel-last-child\" data-index=\"7\" >\t\t<div class=\"circle-icon-box circle-icon-position-top circle-icon-hide-box circle-icon-size-small \">\n\t\t\t\t\t\t\t<div class=\"circle-icon-wrapper\">\n\t\t\t\t\t\t\t\t\t\t<a href=\"http:\/\/www.svu.edu.eg\/faculties\/pt\/message\/\" class=\"link-icon\" target=\"_blank\">\t\t\t\t\t<div class=\"circle-icon icon-style-set\" style=\"background-color: #1e73be\">\n\t\t\t\t\t\t\t\t\t\t\t\t\t<div class=\"fa fa-check-circle-o\" style=\"color: #ffffff\"><\/div>\n\t\t\t\t\t\t\t\t\t\t\t<\/div>\n\t\t\t\t\t<\/a>\t\t\t\t<\/div>\n\t\t\t\n\t\t\t\t\t\t\t<a href=\"http:\/\/www.svu.edu.eg\/faculties\/pt\/message\/\" class=\"link-title\" target=\"_blank\">\n\t\t\t\t\t\t\t\t\t\t<h4 >\n\t\t\t\t\tLa mission\t\t\t\t<\/h4>\n\t\t\t\t\t\t\t\t\t\t<\/a>\n\t\t\t\n\t\t\t\t\t\t\t<p class=\"text\" >La facult\u00e9 de physioth\u00e9rapie (la th\u00e9rapie physique) de l\u2019Universit\u00e9 du Sud de la vall\u00e9e est engag\u00e9e \u00e0 dipl\u00f4m\u00e9s qui r\u00e9pondre aux besoins des diff\u00e9rents niveaux du march\u00e9 du travail local \u00e0 un niveau de recherche comp\u00e9titive dans le cadre des valeurs et des habitudes qui soutiennent le service communautaire et formation continue par le d\u00e9veloppement de programmes \u00e9ducatifs et de recherche scientifique.<\/p>\n\t\t\t\t\t\t\t\t\t\t<a\n\t\t\t\t\thref=\"http:\/\/www.svu.edu.eg\/faculties\/pt\/message\/\"\n\t\t\t\t\tclass=\"more-button\"\n\t\t\t\t\ttarget=\"_blank\"\t\t\t\t\t\t\t\t\t>\n\t\t\t\t\t\u0627\u0644\u0645\u0632\u064a\u062f <i><\/i>\n\t\t\t\t<\/a>\n\t\t\t\t\t<\/div>\n\t\t<\/div><\/div><div id=\"pgc-859-4-2\"  class=\"panel-grid-cell\" ><div id=\"panel-859-4-2-0\" class=\"so-panel widget widget_circleicon-widget panel-first-child panel-last-child\" data-index=\"8\" >\t\t<div class=\"circle-icon-box circle-icon-position-top circle-icon-hide-box circle-icon-size-small \">\n\t\t\t\t\t\t\t<div class=\"circle-icon-wrapper\">\n\t\t\t\t\t\t\t\t\t\t<a href=\"#\" class=\"link-icon\" >\t\t\t\t\t<div class=\"circle-icon icon-style-set\" style=\"background-color: #1e73be\">\n\t\t\t\t\t\t\t\t\t\t\t\t\t<div class=\"fa fa-pencil-square-o\" ><\/div>\n\t\t\t\t\t\t\t\t\t\t\t<\/div>\n\t\t\t\t\t<\/a>\t\t\t\t<\/div>\n\t\t\t\n\t\t\t\t\t\t\t<a href=\"#\" class=\"link-title\" >\n\t\t\t\t\t\t\t\t\t\t<h4 >\n\t\t\t\t\tLa vision\t\t\t\t<\/h4>\n\t\t\t\t\t\t\t\t\t\t<\/a>\n\t\t\t\n\t\t\t\t\t\t\t<p class=\"text\" >La facult\u00e9 de physioth\u00e9rapie se r\u00e9jouit au d\u00e9veloppement de qualit\u00e9 \u00e9ducative pour les \u00e9tudiants, de Susciter de l\u2019esprit de comp\u00e9tition et d\u2019excellence dans divers domaines de la physioth\u00e9rapie.<\/p>\n\t\t\t\t\t\t\t\t\t\t<a\n\t\t\t\t\thref=\"#\"\n\t\t\t\t\tclass=\"more-button\"\n\t\t\t\t\t\t\t\t\t\t\t\t\t\t>\n\t\t\t\t\t\u0627\u0644\u0645\u0632\u064a\u062f <i><\/i>\n\t\t\t\t<\/a>\n\t\t\t\t\t<\/div>\n\t\t<\/div><\/div><div id=\"pgc-859-4-3\"  class=\"panel-grid-cell\" ><div id=\"panel-859-4-3-0\" class=\"so-panel widget widget_circleicon-widget panel-first-child panel-last-child\" data-index=\"9\" >\t\t<div class=\"circle-icon-box circle-icon-position-top circle-icon-hide-box circle-icon-size-small \">\n\t\t\t\t\t\t\t<div class=\"circle-icon-wrapper\">\n\t\t\t\t\t\t\t\t\t\t<a href=\"#\" class=\"link-icon\" >\t\t\t\t\t<div class=\"circle-icon icon-style-set\" style=\"background-color: #1e73be\">\n\t\t\t\t\t\t\t\t\t\t\t\t\t<div class=\"fa fa-pencil-square-o\" ><\/div>\n\t\t\t\t\t\t\t\t\t\t\t<\/div>\n\t\t\t\t\t<\/a>\t\t\t\t<\/div>\n\t\t\t\n\t\t\t\t\t\t\t<a href=\"#\" class=\"link-title\" >\n\t\t\t\t\t\t\t\t\t\t<h4 >\n\t\t\t\t\tA&#8217; propos\t\t\t\t<\/h4>\n\t\t\t\t\t\t\t\t\t\t<\/a>\n\t\t\t\n\t\t\t\t\t\t\t<p class=\"text\" >Selon de la d\u00e9cision du Conseil des ministres no 421 du 24 f\u00e9vrier 2015, la facult\u00e9 de physioth\u00e9rapie a \u00e9t\u00e9 fond\u00e9e et aussi  a \u00e9t\u00e9 commenc\u00e9 au d\u00e9but de l'ann\u00e9e acad\u00e9mique 2015-2016.<\/p>\n\t\t\t\t\t\t\t\t\t\t<a\n\t\t\t\t\thref=\"#\"\n\t\t\t\t\tclass=\"more-button\"\n\t\t\t\t\t\t\t\t\t\t\t\t\t\t>\n\t\t\t\t\t\u0627\u0644\u0645\u0632\u064a\u062f <i><\/i>\n\t\t\t\t<\/a>\n\t\t\t\t\t<\/div>\n\t\t<\/div><\/div><\/div><\/div><\/div>","protected":false},"excerpt":{"rendered":"<p>Plus de nouvelles<\/p>\n","protected":false},"author":2,"featured_media":0,"parent":0,"menu_order":0,"comment_status":"closed","ping_status":"closed","template":"home-panels.php","meta":{"footnotes":""},"class_list":["post-859","page","type-page","status-publish","hentry","post","post-with-thumbnail","post-with-thumbnail-icon"],"_links":{"self":[{"href":"http:\/\/www.svu.edu.eg\/faculties\/pt\/wp-json\/wp\/v2\/pages\/859"}],"collection":[{"href":"http:\/\/www.svu.edu.eg\/faculties\/pt\/wp-json\/wp\/v2\/pages"}],"about":[{"href":"http:\/\/www.svu.edu.eg\/faculties\/pt\/wp-json\/wp\/v2\/types\/page"}],"author":[{"embeddable":true,"href":"http:\/\/www.svu.edu.eg\/faculties\/pt\/wp-json\/wp\/v2\/users\/2"}],"replies":[{"embeddable":true,"href":"http:\/\/www.svu.edu.eg\/faculties\/pt\/wp-json\/wp\/v2\/comments?post=859"}],"version-history":[{"count":2,"href":"http:\/\/www.svu.edu.eg\/faculties\/pt\/wp-json\/wp\/v2\/pages\/859\/revisions"}],"predecessor-version":[{"id":861,"href":"http:\/\/www.svu.edu.eg\/faculties\/pt\/wp-json\/wp\/v2\/pages\/859\/revisions\/861"}],"wp:attachment":[{"href":"http:\/\/www.svu.edu.eg\/faculties\/pt\/wp-json\/wp\/v2\/media?parent=859"}],"curies":[{"name":"wp","href":"https:\/\/api.w.org\/{rel}","templated":true}]}}