{"id":3811,"date":"2020-12-24T07:20:17","date_gmt":"2020-12-24T07:20:17","guid":{"rendered":"http:\/\/www.svu.edu.eg\/faculties\/phed\/?page_id=3811"},"modified":"2020-12-24T07:21:07","modified_gmt":"2020-12-24T07:21:07","slug":"bref-historique","status":"publish","type":"page","link":"http:\/\/www.svu.edu.eg\/faculties\/phed\/fr\/bref-historique\/","title":{"rendered":"Bref historique"},"content":{"rendered":"<p>Le conseil universitaire a approuv\u00e9 la cr\u00e9ation de la facult\u00e9 de p\u00e9dagogie&nbsp; physique pour les gar\u00e7ons et les filles \u00e0 Qena, et le comit\u00e9 du secteur de l\u2019\u00e9ducation physique a approuv\u00e9 sa session n. 14 le 27\/2\/2006, la division de p\u00e9dagogie&nbsp; physique a \u00e9t\u00e9 transform\u00e9 en une facult\u00e9 ind\u00e9pendante sur la base de la visite du comit\u00e9 le mercredi, 25\/1\/2006.<\/p>\n<p>Objectif strat\u00e9gique de la facult\u00e9<\/p>\n<p>1-&nbsp;&nbsp;&nbsp;&nbsp;&nbsp; Formation un professeur d\u2019\u00e9ducation physique pour les diff\u00e9rentes \u00e9tapes de l\u2019\u00e9ducation.<\/p>\n<p>2- Formation le coach sportif aux activit\u00e9s sportives.<\/p>\n<p>3- Formation un sp\u00e9cialiste en administration sportive.<\/p>\n<p>4- Qualification des membres du corps professoral, des chercheurs, des sp\u00e9cialistes et des experts dans le domaine du sport.<\/p>\n<ol start=\"5\">\n<li>Effectuer des recherches et des \u00e9tudes scientifiques dans divers domaines de l\u2019\u00e9ducation physique qui contribuent au service communautaire et au d\u00e9veloppement environnemental.<\/li>\n<\/ol>\n<p>6-Le niveau professionnel et scientifique sup\u00e9rieur de ceux qui travaillent dans le domaine de l\u2019\u00e9ducation physique et leur conscience des tendances \u00e9ducatives modernes.<\/p>\n<p>7-Fournir des conseils scientifiques aux organismes gouvernementaux et civils dans les domaines de l\u2019\u00e9ducation sportive et coop\u00e9rer \u00e0 l\u2019\u00e9tude des questions sportives pour atteindre des objectifs communs qui contribuent au d\u00e9veloppement de l\u2019\u00e9ducation sportive.<\/p>\n<p>8-\u00e9change d\u2019exp\u00e9riences et d\u2019informations avec les institutions et institutions \u00e9ducatives et culturelles \u00e9gyptiennes, arabes et internationales et coop\u00e9ration avec elles dans le traitement des questions sportives communes.<\/p>\n<p>Selon le Conseil de la facult\u00e9 de p\u00e9dagogie&nbsp; physique ,le conseil de l\u2019Universit\u00e9 du Sud de la vall\u00e9e est d\u00e9cern\u00e9 les dipl\u00f4mes suivants.<\/p>\n<p><strong>Tout d\u2019abord&nbsp;: dipl\u00f4mes scientifiques&nbsp;:<\/strong><\/p>\n<ul>\n<li><strong>licence en \u00e9ducation physique dans l\u2019une des disciplines suivantes&nbsp;:<\/strong><\/li>\n<\/ul>\n<ul>\n<li>1-Dispenser des cours d&#8217;\u00e9ducation physique .<\/li>\n<li>2- Entra\u00eenement sportif (dans certaines activit\u00e9s sportives).<\/li>\n<li>3- Gestion sportive.<\/li>\n<li>B. Ma\u00eetrise en \u00e9ducation physique dans l\u2019une des disciplines suivantes&nbsp;:<\/li>\n<li>1. Programmes et enseignement de l\u2019\u00e9ducation physique.<\/li>\n<li>2\u2014 \u00e9ducation physique et sciences du mouvement.<\/li>\n<li>3. Sciences de la sant\u00e9 sportives.<\/li>\n<li>4- Administration des sports et loisirs.<\/li>\n<li>5. Sciences p\u00e9dagogiques et psychologiques du sport .<\/li>\n<li>C-Doctorat (Ph.D) en enseignement du sport dans l\u2019une des disciplines suivantes&nbsp;:<\/li>\n<li>1. Programmes et enseignement de l\u2019\u00e9ducation sportive.<\/li>\n<li>2\u2014 \u00e9ducation physique et sciences du mouvement.<\/li>\n<li>3. Sciences de la sant\u00e9 sportives.<\/li>\n<li>4- Administration des sports et loisirs.<\/li>\n<li>5. Sciences p\u00e9dagogiques et psychologiques du sport<\/li>\n<li>Deuxi\u00e8mement&nbsp;: Le dipl\u00f4me&nbsp;:<\/li>\n<li>Le dipl\u00f4me public en \u00e9ducation sportive est l\u2019une des disciplines suivantes:<\/li>\n<li>1-Les blessures sportives.<\/li>\n<li>2-Les scouts et les guides.<\/li>\n<li>3- loisirs et activit\u00e9s sportives.<\/li>\n<li>4-Marketing du sport.<\/li>\n<li>5-pr\u00e9paration psychologique aux sportifs.<\/li>\n<li>6-Des matches.<\/li>\n<li>7- la forme physique.<\/li>\n<li>8- Sports Scolaires.<\/li>\n<li>9- Entra\u00eenement sportives.<\/li>\n<\/ul>\n","protected":false},"excerpt":{"rendered":"<p>Le conseil universitaire a approuv\u00e9 la cr\u00e9ation de la facult\u00e9 de p\u00e9dagogie&nbsp; physique pour les gar\u00e7ons et les filles \u00e0 Qena, et le comit\u00e9 du secteur de l\u2019\u00e9ducation physique a [&hellip;]<\/p>\n","protected":false},"author":2,"featured_media":0,"parent":0,"menu_order":0,"comment_status":"closed","ping_status":"closed","template":"","meta":{"_monsterinsights_skip_tracking":false,"_monsterinsights_sitenote_active":false,"_monsterinsights_sitenote_note":"","_monsterinsights_sitenote_category":0},"_links":{"self":[{"href":"http:\/\/www.svu.edu.eg\/faculties\/phed\/wp-json\/wp\/v2\/pages\/3811"}],"collection":[{"href":"http:\/\/www.svu.edu.eg\/faculties\/phed\/wp-json\/wp\/v2\/pages"}],"about":[{"href":"http:\/\/www.svu.edu.eg\/faculties\/phed\/wp-json\/wp\/v2\/types\/page"}],"author":[{"embeddable":true,"href":"http:\/\/www.svu.edu.eg\/faculties\/phed\/wp-json\/wp\/v2\/users\/2"}],"replies":[{"embeddable":true,"href":"http:\/\/www.svu.edu.eg\/faculties\/phed\/wp-json\/wp\/v2\/comments?post=3811"}],"version-history":[{"count":2,"href":"http:\/\/www.svu.edu.eg\/faculties\/phed\/wp-json\/wp\/v2\/pages\/3811\/revisions"}],"predecessor-version":[{"id":3847,"href":"http:\/\/www.svu.edu.eg\/faculties\/phed\/wp-json\/wp\/v2\/pages\/3811\/revisions\/3847"}],"wp:attachment":[{"href":"http:\/\/www.svu.edu.eg\/faculties\/phed\/wp-json\/wp\/v2\/media?parent=3811"}],"curies":[{"name":"wp","href":"https:\/\/api.w.org\/{rel}","templated":true}]}}