{"id":3574,"date":"2020-11-22T11:32:00","date_gmt":"2020-11-22T11:32:00","guid":{"rendered":"http:\/\/www.svu.edu.eg\/faculties\/phed\/?page_id=3574"},"modified":"2022-09-24T10:13:35","modified_gmt":"2022-09-24T10:13:35","slug":"homepage_fr","status":"publish","type":"page","link":"http:\/\/www.svu.edu.eg\/faculties\/phed\/fr\/homepage_fr\/","title":{"rendered":"Homepage_fr"},"content":{"rendered":"<div id=\"pl-3574\"  class=\"panel-layout panel-is-rtl\" ><div id=\"pg-3574-0\"  class=\"panel-grid panel-no-style\" ><div id=\"pgc-3574-0-0\"  class=\"panel-grid-cell panel-grid-cell-empty\" ><\/div><\/div><div id=\"pg-3574-1\"  class=\"panel-grid panel-has-style\" ><div class=\"wide-grey panel-row-style panel-row-style-for-3574-1\" ><div id=\"pgc-3574-1-0\"  class=\"panel-grid-cell\" ><div id=\"panel-3574-1-0-0\" class=\"so-panel widget widget_headline-widget panel-first-child panel-last-child\" data-index=\"0\" >\t\t<h1>Remise d'Ashraf Musa \u00e0 la c\u00e9r\u00e9monie de l'Association des v\u00e9t\u00e9rans (VFW) <\/h1>\n\t\t<div class=\"decoration\"><div class=\"decoration-inside\"><\/div><\/div>\n\t\t<h3>============================================<\/h3>\n\t\t<\/div><\/div><\/div><\/div><div id=\"pg-3574-2\"  class=\"panel-grid panel-no-style\" ><div id=\"pgc-3574-2-0\"  class=\"panel-grid-cell\" ><div id=\"panel-3574-2-0-0\" class=\"so-panel widget widget_siteorigin-panels-postloop panel-first-child\" data-index=\"1\" ><div class=\"panel-widget-style panel-widget-style-for-3574-2-0-0\" ><h3 class=\"widget-title\">Derni\u00e8res nouvelles<\/h3>\n<article id=\"post-6376\" class=\"post-6376 post type-post status-publish format-standard has-post-thumbnail hentry category-ann_fr category-conf_fr category-news_fr post-with-thumbnail post-with-thumbnail-icon\">\n\n\t\t\t<div class=\"entry-thumbnail\">\n\t\t\t<a href=\"http:\/\/www.svu.edu.eg\/faculties\/phed\/fr\/recteur-de-luniversite-du-sud-de-la-vallee-felicite-le-president-el-sissi-et-le-peuple-egyptien-a-loccasion-du-jour-de-la-liberation-du-sinai\/\"><img width=\"200\" height=\"133\" src=\"http:\/\/www.svu.edu.eg\/faculties\/phed\/wp-content\/uploads\/2023\/04\/WhatsApp-Image-2023-04-24-at-8.58.56-AM1-200x133.jpeg\" class=\"attachment-thumbnail size-thumbnail wp-post-image\" alt=\"\" decoding=\"async\" loading=\"lazy\" srcset=\"http:\/\/www.svu.edu.eg\/faculties\/phed\/wp-content\/uploads\/2023\/04\/WhatsApp-Image-2023-04-24-at-8.58.56-AM1-200x133.jpeg 200w, http:\/\/www.svu.edu.eg\/faculties\/phed\/wp-content\/uploads\/2023\/04\/WhatsApp-Image-2023-04-24-at-8.58.56-AM1-300x200.jpeg 300w, http:\/\/www.svu.edu.eg\/faculties\/phed\/wp-content\/uploads\/2023\/04\/WhatsApp-Image-2023-04-24-at-8.58.56-AM1-768x512.jpeg 768w, http:\/\/www.svu.edu.eg\/faculties\/phed\/wp-content\/uploads\/2023\/04\/WhatsApp-Image-2023-04-24-at-8.58.56-AM1-1024x682.jpeg 1024w, http:\/\/www.svu.edu.eg\/faculties\/phed\/wp-content\/uploads\/2023\/04\/WhatsApp-Image-2023-04-24-at-8.58.56-AM1-272x182.jpeg 272w, http:\/\/www.svu.edu.eg\/faculties\/phed\/wp-content\/uploads\/2023\/04\/WhatsApp-Image-2023-04-24-at-8.58.56-AM1.jpeg 1600w\" sizes=\"(max-width: 200px) 100vw, 200px\" \/><\/a>\n\t\t<\/div>\n\t\n\t<div class=\"entry-main\">\n\n\t\t\n\t\t<header class=\"entry-header\">\n\t\t\t\n\t\t\t<h1 class=\"entry-title\"><a href=\"http:\/\/www.svu.edu.eg\/faculties\/phed\/fr\/recteur-de-luniversite-du-sud-de-la-vallee-felicite-le-president-el-sissi-et-le-peuple-egyptien-a-loccasion-du-jour-de-la-liberation-du-sinai\/\" title=\"Permalink to Recteur de l\u2019Universit\u00e9 du Sud de la Vall\u00e9e f\u00e9licite le Pr\u00e9sident El-Sissi et le peuple \u00e9gyptien \u00e0 l\u2019occasion du jour de la Lib\u00e9ration du Sina\u00ef\" rel=\"bookmark\">Recteur de l\u2019Universit\u00e9 du Sud de la Vall\u00e9e f\u00e9licite le Pr\u00e9sident El-Sissi et le peuple \u00e9gyptien \u00e0 l\u2019occasion du jour de la Lib\u00e9ration du Sina\u00ef<\/a><\/h1>\n\n\t\t\t\t\t\t\t<div class=\"entry-meta\">\n\t\t\t\t\tPosted on <a href=\"http:\/\/www.svu.edu.eg\/faculties\/phed\/fr\/recteur-de-luniversite-du-sud-de-la-vallee-felicite-le-president-el-sissi-et-le-peuple-egyptien-a-loccasion-du-jour-de-la-liberation-du-sinai\/\" title=\"8:29 \u0635\" rel=\"bookmark\"><time class=\"entry-date\" datetime=\"2023-04-25T08:29:46+00:00\">\u0623\u0628\u0631\u064a\u0644 25, 2023<\/time><\/a><time class=\"updated\" datetime=\"2023-04-29T08:35:50+00:00\">\u0623\u0628\u0631\u064a\u0644 29, 2023<\/time>  \t\t\t\t<\/div><!-- .entry-meta -->\n\t\t\t\n\t\t<\/header><!-- .entry-header -->\n\n\t\t\t\t\t<div class=\"entry-content\">\n\t\t\t\t<p>Dr. Youssef Gharabawy, recteur de l\u2019Universit\u00e9 a envoy\u00e9 un t\u00e9l\u00e9gramme f\u00e9licitant le Pr\u00e9sident Abdel-Fattah Al-Sissi, Pr\u00e9sident de la R\u00e9publique, \u00e0 l\u2019occasion du jour de la Lib\u00e9ration du Sina\u00ef, qui disait [&hellip;]<\/p>\n\t\t\t\t\t\t\t\t<a class=\"more-link\" href=\"http:\/\/www.svu.edu.eg\/faculties\/phed\/fr\/recteur-de-luniversite-du-sud-de-la-vallee-felicite-le-president-el-sissi-et-le-peuple-egyptien-a-loccasion-du-jour-de-la-liberation-du-sinai\/\">\u0627\u0644\u0645\u0632\u064a\u062f<span class=\"meta-nav\">&rarr;<\/span><\/a>\t\t\t\t\t\t\t<\/div><!-- .entry-content -->\n\t\t\n\t\t\n\t<\/div>\n\n<\/article><!-- #post-6376 -->\n\n<article id=\"post-6380\" class=\"post-6380 post type-post status-publish format-standard has-post-thumbnail hentry category-ann_fr category-conf_fr category-news_fr post-with-thumbnail post-with-thumbnail-icon\">\n\n\t\t\t<div class=\"entry-thumbnail\">\n\t\t\t<a href=\"http:\/\/www.svu.edu.eg\/faculties\/phed\/fr\/recteur-de-luniversite-inspecte-les-hopitaux-universitaires-au-premier-jour-de-laid-al-fitr\/\"><img width=\"200\" height=\"133\" src=\"http:\/\/www.svu.edu.eg\/faculties\/phed\/wp-content\/uploads\/2023\/04\/1-3-61-200x133.jpeg\" class=\"attachment-thumbnail size-thumbnail wp-post-image\" alt=\"\" decoding=\"async\" loading=\"lazy\" srcset=\"http:\/\/www.svu.edu.eg\/faculties\/phed\/wp-content\/uploads\/2023\/04\/1-3-61-200x133.jpeg 200w, http:\/\/www.svu.edu.eg\/faculties\/phed\/wp-content\/uploads\/2023\/04\/1-3-61-300x200.jpeg 300w, http:\/\/www.svu.edu.eg\/faculties\/phed\/wp-content\/uploads\/2023\/04\/1-3-61-768x512.jpeg 768w, http:\/\/www.svu.edu.eg\/faculties\/phed\/wp-content\/uploads\/2023\/04\/1-3-61-1024x682.jpeg 1024w, http:\/\/www.svu.edu.eg\/faculties\/phed\/wp-content\/uploads\/2023\/04\/1-3-61-272x182.jpeg 272w, http:\/\/www.svu.edu.eg\/faculties\/phed\/wp-content\/uploads\/2023\/04\/1-3-61.jpeg 1600w\" sizes=\"(max-width: 200px) 100vw, 200px\" \/><\/a>\n\t\t<\/div>\n\t\n\t<div class=\"entry-main\">\n\n\t\t\n\t\t<header class=\"entry-header\">\n\t\t\t\n\t\t\t<h1 class=\"entry-title\"><a href=\"http:\/\/www.svu.edu.eg\/faculties\/phed\/fr\/recteur-de-luniversite-inspecte-les-hopitaux-universitaires-au-premier-jour-de-laid-al-fitr\/\" title=\"Permalink to Recteur de l\u2019Universit\u00e9 inspecte les h\u00f4pitaux universitaires au premier jour de l\u2019A\u00efd al-Fitr\" rel=\"bookmark\">Recteur de l\u2019Universit\u00e9 inspecte les h\u00f4pitaux universitaires au premier jour de l\u2019A\u00efd al-Fitr<\/a><\/h1>\n\n\t\t\t\t\t\t\t<div class=\"entry-meta\">\n\t\t\t\t\tPosted on <a href=\"http:\/\/www.svu.edu.eg\/faculties\/phed\/fr\/recteur-de-luniversite-inspecte-les-hopitaux-universitaires-au-premier-jour-de-laid-al-fitr\/\" title=\"8:36 \u0635\" rel=\"bookmark\"><time class=\"entry-date\" datetime=\"2023-04-21T08:36:51+00:00\">\u0623\u0628\u0631\u064a\u0644 21, 2023<\/time><\/a><time class=\"updated\" datetime=\"2023-04-29T08:39:55+00:00\">\u0623\u0628\u0631\u064a\u0644 29, 2023<\/time>  \t\t\t\t<\/div><!-- .entry-meta -->\n\t\t\t\n\t\t<\/header><!-- .entry-header -->\n\n\t\t\t\t\t<div class=\"entry-content\">\n\t\t\t\t<p>Dans le cadre des visites d&#8217;inspection des h\u00f4pitaux universitaires de l&#8217;Universit\u00e9 effectu\u00e9es par dr. Youssef Gharabawy, recteur de l\u2019Universit\u00e9, il a inspect\u00e9 les h\u00f4pitaux universitaires d\u2019urgence et de blessures, l\u2019h\u00f4pital [&hellip;]<\/p>\n\t\t\t\t\t\t\t\t<a class=\"more-link\" href=\"http:\/\/www.svu.edu.eg\/faculties\/phed\/fr\/recteur-de-luniversite-inspecte-les-hopitaux-universitaires-au-premier-jour-de-laid-al-fitr\/\">\u0627\u0644\u0645\u0632\u064a\u062f<span class=\"meta-nav\">&rarr;<\/span><\/a>\t\t\t\t\t\t\t<\/div><!-- .entry-content -->\n\t\t\n\t\t\n\t<\/div>\n\n<\/article><!-- #post-6380 -->\n\n<article id=\"post-6384\" class=\"post-6384 post type-post status-publish format-standard has-post-thumbnail hentry category-ann_fr category-conf_fr category-news_fr post-with-thumbnail post-with-thumbnail-icon\">\n\n\t\t\t<div class=\"entry-thumbnail\">\n\t\t\t<a href=\"http:\/\/www.svu.edu.eg\/faculties\/phed\/fr\/centre-de-transformation-numerique-teste-les-110-chercheurs\/\"><img width=\"200\" height=\"133\" src=\"http:\/\/www.svu.edu.eg\/faculties\/phed\/wp-content\/uploads\/2023\/04\/63-200x133.jpg\" class=\"attachment-thumbnail size-thumbnail wp-post-image\" alt=\"\" decoding=\"async\" loading=\"lazy\" srcset=\"http:\/\/www.svu.edu.eg\/faculties\/phed\/wp-content\/uploads\/2023\/04\/63-200x133.jpg 200w, http:\/\/www.svu.edu.eg\/faculties\/phed\/wp-content\/uploads\/2023\/04\/63-300x200.jpg 300w, http:\/\/www.svu.edu.eg\/faculties\/phed\/wp-content\/uploads\/2023\/04\/63-768x512.jpg 768w, http:\/\/www.svu.edu.eg\/faculties\/phed\/wp-content\/uploads\/2023\/04\/63-1024x682.jpg 1024w, http:\/\/www.svu.edu.eg\/faculties\/phed\/wp-content\/uploads\/2023\/04\/63-272x182.jpg 272w, http:\/\/www.svu.edu.eg\/faculties\/phed\/wp-content\/uploads\/2023\/04\/63.jpg 1600w\" sizes=\"(max-width: 200px) 100vw, 200px\" \/><\/a>\n\t\t<\/div>\n\t\n\t<div class=\"entry-main\">\n\n\t\t\n\t\t<header class=\"entry-header\">\n\t\t\t\n\t\t\t<h1 class=\"entry-title\"><a href=\"http:\/\/www.svu.edu.eg\/faculties\/phed\/fr\/centre-de-transformation-numerique-teste-les-110-chercheurs\/\" title=\"Permalink to Centre de transformation num\u00e9rique teste les 110 chercheurs\" rel=\"bookmark\">Centre de transformation num\u00e9rique teste les 110 chercheurs<\/a><\/h1>\n\n\t\t\t\t\t\t\t<div class=\"entry-meta\">\n\t\t\t\t\tPosted on <a href=\"http:\/\/www.svu.edu.eg\/faculties\/phed\/fr\/centre-de-transformation-numerique-teste-les-110-chercheurs\/\" title=\"8:42 \u0635\" rel=\"bookmark\"><time class=\"entry-date\" datetime=\"2023-04-13T08:42:19+00:00\">\u0623\u0628\u0631\u064a\u0644 13, 2023<\/time><\/a><time class=\"updated\" datetime=\"2023-04-29T08:46:49+00:00\">\u0623\u0628\u0631\u064a\u0644 29, 2023<\/time>  \t\t\t\t<\/div><!-- .entry-meta -->\n\t\t\t\n\t\t<\/header><!-- .entry-header -->\n\n\t\t\t\t\t<div class=\"entry-content\">\n\t\t\t\t<p>Sous les auspices du dr. Youssef Gharabawy, recteur de l\u2019Universit\u00e9 du Sud de la Vall\u00e9e, centre de transformation num\u00e9rique a test\u00e9 les 110 chercheurs de membres du corps professoral et [&hellip;]<\/p>\n\t\t\t\t\t\t\t\t<a class=\"more-link\" href=\"http:\/\/www.svu.edu.eg\/faculties\/phed\/fr\/centre-de-transformation-numerique-teste-les-110-chercheurs\/\">\u0627\u0644\u0645\u0632\u064a\u062f<span class=\"meta-nav\">&rarr;<\/span><\/a>\t\t\t\t\t\t\t<\/div><!-- .entry-content -->\n\t\t\n\t\t\n\t<\/div>\n\n<\/article><!-- #post-6384 -->\n<\/div><\/div><div id=\"panel-3574-2-0-1\" class=\"so-panel widget widget_text panel-last-child\" data-index=\"2\" >\t\t\t<div class=\"textwidget\"><p style=\"direction: ltr;\"><a href=\"http:\/\/www.svu.edu.eg\/faculties\/phed\/fr\/category\/news_fr\/\"><strong>Plus de nouvelles<\/strong><\/a><\/p>\n<\/div>\n\t\t<\/div><\/div><\/div><div id=\"pg-3574-3\"  class=\"panel-grid panel-no-style\" ><div id=\"pgc-3574-3-0\"  class=\"panel-grid-cell\" ><div id=\"panel-3574-3-0-0\" class=\"so-panel widget widget_media_video panel-first-child\" data-index=\"3\" ><h3 class=\"widget-title\">Expliquer comment obtenir l&#8217; e &#8211; mail universitaire<\/h3><div style=\"width:100%;\" class=\"wp-video\"><!--[if lt IE 9]><script>document.createElement('video');<\/script><![endif]-->\n<video class=\"wp-video-shortcode\" id=\"video-6384-1\" preload=\"metadata\" controls=\"controls\"><source type=\"video\/youtube\" src=\"https:\/\/www.youtube.com\/watch?v=sKNdIUZSvfs&#038;_=1\" \/><a href=\"https:\/\/www.youtube.com\/watch?v=sKNdIUZSvfs\">https:\/\/www.youtube.com\/watch?v=sKNdIUZSvfs<\/a><\/video><\/div><\/div><div id=\"panel-3574-3-0-1\" class=\"so-panel widget widget_xyz_insert_php_widget panel-last-child\" data-index=\"4\" >\r\n\t<div class=\"announc\">\r\n      <h2> Conf\u00e9rences <\/h2>\r\n\t<div class=\"announc-body\">\r\n\t<ul>\r\n             \r\n<ul>        <li> <a href=\" http:\/\/www.svu.edu.eg\/faculties\/phed\/fr\/recteur-de-luniversite-du-sud-de-la-vallee-felicite-le-president-el-sissi-et-le-peuple-egyptien-a-loccasion-du-jour-de-la-liberation-du-sinai\/\" title=\"Recteur de l\u2019Universit\u00e9 du Sud de la Vall\u00e9e f\u00e9licite le Pr\u00e9sident El-Sissi et le peuple \u00e9gyptien \u00e0 l\u2019occasion du jour de la Lib\u00e9ration du Sina\u00ef\">\r\n\t\t\tRecteur de l\u2019Universit\u00e9 du ...<\/a> <\/li>\r\n        <li> <a href=\" http:\/\/www.svu.edu.eg\/faculties\/phed\/fr\/recteur-de-luniversite-inspecte-les-hopitaux-universitaires-au-premier-jour-de-laid-al-fitr\/\" title=\"Recteur de l\u2019Universit\u00e9 inspecte les h\u00f4pitaux universitaires au premier jour de l\u2019A\u00efd al-Fitr\">\r\n\t\t\tRecteur de l\u2019Universit\u00e9 ins...<\/a> <\/li>\r\n        <li> <a href=\" http:\/\/www.svu.edu.eg\/faculties\/phed\/fr\/centre-de-transformation-numerique-teste-les-110-chercheurs\/\" title=\"Centre de transformation num\u00e9rique teste les 110 chercheurs\">\r\n\t\t\tCentre de transformation nu...<\/a> <\/li>\r\n        <li> <a href=\" http:\/\/www.svu.edu.eg\/faculties\/phed\/fr\/recteur-de-luniversite-participe-a-la-conference-generale-de-lunion-des-universites-arabes-en-tunisie\/\" title=\"Recteur de l\u2019Universit\u00e9 participe \u00e0 la conf\u00e9rence g\u00e9n\u00e9rale de l\u2019Union des Universit\u00e9s arabes en Tunisie\">\r\n\t\t\tRecteur de l\u2019Universit\u00e9 par...<\/a> <\/li>\r\n<li style=\"text-align:left;\"><a href=\"category\/conf_fr\/\">plus<\/a><\/li>\r\n<\/ul>   <\/ul>\r\n\t<\/div>\r\n\t<\/div><\/div><\/div><div id=\"pgc-3574-3-1\"  class=\"panel-grid-cell\" ><div id=\"panel-3574-3-1-0\" class=\"so-panel widget widget_media_video panel-first-child panel-last-child\" data-index=\"5\" ><h3 class=\"widget-title\">Expliquer comment acc\u00e9der \u00e0 l&#8217; e &#8211; mail de l\u2019universit\u00e9<\/h3><div style=\"width:100%;\" class=\"wp-video\"><video class=\"wp-video-shortcode\" id=\"video-6370-2\" preload=\"metadata\" controls=\"controls\"><source type=\"video\/youtube\" src=\"https:\/\/youtu.be\/6P6IYEwfumA?_=2\" \/><a href=\"https:\/\/youtu.be\/6P6IYEwfumA\">https:\/\/youtu.be\/6P6IYEwfumA<\/a><\/video><\/div><\/div><\/div><div id=\"pgc-3574-3-2\"  class=\"panel-grid-cell\" ><div id=\"panel-3574-3-2-0\" class=\"so-panel widget widget_media_video panel-first-child\" data-index=\"6\" ><h3 class=\"widget-title\">R\u00e9ception des nouveaux \u00e9tudiants pour l&#8217;ann\u00e9e acad\u00e9mique 2021<\/h3><div style=\"width:100%;\" class=\"wp-video\"><video class=\"wp-video-shortcode\" id=\"video-6370-3\" preload=\"metadata\" controls=\"controls\"><source type=\"video\/youtube\" src=\"https:\/\/www.youtube.com\/watch?v=JI8bszZdoaM&#038;_=3\" \/><a href=\"https:\/\/www.youtube.com\/watch?v=JI8bszZdoaM\">https:\/\/www.youtube.com\/watch?v=JI8bszZdoaM<\/a><\/video><\/div><\/div><div id=\"panel-3574-3-2-1\" class=\"so-panel widget widget_xyz_insert_php_widget panel-last-child\" data-index=\"7\" >\r\n\t<div class=\"announc\">\r\n      <h2> Annonces <\/h2>\r\n\t<div class=\"announc-body\">\r\n\t<ul>\r\n             \r\n<ul>        <li> <a href=\" http:\/\/www.svu.edu.eg\/faculties\/phed\/fr\/recteur-de-luniversite-du-sud-de-la-vallee-felicite-le-president-el-sissi-et-le-peuple-egyptien-a-loccasion-du-jour-de-la-liberation-du-sinai\/\" title=\"Recteur de l\u2019Universit\u00e9 du Sud de la Vall\u00e9e f\u00e9licite le Pr\u00e9sident El-Sissi et le peuple \u00e9gyptien \u00e0 l\u2019occasion du jour de la Lib\u00e9ration du Sina\u00ef\">\r\n\t\t\tRecteur de l\u2019Universit\u00e9 du ...<\/a> <\/li>\r\n        <li> <a href=\" http:\/\/www.svu.edu.eg\/faculties\/phed\/fr\/recteur-de-luniversite-inspecte-les-hopitaux-universitaires-au-premier-jour-de-laid-al-fitr\/\" title=\"Recteur de l\u2019Universit\u00e9 inspecte les h\u00f4pitaux universitaires au premier jour de l\u2019A\u00efd al-Fitr\">\r\n\t\t\tRecteur de l\u2019Universit\u00e9 ins...<\/a> <\/li>\r\n        <li> <a href=\" http:\/\/www.svu.edu.eg\/faculties\/phed\/fr\/centre-de-transformation-numerique-teste-les-110-chercheurs\/\" title=\"Centre de transformation num\u00e9rique teste les 110 chercheurs\">\r\n\t\t\tCentre de transformation nu...<\/a> <\/li>\r\n        <li> <a href=\" http:\/\/www.svu.edu.eg\/faculties\/phed\/fr\/recteur-de-luniversite-participe-a-la-conference-generale-de-lunion-des-universites-arabes-en-tunisie\/\" title=\"Recteur de l\u2019Universit\u00e9 participe \u00e0 la conf\u00e9rence g\u00e9n\u00e9rale de l\u2019Union des Universit\u00e9s arabes en Tunisie\">\r\n\t\t\tRecteur de l\u2019Universit\u00e9 par...<\/a> <\/li>\r\n<li style=\"text-align:left;\"><a href=\"category\/ann_fr\/\">plus<\/a><\/li>\r\n<\/ul>   <\/ul>\r\n\t<\/div>\r\n\t<\/div><\/div><\/div><\/div><div id=\"pg-3574-4\"  class=\"panel-grid panel-has-style\" ><div class=\"panel-row-style panel-row-style-for-3574-4\" ><div id=\"pgc-3574-4-0\"  class=\"panel-grid-cell\" ><div id=\"panel-3574-4-0-0\" class=\"so-panel widget widget_circleicon-widget panel-first-child panel-last-child\" data-index=\"8\" >\t\t<div class=\"circle-icon-box circle-icon-position-top circle-icon-hide-box circle-icon-size-small \">\n\t\t\t\t\t\t\t<div class=\"circle-icon-wrapper\">\n\t\t\t\t\t\t\t\t\t\t<a href=\"http:\/\/www.svu.edu.eg\/faculties\/phed\/?page_id=219&#038;preview=true\" class=\"link-icon\" >\t\t\t\t\t<div class=\"circle-icon icon-style-set\" style=\"background-color: #1e73be\">\n\t\t\t\t\t\t\t\t\t\t\t\t\t<div\n\t\t\t\t\t\t\t\tclass=\"fa fa-clock-o  icon-style-set\"\n\t\t\t\t\t\t\t\t\t\t\t\t\t\t\t><\/div>\n\t\t\t\t\t\t\t\t\t\t\t<\/div>\n\t\t\t\t\t<\/a>\t\t\t\t<\/div>\n\t\t\t\n\t\t\t\t\t\t\t<a\n\t\t\t\t\thref=\"http:\/\/www.svu.edu.eg\/faculties\/phed\/?page_id=219&#038;preview=true\"\n\t\t\t\t\tclass=\"link-title\" \t\t\t\t>\n\t\t\t\t\t\t\t\t\t\t<h4 >\n\t\t\t\t\tObjectifs strat\u00e9giques\t\t\t\t<\/h4>\n\t\t\t\t\t\t\t\t\t\t<\/a>\n\t\t\t\n\t\t\t\t\t\t\t<p class=\"text\" >\n\t\t\t\t   1-Formation d\u2019un professeur d\u2019\u00e9ducation physique pour diff\u00e9rents niveaux d\u2019\u00e9ducation. 2-Formation des entra\u00eeneurs sportifs pour des activit\u00e9s sportives. 3-Formation des sp\u00e9cialistes dans les domaines de l'administration du sport. 4-Qualification de membres du corps professoral, chercheurs et les sp\u00e9cialis\u00e9s dans le domaine du sport. 5-Effectuer des recherches et des \u00e9tudes scientifiques dans diff\u00e9rents domaines de l\u2019\u00e9ducation physique qui contribuent au service communautaire et au d\u00e9veloppement de l\u2019environnement. 6-\u00e9lever le niveau professionnel et scientifique des employ\u00e9s dans le domaine de l\u2019\u00e9ducation physique et les initier aux tendances modernes de l\u2019\u00e9ducation. 7- Coop\u00e9ration entre les organismes gouvernementaux et civils dans les domaines de l\u2019\u00e9ducation sportive. 8- \u00c9changer des exp\u00e9riences et des informations avec des institutions \u00e9ducatives et culturelles \u00e9gyptiennes, arabes et internationales, en plus de coop\u00e9rer avec elles.\t\t\t<\/p>\n\t\t\t\t\t\t\t\t\t\t<a\n\t\t\t\t\thref=\"http:\/\/www.svu.edu.eg\/faculties\/phed\/?page_id=219&#038;preview=true\"\n\t\t\t\t\tclass=\"more-button\"\n\t\t\t\t\t\t\t\t\t>\n\t\t\t\t\t\u0627\u0644\u0645\u0632\u064a\u062f\t\t\t\t\t<i><\/i>\n\t\t\t\t<\/a>\n\t\t\t\t\t<\/div>\n\t\t<\/div><\/div><div id=\"pgc-3574-4-1\"  class=\"panel-grid-cell\" ><div id=\"panel-3574-4-1-0\" class=\"so-panel widget widget_circleicon-widget panel-first-child panel-last-child\" data-index=\"9\" >\t\t<div class=\"circle-icon-box circle-icon-position-top circle-icon-hide-box circle-icon-size-small \">\n\t\t\t\t\t\t\t<div class=\"circle-icon-wrapper\">\n\t\t\t\t\t\t\t\t\t\t<div class=\"circle-icon icon-style-set\" style=\"background-color: #1e73be\">\n\t\t\t\t\t\t\t\t\t\t\t\t\t<div\n\t\t\t\t\t\t\t\tclass=\"fa fa-check-circle-o  icon-style-set\"\n\t\t\t\t\t\t\t\tstyle=\"color: #ffffff\"\t\t\t\t\t\t\t><\/div>\n\t\t\t\t\t\t\t\t\t\t\t<\/div>\n\t\t\t\t\t\t\t\t\t<\/div>\n\t\t\t\n\t\t\t\t\t\t\t\t\t\t<h4 >\n\t\t\t\t\tLa mission\t\t\t\t<\/h4>\n\t\t\t\t\t\t\n\t\t\t\t\t\t\t<p class=\"text\" >\n\t\t\t\tPr\u00e9parer les dipl\u00f4m\u00e9s avec des capacit\u00e9s physiques et techniques, qualit\u00e9s personnelles et des connaissances dans les domaines de sp\u00e9cialisation pour r\u00e9pondre aux besoins du march\u00e9 du travail et \u00e9lever le niveau professionnel pour les membres du personnel dans les domaines de l\u2019\u00e9ducation physique et de b\u00e9n\u00e9ficier de l\u2019expertise acad\u00e9mique en reliant les programmes de recherche scientifique avec les probl\u00e8mes de la soci\u00e9t\u00e9 du sport.\t\t\t<\/p>\n\t\t\t\t\t\t\t\t<\/div>\n\t\t<\/div><\/div><div id=\"pgc-3574-4-2\"  class=\"panel-grid-cell\" ><div id=\"panel-3574-4-2-0\" class=\"so-panel widget widget_circleicon-widget panel-first-child panel-last-child\" data-index=\"10\" >\t\t<div class=\"circle-icon-box circle-icon-position-top circle-icon-hide-box circle-icon-size-small \">\n\t\t\t\t\t\t\t<div class=\"circle-icon-wrapper\">\n\t\t\t\t\t\t\t\t\t\t<div class=\"circle-icon icon-style-set\" style=\"background-color: #1e73be\">\n\t\t\t\t\t\t\t\t\t\t\t\t\t<div\n\t\t\t\t\t\t\t\tclass=\"fa fa-pencil-square-o  icon-style-set\"\n\t\t\t\t\t\t\t\t\t\t\t\t\t\t\t><\/div>\n\t\t\t\t\t\t\t\t\t\t\t<\/div>\n\t\t\t\t\t\t\t\t\t<\/div>\n\t\t\t\n\t\t\t\t\t\t\t\t\t\t<h4 >\n\t\t\t\t\tLa vision\t\t\t\t<\/h4>\n\t\t\t\t\t\t\n\t\t\t\t\t\t\t<p class=\"text\" >\n\t\t\t\tExcellence et unicit\u00e9 dans le processus \u00e9ducatif pour suivre le rythme des d\u00e9veloppements modernes dans le domaine de \"formation - enseignement - administration\", selon les normes de qualit\u00e9, la diffusion de l\u2019\u00e9ducation physique \u00e0 l\u2019int\u00e9rieur et \u00e0 l\u2019ext\u00e9rieur de l\u2019universit\u00e9, comp\u00e9titivit\u00e9 et recherche scientifique.\t\t\t<\/p>\n\t\t\t\t\t\t\t\t<\/div>\n\t\t<\/div><\/div><\/div><\/div><\/div>","protected":false},"excerpt":{"rendered":"<p>Plus de nouvelles<\/p>\n","protected":false},"author":2,"featured_media":0,"parent":0,"menu_order":0,"comment_status":"closed","ping_status":"closed","template":"home-panels.php","meta":{"_monsterinsights_skip_tracking":false,"_monsterinsights_sitenote_active":false,"_monsterinsights_sitenote_note":"","_monsterinsights_sitenote_category":0},"_links":{"self":[{"href":"http:\/\/www.svu.edu.eg\/faculties\/phed\/wp-json\/wp\/v2\/pages\/3574"}],"collection":[{"href":"http:\/\/www.svu.edu.eg\/faculties\/phed\/wp-json\/wp\/v2\/pages"}],"about":[{"href":"http:\/\/www.svu.edu.eg\/faculties\/phed\/wp-json\/wp\/v2\/types\/page"}],"author":[{"embeddable":true,"href":"http:\/\/www.svu.edu.eg\/faculties\/phed\/wp-json\/wp\/v2\/users\/2"}],"replies":[{"embeddable":true,"href":"http:\/\/www.svu.edu.eg\/faculties\/phed\/wp-json\/wp\/v2\/comments?post=3574"}],"version-history":[{"count":8,"href":"http:\/\/www.svu.edu.eg\/faculties\/phed\/wp-json\/wp\/v2\/pages\/3574\/revisions"}],"predecessor-version":[{"id":6087,"href":"http:\/\/www.svu.edu.eg\/faculties\/phed\/wp-json\/wp\/v2\/pages\/3574\/revisions\/6087"}],"wp:attachment":[{"href":"http:\/\/www.svu.edu.eg\/faculties\/phed\/wp-json\/wp\/v2\/media?parent=3574"}],"curies":[{"name":"wp","href":"https:\/\/api.w.org\/{rel}","templated":true}]}}