{"id":4877,"date":"2020-12-17T09:04:44","date_gmt":"2020-12-17T09:04:44","guid":{"rendered":"http:\/\/www.svu.edu.eg\/faculties\/pharm\/?page_id=4877"},"modified":"2020-12-17T09:04:52","modified_gmt":"2020-12-17T09:04:52","slug":"les-ressources-humaines","status":"publish","type":"page","link":"http:\/\/www.svu.edu.eg\/faculties\/pharm\/fr\/les-ressources-humaines\/","title":{"rendered":"Les ressources humaines"},"content":{"rendered":"<p><strong>Services fournis par la gestion des ressources <\/strong>humaines<\/p>\n<ul>\n<li>Gestion des ressources humaines modifie les formulaires mensuels d\u2019\u00e9change de salaire Les membres du corps professoral et leurs adjoints, les heures exc\u00e9dentaires et les formulaires de correction sont mis \u00e0 la disposition des ma\u00eetres Les membres du corps professoral, leurs employ\u00e9s du coll\u00e8ge, et leurs d\u00e9l\u00e9gu\u00e9s de l\u2019ext\u00e9rieur d\u2019autres universit\u00e9s et des dossiers r\u00e9guliers de l\u2019enregistrement des prestations p\u00e9riodiques et des cartes ouvertes pour enregistrer les salaires variables<\/li>\n<li>Gestion des ressources humaines lib\u00e9ralis\u00e9 formulaires d\u2019\u00e9change de salaire R\u00e9mun\u00e9ration mensuelle et heures suppl\u00e9mentaires pour le personnel coll\u00e9gial et les registres r\u00e9guliers d\u2019inscription<\/li>\n<li>La gestion des ressources humaines assure le suivi au d\u00e9but de chaque ann\u00e9e Cong\u00e9 pour les employ\u00e9s du coll\u00e8ge conform\u00e9ment \u00e0 la loi et travail en cong\u00e9 Diff\u00e9rents employ\u00e9s du coll\u00e8ge, qu\u2019ils soient en vacances, normaux ou malades, ou sans salaire, le statut et les soins de l\u2019enfant pour les femmes que vous faites Surveiller le cycle satisfaisant de tout le personnel .<\/li>\n<li>&#8211; Gestion des ressources humaines lib\u00e9ralisation des formulaires d\u2019\u00e9change de salaire mensuel pour le personnel temporaire du coll\u00e8ge et des registres r\u00e9guliers de l\u2019enregistrement des prestations p\u00e9riodiques et mensuelles r\u00e9guli\u00e8res .<\/li>\n<li>&#8211; le Service des ressources humaines fait des annonces d\u2019emploi pour les membres La facult\u00e9 et ses adjoints et ex\u00e9cutent toutes les proc\u00e9dures de recrutement apr\u00e8s l\u2019ach\u00e8vement Date de l\u2019annonce<\/li>\n<\/ul>\n","protected":false},"excerpt":{"rendered":"<p>Services fournis par la gestion des ressources humaines Gestion des ressources humaines modifie les formulaires mensuels d\u2019\u00e9change de salaire Les membres du corps professoral et leurs adjoints, les heures exc\u00e9dentaires [&hellip;]<\/p>\n","protected":false},"author":2,"featured_media":0,"parent":0,"menu_order":0,"comment_status":"closed","ping_status":"closed","template":"","meta":[],"_links":{"self":[{"href":"http:\/\/www.svu.edu.eg\/faculties\/pharm\/wp-json\/wp\/v2\/pages\/4877"}],"collection":[{"href":"http:\/\/www.svu.edu.eg\/faculties\/pharm\/wp-json\/wp\/v2\/pages"}],"about":[{"href":"http:\/\/www.svu.edu.eg\/faculties\/pharm\/wp-json\/wp\/v2\/types\/page"}],"author":[{"embeddable":true,"href":"http:\/\/www.svu.edu.eg\/faculties\/pharm\/wp-json\/wp\/v2\/users\/2"}],"replies":[{"embeddable":true,"href":"http:\/\/www.svu.edu.eg\/faculties\/pharm\/wp-json\/wp\/v2\/comments?post=4877"}],"version-history":[{"count":1,"href":"http:\/\/www.svu.edu.eg\/faculties\/pharm\/wp-json\/wp\/v2\/pages\/4877\/revisions"}],"predecessor-version":[{"id":4878,"href":"http:\/\/www.svu.edu.eg\/faculties\/pharm\/wp-json\/wp\/v2\/pages\/4877\/revisions\/4878"}],"wp:attachment":[{"href":"http:\/\/www.svu.edu.eg\/faculties\/pharm\/wp-json\/wp\/v2\/media?parent=4877"}],"curies":[{"name":"wp","href":"https:\/\/api.w.org\/{rel}","templated":true}]}}