{"id":4829,"date":"2020-12-17T07:44:39","date_gmt":"2020-12-17T07:44:39","guid":{"rendered":"http:\/\/www.svu.edu.eg\/faculties\/pharm\/?page_id=4829"},"modified":"2020-12-17T07:44:45","modified_gmt":"2020-12-17T07:44:45","slug":"services-electroniques-2","status":"publish","type":"page","link":"http:\/\/www.svu.edu.eg\/faculties\/pharm\/fr\/services-electroniques-2\/","title":{"rendered":"Services \u00e9lectroniques"},"content":{"rendered":"<p><strong>Page d\u2019accueil de l\u2019Unit\u00e9 des services \u00e9lectroniques<\/strong><\/p>\n<p>Dans un effort de ICTP pour activer ses services pour atteindre les utilisateurs du coll\u00e8ge, le corps professoral et le personnel, il unit\u00e9s ont \u00e9t\u00e9 mis en place dans les coll\u00e8ges. L\u2019objectif est de mettre en place le projet d\u2019unit\u00e9 e-Services dans tous les coll\u00e8ges universitaires au cours des cinq prochaines ann\u00e9es, progressivement, avec 20% des coll\u00e8ges de chaque universit\u00e9 par an. Ces unit\u00e9s sont le lien entre les six projets soumis par l\u2019ICTP au niveau universitaire et les diff\u00e9rents coll\u00e8ges. En plus d\u2019accro\u00eetre l\u2019efficacit\u00e9 des projets universitaires (r\u00e9seau, syst\u00e8mes d\u2019information de gestion, formation, biblioth\u00e8que num\u00e9rique, apprentissage en ligne, passerelle num\u00e9rique), ces unit\u00e9s visent \u00e0 fournir des services exceptionnels en technologie de l\u2019information aux coll\u00e8ges.<\/p>\n<p><img decoding=\"async\" loading=\"lazy\" class=\"aligncenter\" src=\"http:\/\/www.svu.edu.eg\/faculties\/pharm\/wp-content\/uploads\/2020\/01\/%D9%88%D8%AD%D8%AF%D8%A9-%D8%AA%D9%83%D9%86%D9%84%D9%88%D8%AC%D9%8A%D8%A7-%D8%A7%D9%84%D9%85%D8%B9%D9%84%D9%88%D9%85%D8%A7%D8%AA.jpg\" width=\"376\" height=\"274\"><\/p>\n","protected":false},"excerpt":{"rendered":"<p>Page d\u2019accueil de l\u2019Unit\u00e9 des services \u00e9lectroniques Dans un effort de ICTP pour activer ses services pour atteindre les utilisateurs du coll\u00e8ge, le corps professoral et le personnel, il unit\u00e9s [&hellip;]<\/p>\n","protected":false},"author":2,"featured_media":0,"parent":0,"menu_order":0,"comment_status":"closed","ping_status":"closed","template":"","meta":[],"_links":{"self":[{"href":"http:\/\/www.svu.edu.eg\/faculties\/pharm\/wp-json\/wp\/v2\/pages\/4829"}],"collection":[{"href":"http:\/\/www.svu.edu.eg\/faculties\/pharm\/wp-json\/wp\/v2\/pages"}],"about":[{"href":"http:\/\/www.svu.edu.eg\/faculties\/pharm\/wp-json\/wp\/v2\/types\/page"}],"author":[{"embeddable":true,"href":"http:\/\/www.svu.edu.eg\/faculties\/pharm\/wp-json\/wp\/v2\/users\/2"}],"replies":[{"embeddable":true,"href":"http:\/\/www.svu.edu.eg\/faculties\/pharm\/wp-json\/wp\/v2\/comments?post=4829"}],"version-history":[{"count":2,"href":"http:\/\/www.svu.edu.eg\/faculties\/pharm\/wp-json\/wp\/v2\/pages\/4829\/revisions"}],"predecessor-version":[{"id":4831,"href":"http:\/\/www.svu.edu.eg\/faculties\/pharm\/wp-json\/wp\/v2\/pages\/4829\/revisions\/4831"}],"wp:attachment":[{"href":"http:\/\/www.svu.edu.eg\/faculties\/pharm\/wp-json\/wp\/v2\/media?parent=4829"}],"curies":[{"name":"wp","href":"https:\/\/api.w.org\/{rel}","templated":true}]}}