{"id":4366,"date":"2020-12-08T07:31:59","date_gmt":"2020-12-08T07:31:59","guid":{"rendered":"http:\/\/www.svu.edu.eg\/faculties\/pharm\/?page_id=4366"},"modified":"2020-12-08T10:05:49","modified_gmt":"2020-12-08T10:05:49","slug":"homepage_fr","status":"publish","type":"page","link":"http:\/\/www.svu.edu.eg\/faculties\/pharm\/fr\/homepage_fr\/","title":{"rendered":"Homepage_fr"},"content":{"rendered":"<div id=\"pl-4366\"  class=\"panel-layout\" ><div id=\"pg-4366-0\"  class=\"panel-grid panel-no-style\" ><div id=\"pgc-4366-0-0\"  class=\"panel-grid-cell panel-grid-cell-empty\" ><\/div><\/div><div id=\"pg-4366-1\"  class=\"panel-grid panel-has-style\" ><div class=\"wide-grey panel-row-style panel-row-style-for-4366-1\" ><div id=\"pgc-4366-1-0\"  class=\"panel-grid-cell\" ><div id=\"panel-4366-1-0-0\" class=\"so-panel widget widget_headline-widget panel-first-child panel-last-child\" data-index=\"0\" >\t\t<h1>A' propos<\/h1>\n\t\t<div class=\"decoration\"><div class=\"decoration-inside\"><\/div><\/div>\n\t\t<h3>\u0628\u062f\u0623\u062a \u0627\u0644\u062f\u0631\u0627\u0633\u0629 \u0628\u0643\u0644\u064a\u0629 \u0627\u0644\u0635\u064a\u062f\u0644\u0629  \u0641\u064a \u0627\u0644\u0639\u0627\u0645 \u0627\u0644\u062f\u0631\u0627\u0633\u064a 2017\/2016 \u0628\u0645\u0648\u062c\u0628 \u0642\u0631\u0627\u0631 \u0645\u062c\u0644\u0633 \u0627\u0644\u0648\u0632\u0631\u0627\u0621 \u0631\u0642\u0645 1596 \u0644\u0633\u0646\u0629 2015\u060c \u0628\u0625\u0636\u0627\u0641\u0629 \u0643\u0644\u064a\u0629 \u0627\u0644\u0635\u064a\u062f\u0644\u0629 \u0625\u0644\u0649 \u062c\u0627\u0645\u0639\u0629 \u062c\u0646\u0648\u0628 \u0627\u0644\u0648\u0627\u062f\u064a .<\/h3>\n\t\t<\/div><\/div><\/div><\/div><div id=\"pg-4366-2\"  class=\"panel-grid panel-no-style\" ><div id=\"pgc-4366-2-0\"  class=\"panel-grid-cell\" ><div id=\"panel-4366-2-0-0\" class=\"so-panel widget widget_siteorigin-panels-postloop panel-first-child\" data-index=\"1\" ><div class=\"panel-widget-style panel-widget-style-for-4366-2-0-0\" ><h3 class=\"widget-title\">Derni\u00e8res nouvelles<\/h3><\/div><\/div><div id=\"panel-4366-2-0-1\" class=\"so-panel widget widget_text panel-last-child\" data-index=\"2\" >\t\t\t<div class=\"textwidget\"><p style=\"direction: ltr;\"><a href=\"http:\/\/www.svu.edu.eg\/faculties\/pharm\/fr\/category\/news_fr\/\">Plus de nouvelles<\/a><\/p>\n<\/div>\n\t\t<\/div><\/div><\/div><div id=\"pg-4366-3\"  class=\"panel-grid panel-no-style\" ><div id=\"pgc-4366-3-0\"  class=\"panel-grid-cell\" ><div id=\"panel-4366-3-0-0\" class=\"so-panel widget widget_xyz_insert_php_widget panel-first-child panel-last-child\" data-index=\"3\" >\r\n\t<div class=\"announc\">\r\n      <h2> Conf\u00e9rences<\/h2>\r\n\t<div class=\"announc-body\">\r\n\t<ul>\r\n             \r\n<ul><li style=\"text-align:left;\"><a href=\"category\/conf_fr\/\">plus<\/a><\/li>\r\n<\/ul>   <\/ul>\r\n\t<\/div>\r\n\t<\/div><\/div><\/div><div id=\"pgc-4366-3-1\"  class=\"panel-grid-cell\" ><div id=\"panel-4366-3-1-0\" class=\"so-panel widget widget_media_video panel-first-child\" data-index=\"4\" ><div style=\"width:100%;\" class=\"wp-video\"><!--[if lt IE 9]><script>document.createElement('video');<\/script><![endif]-->\n<video class=\"wp-video-shortcode\" id=\"video-4366-1\" preload=\"metadata\" controls=\"controls\"><source type=\"video\/mp4\" src=\"http:\/\/www.svu.edu.eg\/faculties\/pharm\/wp-content\/uploads\/2020\/01\/\u0641\u064a\u062f\u064a\u0648-\u0635\u064a\u062f\u0644\u0647.mp4?_=1\" \/><source type=\"video\/mp4\" src=\"http:\/\/www.svu.edu.eg\/faculties\/pharm\/wp-content\/uploads\/2020\/01\/\u0641\u064a\u062f\u064a\u0648-\u0635\u064a\u062f\u0644\u0647.mp4?_=1\" \/><a href=\"http:\/\/www.svu.edu.eg\/faculties\/pharm\/wp-content\/uploads\/2020\/01\/\u0641\u064a\u062f\u064a\u0648-\u0635\u064a\u062f\u0644\u0647.mp4\">http:\/\/www.svu.edu.eg\/faculties\/pharm\/wp-content\/uploads\/2020\/01\/\u0641\u064a\u062f\u064a\u0648-\u0635\u064a\u062f\u0644\u0647.mp4<\/a><\/video><\/div><\/div><div id=\"panel-4366-3-1-1\" class=\"so-panel widget widget_media_video panel-last-child\" data-index=\"5\" ><div style=\"width:100%;\" class=\"wp-video\"><video class=\"wp-video-shortcode\" id=\"video-4366-2\" preload=\"metadata\" controls=\"controls\"><source type=\"video\/mp4\" src=\"http:\/\/www.svu.edu.eg\/faculties\/pharm\/wp-content\/uploads\/2020\/12\/\u0641\u064a\u0631\u0648\u0633-\u0643\u0648\u0631\u0648\u0646\u0627-\u0627\u0644\u0645\u0633\u062a\u062c\u062f-\u0648\u0627\u0644\u0648\u0628\u0627\u0621-\u0627\u0644\u0639\u0627\u0644\u0645\u064a\u060c-\u0641\u064a\u062f\u064a\u0648-\u062a\u0648\u0639\u0648\u064a-\u0644\u0644\u0645\u062c\u062a\u0645\u0639-1.mp4?_=2\" \/><source type=\"video\/mp4\" src=\"http:\/\/www.svu.edu.eg\/faculties\/pharm\/wp-content\/uploads\/2020\/12\/\u0641\u064a\u0631\u0648\u0633-\u0643\u0648\u0631\u0648\u0646\u0627-\u0627\u0644\u0645\u0633\u062a\u062c\u062f-\u0648\u0627\u0644\u0648\u0628\u0627\u0621-\u0627\u0644\u0639\u0627\u0644\u0645\u064a\u060c-\u0641\u064a\u062f\u064a\u0648-\u062a\u0648\u0639\u0648\u064a-\u0644\u0644\u0645\u062c\u062a\u0645\u0639-1.mp4?_=2\" \/><a href=\"http:\/\/www.svu.edu.eg\/faculties\/pharm\/wp-content\/uploads\/2020\/12\/\u0641\u064a\u0631\u0648\u0633-\u0643\u0648\u0631\u0648\u0646\u0627-\u0627\u0644\u0645\u0633\u062a\u062c\u062f-\u0648\u0627\u0644\u0648\u0628\u0627\u0621-\u0627\u0644\u0639\u0627\u0644\u0645\u064a\u060c-\u0641\u064a\u062f\u064a\u0648-\u062a\u0648\u0639\u0648\u064a-\u0644\u0644\u0645\u062c\u062a\u0645\u0639-1.mp4\">http:\/\/www.svu.edu.eg\/faculties\/pharm\/wp-content\/uploads\/2020\/12\/\u0641\u064a\u0631\u0648\u0633-\u0643\u0648\u0631\u0648\u0646\u0627-\u0627\u0644\u0645\u0633\u062a\u062c\u062f-\u0648\u0627\u0644\u0648\u0628\u0627\u0621-\u0627\u0644\u0639\u0627\u0644\u0645\u064a\u060c-\u0641\u064a\u062f\u064a\u0648-\u062a\u0648\u0639\u0648\u064a-\u0644\u0644\u0645\u062c\u062a\u0645\u0639-1.mp4<\/a><\/video><\/div><\/div><\/div><div id=\"pgc-4366-3-2\"  class=\"panel-grid-cell\" ><div id=\"panel-4366-3-2-0\" class=\"so-panel widget widget_xyz_insert_php_widget panel-first-child panel-last-child\" data-index=\"6\" >\r\n\t<div class=\"announc\">\r\n      <h2> Annonces<\/h2>\r\n\t<div class=\"announc-body\">\r\n\t<ul>\r\n             \r\n<ul><li style=\"text-align:left;\"><a href=\"category\/ann_fr\/\">Plus<\/a><\/li>\r\n<\/ul>   <\/ul>\r\n\t<\/div>\r\n\t<\/div><\/div><\/div><\/div><div id=\"pg-4366-4\"  class=\"panel-grid panel-has-style\" ><div style=\"background-color: #c4eeff; \" class=\"panel-row-style panel-row-style-for-4366-4\" ><div id=\"pgc-4366-4-0\"  class=\"panel-grid-cell\" ><div id=\"panel-4366-4-0-0\" class=\"so-panel widget widget_circleicon-widget panel-first-child panel-last-child\" data-index=\"7\" >\t\t<div class=\"circle-icon-box circle-icon-position-top circle-icon-hide-box circle-icon-size-small \">\n\t\t\t\t\t\t\t<div class=\"circle-icon-wrapper\">\n\t\t\t\t\t\t\t\t\t\t<div class=\"circle-icon icon-style-set\" style=\"background-color: #1e73be\">\n\t\t\t\t\t\t\t\t\t\t\t\t\t<div class=\"fa fa-clock-o\" ><\/div>\n\t\t\t\t\t\t\t\t\t\t\t<\/div> \n\t\t\t\t\t\t\t\t\t<\/div>\n\t\t\t\n\t\t\t\t\t\t\t\t\t\t<h4 >\n\t\t\t\t\tObjectifs de la facult\u00e9\t\t\t\t<\/h4>\n\t\t\t\t\t\t\n\t\t\t\t\t\t\t<p class=\"text\" >1- Formation d\u2019un dipl\u00f4m\u00e9 sp\u00e9cialis\u00e9 en sciences pharmaceutiques.  2- Effectuer des recherches pratiques et appliqu\u00e9es dans les domaines pharmaceutiques li\u00e9s aux services et au d\u00e9veloppement communaut\u00e9.  3- Cr\u00e9ation des unit\u00e9s sp\u00e9ciales pour fournir des conseils et des services scientifiques et techniques aux autorit\u00e9s sanitaires et \u00e0 l\u2019industrie pharmaceutique.  4- Continuer de soutien  tous les domaines pharmaceutiques afin de r\u00e9pondre aux besoins de la soci\u00e9t\u00e9. <\/p>\n\t\t\t\t\t\t\t\t<\/div>\n\t\t<\/div><\/div><div id=\"pgc-4366-4-1\"  class=\"panel-grid-cell\" ><div id=\"panel-4366-4-1-0\" class=\"so-panel widget widget_circleicon-widget panel-first-child panel-last-child\" data-index=\"8\" >\t\t<div class=\"circle-icon-box circle-icon-position-top circle-icon-hide-box circle-icon-size-small \">\n\t\t\t\t\t\t\t<div class=\"circle-icon-wrapper\">\n\t\t\t\t\t\t\t\t\t\t<div class=\"circle-icon icon-style-set\" style=\"background-color: #1e73be\">\n\t\t\t\t\t\t\t\t\t\t\t\t\t<div class=\"fa fa-check-circle-o\" style=\"color: #ffffff\"><\/div>\n\t\t\t\t\t\t\t\t\t\t\t<\/div> \n\t\t\t\t\t\t\t\t\t<\/div>\n\t\t\t\n\t\t\t\t\t\t\t\t\t\t<h4 >\n\t\t\t\t\tLa mission \t\t\t\t<\/h4>\n\t\t\t\t\t\t\n\t\t\t\t\t\t\t<p class=\"text\" >La facult\u00e9 vise \u00e0 formation des dipl\u00f4m\u00e9s qualifi\u00e9s  qui peuvent concourir pour le niveau national \u00e0 travers des programmes \u00e9ducatifs exceptionnels et en accord avec le d\u00e9veloppement de la recherche dans le d\u00e9veloppement de la soci\u00e9t\u00e9 et de l\u2019environnement, la facult\u00e9 adopte \u00e9galement la pharmacie et la recherche m\u00e9dicale en coop\u00e9ration avec l\u2019\u00e9quipe m\u00e9dicale,  et avec les objectifs nationaux de l'\u00c9tat.<\/p>\n\t\t\t\t\t\t\t\t<\/div>\n\t\t<\/div><\/div><div id=\"pgc-4366-4-2\"  class=\"panel-grid-cell\" ><div id=\"panel-4366-4-2-0\" class=\"so-panel widget widget_circleicon-widget panel-first-child panel-last-child\" data-index=\"9\" >\t\t<div class=\"circle-icon-box circle-icon-position-top circle-icon-hide-box circle-icon-size-small \">\n\t\t\t\t\t\t\t<div class=\"circle-icon-wrapper\">\n\t\t\t\t\t\t\t\t\t\t<div class=\"circle-icon icon-style-set\" style=\"background-color: #1e73be\">\n\t\t\t\t\t\t\t\t\t\t\t\t\t<div class=\"fa fa-pencil-square-o\" ><\/div>\n\t\t\t\t\t\t\t\t\t\t\t<\/div> \n\t\t\t\t\t\t\t\t\t<\/div>\n\t\t\t\n\t\t\t\t\t\t\t\t\t\t<h4 >\n\t\t\t\t\tLa vision\t\t\t\t<\/h4>\n\t\t\t\t\t\t\n\t\t\t\t\t\t\t<p class=\"text\" >Facult\u00e9 de pharmacie de l\u2019Universit\u00e9 du Sud de la vall\u00e9e vise \u00e0 devenir une institution r\u00e9gionale et internationale accr\u00e9dit\u00e9e dans le domaine de la pharmacie et de la recherche scientifique et de service communautaire.<\/p>\n\t\t\t\t\t\t\t\t<\/div>\n\t\t<\/div><\/div><\/div><\/div><\/div>","protected":false},"excerpt":{"rendered":"<p>A&#8217; propos \u0628\u062f\u0623\u062a \u0627\u0644\u062f\u0631\u0627\u0633\u0629 \u0628\u0643\u0644\u064a\u0629 \u0627\u0644\u0635\u064a\u062f\u0644\u0629 \u0641\u064a \u0627\u0644\u0639\u0627\u0645 \u0627\u0644\u062f\u0631\u0627\u0633\u064a 2017\/2016 \u0628\u0645\u0648\u062c\u0628 \u0642\u0631\u0627\u0631 \u0645\u062c\u0644\u0633 \u0627\u0644\u0648\u0632\u0631\u0627\u0621 \u0631\u0642\u0645 1596 \u0644\u0633\u0646\u0629 2015\u060c \u0628\u0625\u0636\u0627\u0641\u0629 \u0643\u0644\u064a\u0629 \u0627\u0644\u0635\u064a\u062f\u0644\u0629 \u0625\u0644\u0649 \u062c\u0627\u0645\u0639\u0629 \u062c\u0646\u0648\u0628 \u0627\u0644\u0648\u0627\u062f\u064a . Derni\u00e8res nouvelles Plus de [&hellip;]<\/p>\n","protected":false},"author":2,"featured_media":0,"parent":0,"menu_order":0,"comment_status":"closed","ping_status":"closed","template":"home-panels.php","meta":[],"_links":{"self":[{"href":"http:\/\/www.svu.edu.eg\/faculties\/pharm\/wp-json\/wp\/v2\/pages\/4366"}],"collection":[{"href":"http:\/\/www.svu.edu.eg\/faculties\/pharm\/wp-json\/wp\/v2\/pages"}],"about":[{"href":"http:\/\/www.svu.edu.eg\/faculties\/pharm\/wp-json\/wp\/v2\/types\/page"}],"author":[{"embeddable":true,"href":"http:\/\/www.svu.edu.eg\/faculties\/pharm\/wp-json\/wp\/v2\/users\/2"}],"replies":[{"embeddable":true,"href":"http:\/\/www.svu.edu.eg\/faculties\/pharm\/wp-json\/wp\/v2\/comments?post=4366"}],"version-history":[{"count":4,"href":"http:\/\/www.svu.edu.eg\/faculties\/pharm\/wp-json\/wp\/v2\/pages\/4366\/revisions"}],"predecessor-version":[{"id":4412,"href":"http:\/\/www.svu.edu.eg\/faculties\/pharm\/wp-json\/wp\/v2\/pages\/4366\/revisions\/4412"}],"wp:attachment":[{"href":"http:\/\/www.svu.edu.eg\/faculties\/pharm\/wp-json\/wp\/v2\/media?parent=4366"}],"curies":[{"name":"wp","href":"https:\/\/api.w.org\/{rel}","templated":true}]}}