{"id":4684,"date":"2021-12-14T10:05:29","date_gmt":"2021-12-14T10:05:29","guid":{"rendered":"http:\/\/www.svu.edu.eg\/faculties\/nurs\/?page_id=4684"},"modified":"2021-12-14T10:06:08","modified_gmt":"2021-12-14T10:06:08","slug":"fonction","status":"publish","type":"page","link":"http:\/\/www.svu.edu.eg\/faculties\/nurs\/fr\/fonction\/","title":{"rendered":"Fonction"},"content":{"rendered":"<ul>\n<li><span style=\"font-size: 14pt;\">Le D\u00e9partement du Personnel \u00e9dite les formulaires d\u2019\u00e9change pour les salaires mensuels des membres de la facult\u00e9 et de leur personnel, ainsi que les extra-heures de quorum et formulaires de correction pour les membres de la facult\u00e9 et leur personnel de l\u2019int\u00e9rieur du coll\u00e8ge et de l\u2019\u00e9tranger d\u2019autres universit\u00e9s, fait des enregistrements r\u00e9guliers de l\u2019enregistrement p\u00e9riodique des prestations et ouvre des cartes pour l\u2019enregistrement des salaires variables.<\/span><\/li>\n<li><span style=\"font-size: 14pt;\">Le minist\u00e8re du Travail r\u00e9vise les formulaires d\u2019\u00e9change pour les salaires mensuels, les primes et les salaires de subsistance des employ\u00e9s du Coll\u00e8ge (employ\u00e9s), enregistre r\u00e9guli\u00e8rement l\u2019enregistrement p\u00e9riodique des prestations et ouvre des cartes pour l\u2019enregistrement des salaires variables.<\/span><\/li>\n<\/ul>\n","protected":false},"excerpt":{"rendered":"<p>Le D\u00e9partement du Personnel \u00e9dite les formulaires d\u2019\u00e9change pour les salaires mensuels des membres de la facult\u00e9 et de leur personnel, ainsi que les extra-heures de quorum et formulaires de [&hellip;]<\/p>\n","protected":false},"author":2,"featured_media":0,"parent":0,"menu_order":0,"comment_status":"closed","ping_status":"closed","template":"","meta":{"_monsterinsights_skip_tracking":false,"_monsterinsights_sitenote_active":false,"_monsterinsights_sitenote_note":"","_monsterinsights_sitenote_category":0},"_links":{"self":[{"href":"http:\/\/www.svu.edu.eg\/faculties\/nurs\/wp-json\/wp\/v2\/pages\/4684"}],"collection":[{"href":"http:\/\/www.svu.edu.eg\/faculties\/nurs\/wp-json\/wp\/v2\/pages"}],"about":[{"href":"http:\/\/www.svu.edu.eg\/faculties\/nurs\/wp-json\/wp\/v2\/types\/page"}],"author":[{"embeddable":true,"href":"http:\/\/www.svu.edu.eg\/faculties\/nurs\/wp-json\/wp\/v2\/users\/2"}],"replies":[{"embeddable":true,"href":"http:\/\/www.svu.edu.eg\/faculties\/nurs\/wp-json\/wp\/v2\/comments?post=4684"}],"version-history":[{"count":1,"href":"http:\/\/www.svu.edu.eg\/faculties\/nurs\/wp-json\/wp\/v2\/pages\/4684\/revisions"}],"predecessor-version":[{"id":4685,"href":"http:\/\/www.svu.edu.eg\/faculties\/nurs\/wp-json\/wp\/v2\/pages\/4684\/revisions\/4685"}],"wp:attachment":[{"href":"http:\/\/www.svu.edu.eg\/faculties\/nurs\/wp-json\/wp\/v2\/media?parent=4684"}],"curies":[{"name":"wp","href":"https:\/\/api.w.org\/{rel}","templated":true}]}}