{"id":3351,"date":"2020-12-01T10:31:41","date_gmt":"2020-12-01T10:31:41","guid":{"rendered":"http:\/\/www.svu.edu.eg\/faculties\/nurs\/?page_id=3351"},"modified":"2020-12-05T08:19:24","modified_gmt":"2020-12-05T08:19:24","slug":"homepage_fr","status":"publish","type":"page","link":"http:\/\/www.svu.edu.eg\/faculties\/nurs\/fr\/homepage_fr\/","title":{"rendered":"Homepage_fr"},"content":{"rendered":"<div id=\"pl-3351\"  class=\"panel-layout\" ><div id=\"pg-3351-0\"  class=\"panel-grid panel-no-style\" ><div id=\"pgc-3351-0-0\"  class=\"panel-grid-cell panel-grid-cell-empty\" ><\/div><\/div><div id=\"pg-3351-1\"  class=\"panel-grid panel-has-style\" ><div class=\"wide-grey panel-row-style panel-row-style-for-3351-1\" ><div id=\"pgc-3351-1-0\"  class=\"panel-grid-cell\" ><div id=\"panel-3351-1-0-0\" class=\"so-panel widget widget_headline-widget panel-first-child panel-last-child\" data-index=\"0\" >\t\t<h1>La facult\u00e9 d'Infirmerie de Q\u00e9na accueille des nouveaux et anciens \u00e9tudiants pour l'ann\u00e9e acad\u00e9mique 2020- 2021<\/h1>\n\t\t<div class=\"decoration\"><div class=\"decoration-inside\"><\/div><\/div>\n\t\t<h3>La facult\u00e9 d'Infirmerie de Q\u00e9na accueille des nouveaux et anciens \u00e9tudiants pour l'ann\u00e9e acad\u00e9mique 2020- 2021<\/h3>\n\t\t<\/div><\/div><\/div><\/div><div id=\"pg-3351-2\"  class=\"panel-grid panel-no-style\" ><div id=\"pgc-3351-2-0\"  class=\"panel-grid-cell\" ><div id=\"panel-3351-2-0-0\" class=\"so-panel widget widget_siteorigin-panels-postloop panel-first-child\" data-index=\"1\" ><div class=\"panel-widget-style panel-widget-style-for-3351-2-0-0\" ><h3 class=\"widget-title\">Derni\u00e8res nouvelles<\/h3>\n<article id=\"post-9775\" class=\"post-9775 post type-post status-publish format-standard has-post-thumbnail hentry category-news post-with-thumbnail post-with-thumbnail-icon\">\n\n\t\t\t<div class=\"entry-thumbnail\">\n\t\t\t<a href=\"http:\/\/www.svu.edu.eg\/faculties\/nurs\/%d8%a7%d8%b3%d8%aa%d9%85%d8%b1%d8%a7%d8%b1-%d8%b7%d9%84%d8%a8%d8%a9-%d9%83%d9%84%d9%8a%d8%a9-%d8%a7%d9%84%d8%aa%d9%85%d8%b1%d9%8a%d8%b6-%d9%81%d9%8a-%d8%a7%d9%84%d8%ae%d9%8a%d9%85-%d8%a7%d9%84%d8%aa\/\"><img width=\"84\" height=\"150\" src=\"http:\/\/www.svu.edu.eg\/faculties\/nurs\/wp-content\/uploads\/2026\/02\/62cf83a3-9222-479f-a3ea-7c20116df488-84x150.jpeg\" class=\"attachment-thumbnail size-thumbnail wp-post-image\" alt=\"\" decoding=\"async\" loading=\"lazy\" srcset=\"http:\/\/www.svu.edu.eg\/faculties\/nurs\/wp-content\/uploads\/2026\/02\/62cf83a3-9222-479f-a3ea-7c20116df488-84x150.jpeg 84w, http:\/\/www.svu.edu.eg\/faculties\/nurs\/wp-content\/uploads\/2026\/02\/62cf83a3-9222-479f-a3ea-7c20116df488-169x300.jpeg 169w, http:\/\/www.svu.edu.eg\/faculties\/nurs\/wp-content\/uploads\/2026\/02\/62cf83a3-9222-479f-a3ea-7c20116df488-576x1024.jpeg 576w, http:\/\/www.svu.edu.eg\/faculties\/nurs\/wp-content\/uploads\/2026\/02\/62cf83a3-9222-479f-a3ea-7c20116df488-768x1365.jpeg 768w, http:\/\/www.svu.edu.eg\/faculties\/nurs\/wp-content\/uploads\/2026\/02\/62cf83a3-9222-479f-a3ea-7c20116df488-864x1536.jpeg 864w, http:\/\/www.svu.edu.eg\/faculties\/nurs\/wp-content\/uploads\/2026\/02\/62cf83a3-9222-479f-a3ea-7c20116df488.jpeg 900w\" sizes=\"(max-width: 84px) 100vw, 84px\" \/><\/a>\n\t\t<\/div>\n\t\n\t<div class=\"entry-main\">\n\n\t\t\n\t\t<header class=\"entry-header\">\n\t\t\t\n\t\t\t<h1 class=\"entry-title\"><a href=\"http:\/\/www.svu.edu.eg\/faculties\/nurs\/%d8%a7%d8%b3%d8%aa%d9%85%d8%b1%d8%a7%d8%b1-%d8%b7%d9%84%d8%a8%d8%a9-%d9%83%d9%84%d9%8a%d8%a9-%d8%a7%d9%84%d8%aa%d9%85%d8%b1%d9%8a%d8%b6-%d9%81%d9%8a-%d8%a7%d9%84%d8%ae%d9%8a%d9%85-%d8%a7%d9%84%d8%aa\/\" title=\"Permalink to \u0627\u0633\u062a\u0645\u0631\u0627\u0631 \u0637\u0644\u0628\u0629 \u0643\u0644\u064a\u0629 \u0627\u0644\u062a\u0645\u0631\u064a\u0636 \u0641\u064a \u0627\u0644\u062e\u064a\u0645 \u0627\u0644\u062a\u0645\u0631\u064a\u0636\u064a\u0629 \u0627\u0644\u0645\u0648\u0632\u0639\u0629 \u062f\u0627\u062e\u0644 \u0627\u0644\u062c\u0627\u0645\u0639\u0629\" rel=\"bookmark\">\u0627\u0633\u062a\u0645\u0631\u0627\u0631 \u0637\u0644\u0628\u0629 \u0643\u0644\u064a\u0629 \u0627\u0644\u062a\u0645\u0631\u064a\u0636 \u0641\u064a \u0627\u0644\u062e\u064a\u0645 \u0627\u0644\u062a\u0645\u0631\u064a\u0636\u064a\u0629 \u0627\u0644\u0645\u0648\u0632\u0639\u0629 \u062f\u0627\u062e\u0644 \u0627\u0644\u062c\u0627\u0645\u0639\u0629<\/a><\/h1>\n\n\t\t\t\t\t\t\t<div class=\"entry-meta\">\n\t\t\t\t\t<a href=\"http:\/\/www.svu.edu.eg\/faculties\/nurs\/%d8%a7%d8%b3%d8%aa%d9%85%d8%b1%d8%a7%d8%b1-%d8%b7%d9%84%d8%a8%d8%a9-%d9%83%d9%84%d9%8a%d8%a9-%d8%a7%d9%84%d8%aa%d9%85%d8%b1%d9%8a%d8%b6-%d9%81%d9%8a-%d8%a7%d9%84%d8%ae%d9%8a%d9%85-%d8%a7%d9%84%d8%aa\/\" title=\"8:41 am\" rel=\"bookmark\"><time class=\"entry-date\" datetime=\"2026-02-18T08:41:31+00:00\">February 18, 2026<\/time><\/a><time class=\"updated\" datetime=\"2026-02-18T08:41:31+00:00\">February 18, 2026<\/time>  \t\t\t\t<\/div><!-- .entry-meta -->\n\t\t\t\n\t\t<\/header><!-- .entry-header -->\n\n\t\t\t\t\t<div class=\"entry-content\">\n\t\t\t\t<p>\u0627\u0633\u062a\u0645\u0631\u0627\u0631 \u0637\u0644\u0628\u0629 \u0643\u0644\u064a\u0629 \u0627\u0644\u062a\u0645\u0631\u064a\u0636 \u0641\u064a \u0627\u0644\u062e\u064a\u0645 \u0627\u0644\u062a\u0645\u0631\u064a\u0636\u064a\u0629 \u0627\u0644\u0645\u0648\u0632\u0639\u0629 \u062f\u0627\u062e\u0644 \u0627\u0644\u062c\u0627\u0645\u0639\u0629<\/p>\n\t\t\t\t\t\t\t\t<a class=\"more-link\" href=\"http:\/\/www.svu.edu.eg\/faculties\/nurs\/%d8%a7%d8%b3%d8%aa%d9%85%d8%b1%d8%a7%d8%b1-%d8%b7%d9%84%d8%a8%d8%a9-%d9%83%d9%84%d9%8a%d8%a9-%d8%a7%d9%84%d8%aa%d9%85%d8%b1%d9%8a%d8%b6-%d9%81%d9%8a-%d8%a7%d9%84%d8%ae%d9%8a%d9%85-%d8%a7%d9%84%d8%aa\/\">\u0627\u0644\u0645\u0632\u064a\u062f<span class=\"meta-nav\">&rarr;<\/span><\/a>\t\t\t\t\t\t\t<\/div><!-- .entry-content -->\n\t\t\n\t\t\n\t<\/div>\n\n<\/article><!-- #post-9775 -->\n\n<article id=\"post-9770\" class=\"post-9770 post type-post status-publish format-standard has-post-thumbnail hentry category-news post-with-thumbnail post-with-thumbnail-icon\">\n\n\t\t\t<div class=\"entry-thumbnail\">\n\t\t\t<a href=\"http:\/\/www.svu.edu.eg\/faculties\/nurs\/%d8%b6%d9%85%d9%86-%d9%81%d8%b9%d8%a7%d9%84%d9%8a%d8%a7%d8%aa-%d8%a7%d9%84%d8%a3%d8%b3%d8%a8%d9%88%d8%b9-%d8%a7%d9%84%d8%a8%d9%8a%d8%a6%d9%8a-%d8%a7%d9%84%d8%ab%d8%a7%d9%85%d9%86-%d8%b9%d8%b4%d8%b1-5\/\"><img width=\"200\" height=\"112\" src=\"http:\/\/www.svu.edu.eg\/faculties\/nurs\/wp-content\/uploads\/2026\/02\/Picture19-200x112.jpg\" class=\"attachment-thumbnail size-thumbnail wp-post-image\" alt=\"\" decoding=\"async\" loading=\"lazy\" srcset=\"http:\/\/www.svu.edu.eg\/faculties\/nurs\/wp-content\/uploads\/2026\/02\/Picture19-200x112.jpg 200w, http:\/\/www.svu.edu.eg\/faculties\/nurs\/wp-content\/uploads\/2026\/02\/Picture19-300x169.jpg 300w, http:\/\/www.svu.edu.eg\/faculties\/nurs\/wp-content\/uploads\/2026\/02\/Picture19-768x431.jpg 768w, http:\/\/www.svu.edu.eg\/faculties\/nurs\/wp-content\/uploads\/2026\/02\/Picture19-rotated.jpg 931w\" sizes=\"(max-width: 200px) 100vw, 200px\" \/><\/a>\n\t\t<\/div>\n\t\n\t<div class=\"entry-main\">\n\n\t\t\n\t\t<header class=\"entry-header\">\n\t\t\t\n\t\t\t<h1 class=\"entry-title\"><a href=\"http:\/\/www.svu.edu.eg\/faculties\/nurs\/%d8%b6%d9%85%d9%86-%d9%81%d8%b9%d8%a7%d9%84%d9%8a%d8%a7%d8%aa-%d8%a7%d9%84%d8%a3%d8%b3%d8%a8%d9%88%d8%b9-%d8%a7%d9%84%d8%a8%d9%8a%d8%a6%d9%8a-%d8%a7%d9%84%d8%ab%d8%a7%d9%85%d9%86-%d8%b9%d8%b4%d8%b1-5\/\" title=\"Permalink to \u0636\u0645\u0646 \u0641\u0639\u0627\u0644\u064a\u0627\u062a \u0627\u0644\u0623\u0633\u0628\u0648\u0639 \u0627\u0644\u0628\u064a\u0626\u064a \u0627\u0644\u062b\u0627\u0645\u0646 \u0639\u0634\u0631 \u0628\u062c\u0627\u0645\u0639\u0629 \u0642\u0646\u0627\" rel=\"bookmark\">\u0636\u0645\u0646 \u0641\u0639\u0627\u0644\u064a\u0627\u062a \u0627\u0644\u0623\u0633\u0628\u0648\u0639 \u0627\u0644\u0628\u064a\u0626\u064a \u0627\u0644\u062b\u0627\u0645\u0646 \u0639\u0634\u0631 \u0628\u062c\u0627\u0645\u0639\u0629 \u0642\u0646\u0627<\/a><\/h1>\n\n\t\t\t\t\t\t\t<div class=\"entry-meta\">\n\t\t\t\t\t<a href=\"http:\/\/www.svu.edu.eg\/faculties\/nurs\/%d8%b6%d9%85%d9%86-%d9%81%d8%b9%d8%a7%d9%84%d9%8a%d8%a7%d8%aa-%d8%a7%d9%84%d8%a3%d8%b3%d8%a8%d9%88%d8%b9-%d8%a7%d9%84%d8%a8%d9%8a%d8%a6%d9%8a-%d8%a7%d9%84%d8%ab%d8%a7%d9%85%d9%86-%d8%b9%d8%b4%d8%b1-5\/\" title=\"8:05 am\" rel=\"bookmark\"><time class=\"entry-date\" datetime=\"2026-02-18T08:05:25+00:00\">February 18, 2026<\/time><\/a><time class=\"updated\" datetime=\"2026-02-18T08:05:25+00:00\">February 18, 2026<\/time>  \t\t\t\t<\/div><!-- .entry-meta -->\n\t\t\t\n\t\t<\/header><!-- .entry-header -->\n\n\t\t\t\t\t<div class=\"entry-content\">\n\t\t\t\t<p>\u0636\u0645\u0646 \u0641\u0639\u0627\u0644\u064a\u0627\u062a \u0627\u0644\u0623\u0633\u0628\u0648\u0639 \u0627\u0644\u0628\u064a\u0626\u064a \u0627\u0644\u062b\u0627\u0645\u0646 \u0639\u0634\u0631 \u0628\u062c\u0627\u0645\u0639\u0629 \u0642\u0646\u0627\u060c \u0646\u0638\u0651\u0645\u062a \u0643\u0644\u064a\u0629 \u0627\u0644\u062a\u0645\u0631\u064a\u0636 \u0627\u0641\u062a\u062a\u0627\u062d \u0627\u0644\u0623\u0633\u0628\u0648\u0639 \u0627\u0644\u0628\u064a\u0626\u064a\u060c \u0648\u0630\u0644\u0643 \u062a\u062d\u062a \u0631\u0639\u0627\u064a\u0629 \u0627\u0644\u062f\u0643\u062a\u0648\u0631 \u0623\u062d\u0645\u062f \u0639\u0643\u0627\u0648\u064a \u0631\u0626\u064a\u0633 \u062c\u0627\u0645\u0639\u0629 \u0642\u0646\u0627\u060c \u0648\u0627\u0644\u062f\u0643\u062a\u0648\u0631 \u0645\u062d\u0645\u062f \u0633\u0639\u064a\u062f \u0646\u0627\u0626\u0628 \u0631\u0626\u064a\u0633 \u0627\u0644\u062c\u0627\u0645\u0639\u0629 \u0644\u0634\u0624\u0648\u0646 [&hellip;]<\/p>\n\t\t\t\t\t\t\t\t<a class=\"more-link\" href=\"http:\/\/www.svu.edu.eg\/faculties\/nurs\/%d8%b6%d9%85%d9%86-%d9%81%d8%b9%d8%a7%d9%84%d9%8a%d8%a7%d8%aa-%d8%a7%d9%84%d8%a3%d8%b3%d8%a8%d9%88%d8%b9-%d8%a7%d9%84%d8%a8%d9%8a%d8%a6%d9%8a-%d8%a7%d9%84%d8%ab%d8%a7%d9%85%d9%86-%d8%b9%d8%b4%d8%b1-5\/\">\u0627\u0644\u0645\u0632\u064a\u062f<span class=\"meta-nav\">&rarr;<\/span><\/a>\t\t\t\t\t\t\t<\/div><!-- .entry-content -->\n\t\t\n\t\t\n\t<\/div>\n\n<\/article><!-- #post-9770 -->\n\n<article id=\"post-9765\" class=\"post-9765 post type-post status-publish format-standard has-post-thumbnail hentry category-news post-with-thumbnail post-with-thumbnail-icon\">\n\n\t\t\t<div class=\"entry-thumbnail\">\n\t\t\t<a href=\"http:\/\/www.svu.edu.eg\/faculties\/nurs\/%d8%b6%d9%85%d9%86-%d9%81%d8%b9%d8%a7%d9%84%d9%8a%d8%a7%d8%aa-%d8%a7%d9%84%d8%a3%d8%b3%d8%a8%d9%88%d8%b9-%d8%a7%d9%84%d8%a8%d9%8a%d8%a6%d9%8a-%d8%a7%d9%84%d8%ab%d8%a7%d9%85%d9%86-%d8%b9%d8%b4%d8%b1-4\/\"><img width=\"84\" height=\"150\" src=\"http:\/\/www.svu.edu.eg\/faculties\/nurs\/wp-content\/uploads\/2026\/02\/Picture16-84x150.jpg\" class=\"attachment-thumbnail size-thumbnail wp-post-image\" alt=\"\" decoding=\"async\" loading=\"lazy\" srcset=\"http:\/\/www.svu.edu.eg\/faculties\/nurs\/wp-content\/uploads\/2026\/02\/Picture16-84x150.jpg 84w, http:\/\/www.svu.edu.eg\/faculties\/nurs\/wp-content\/uploads\/2026\/02\/Picture16-169x300.jpg 169w, http:\/\/www.svu.edu.eg\/faculties\/nurs\/wp-content\/uploads\/2026\/02\/Picture16.jpg 523w\" sizes=\"(max-width: 84px) 100vw, 84px\" \/><\/a>\n\t\t<\/div>\n\t\n\t<div class=\"entry-main\">\n\n\t\t\n\t\t<header class=\"entry-header\">\n\t\t\t\n\t\t\t<h1 class=\"entry-title\"><a href=\"http:\/\/www.svu.edu.eg\/faculties\/nurs\/%d8%b6%d9%85%d9%86-%d9%81%d8%b9%d8%a7%d9%84%d9%8a%d8%a7%d8%aa-%d8%a7%d9%84%d8%a3%d8%b3%d8%a8%d9%88%d8%b9-%d8%a7%d9%84%d8%a8%d9%8a%d8%a6%d9%8a-%d8%a7%d9%84%d8%ab%d8%a7%d9%85%d9%86-%d8%b9%d8%b4%d8%b1-4\/\" title=\"Permalink to \u0636\u0645\u0646 \u0641\u0639\u0627\u0644\u064a\u0627\u062a \u0627\u0644\u0623\u0633\u0628\u0648\u0639 \u0627\u0644\u0628\u064a\u0626\u064a \u0627\u0644\u062b\u0627\u0645\u0646 \u0639\u0634\u0631 \u0628\u062c\u0627\u0645\u0639\u0629 \u0642\u0646\u0627\" rel=\"bookmark\">\u0636\u0645\u0646 \u0641\u0639\u0627\u0644\u064a\u0627\u062a \u0627\u0644\u0623\u0633\u0628\u0648\u0639 \u0627\u0644\u0628\u064a\u0626\u064a \u0627\u0644\u062b\u0627\u0645\u0646 \u0639\u0634\u0631 \u0628\u062c\u0627\u0645\u0639\u0629 \u0642\u0646\u0627<\/a><\/h1>\n\n\t\t\t\t\t\t\t<div class=\"entry-meta\">\n\t\t\t\t\t<a href=\"http:\/\/www.svu.edu.eg\/faculties\/nurs\/%d8%b6%d9%85%d9%86-%d9%81%d8%b9%d8%a7%d9%84%d9%8a%d8%a7%d8%aa-%d8%a7%d9%84%d8%a3%d8%b3%d8%a8%d9%88%d8%b9-%d8%a7%d9%84%d8%a8%d9%8a%d8%a6%d9%8a-%d8%a7%d9%84%d8%ab%d8%a7%d9%85%d9%86-%d8%b9%d8%b4%d8%b1-4\/\" title=\"8:02 am\" rel=\"bookmark\"><time class=\"entry-date\" datetime=\"2026-02-18T08:02:37+00:00\">February 18, 2026<\/time><\/a><time class=\"updated\" datetime=\"2026-02-18T08:02:37+00:00\">February 18, 2026<\/time>  \t\t\t\t<\/div><!-- .entry-meta -->\n\t\t\t\n\t\t<\/header><!-- .entry-header -->\n\n\t\t\t\t\t<div class=\"entry-content\">\n\t\t\t\t<p>\u0636\u0645\u0646 \u0641\u0639\u0627\u0644\u064a\u0627\u062a \u0627\u0644\u0623\u0633\u0628\u0648\u0639 \u0627\u0644\u0628\u064a\u0626\u064a \u0627\u0644\u062b\u0627\u0645\u0646 \u0639\u0634\u0631 \u0628\u062c\u0627\u0645\u0639\u0629 \u0642\u0646\u0627\u060c \u0646\u0638\u0651\u0645\u062a \u0643\u0644\u064a\u0629 \u0627\u0644\u062a\u0645\u0631\u064a\u0636 \u0627\u0641\u062a\u062a\u0627\u062d \u0627\u0644\u0623\u0633\u0628\u0648\u0639 \u0627\u0644\u0628\u064a\u0626\u064a\u060c \u0648\u0630\u0644\u0643 \u062a\u062d\u062a \u0631\u0639\u0627\u064a\u0629 \u0627\u0644\u062f\u0643\u062a\u0648\u0631 \u0623\u062d\u0645\u062f \u0639\u0643\u0627\u0648\u064a \u0631\u0626\u064a\u0633 \u062c\u0627\u0645\u0639\u0629 \u0642\u0646\u0627\u060c \u0648\u0627\u0644\u062f\u0643\u062a\u0648\u0631 \u0645\u062d\u0645\u062f \u0633\u0639\u064a\u062f \u0646\u0627\u0626\u0628 \u0631\u0626\u064a\u0633 \u0627\u0644\u062c\u0627\u0645\u0639\u0629 \u0644\u0634\u0624\u0648\u0646 [&hellip;]<\/p>\n\t\t\t\t\t\t\t\t<a class=\"more-link\" href=\"http:\/\/www.svu.edu.eg\/faculties\/nurs\/%d8%b6%d9%85%d9%86-%d9%81%d8%b9%d8%a7%d9%84%d9%8a%d8%a7%d8%aa-%d8%a7%d9%84%d8%a3%d8%b3%d8%a8%d9%88%d8%b9-%d8%a7%d9%84%d8%a8%d9%8a%d8%a6%d9%8a-%d8%a7%d9%84%d8%ab%d8%a7%d9%85%d9%86-%d8%b9%d8%b4%d8%b1-4\/\">\u0627\u0644\u0645\u0632\u064a\u062f<span class=\"meta-nav\">&rarr;<\/span><\/a>\t\t\t\t\t\t\t<\/div><!-- .entry-content -->\n\t\t\n\t\t\n\t<\/div>\n\n<\/article><!-- #post-9765 -->\n<\/div><\/div><div id=\"panel-3351-2-0-1\" class=\"so-panel widget widget_text panel-last-child\" data-index=\"2\" >\t\t\t<div class=\"textwidget\"><p style=\"direction: ltr;\"><a href=\"http:\/\/www.svu.edu.eg\/faculties\/nurs\/category\/news_fr\/\">Plus de nouvelles<\/a><\/p>\n<div class=\"right_back\">\n<div class=\"right_bottom\">\n<div id=\"calendar\" class=\"style8\"><\/div>\n<\/div>\n<\/div>\n<\/div>\n\t\t<\/div><\/div><\/div><div id=\"pg-3351-3\"  class=\"panel-grid panel-no-style\" ><div id=\"pgc-3351-3-0\"  class=\"panel-grid-cell\" ><div id=\"panel-3351-3-0-0\" class=\"so-panel widget widget_xyz_insert_php_widget panel-first-child panel-last-child\" data-index=\"3\" >\r\n\t<div class=\"announc\">\r\n      <h2> Conf\u00e9rences<\/h2>\r\n\t<div class=\"announc-body\">\r\n\t<ul>\r\n             \r\n<ul><li style=\"text-align:left;\"><a href=\"category\/conf_fr\/\">Plus<\/a><\/li>\r\n<\/ul>   <\/ul>\r\n\t<\/div>\r\n\t<\/div><\/div><\/div><div id=\"pgc-3351-3-1\"  class=\"panel-grid-cell\" ><div id=\"panel-3351-3-1-0\" class=\"so-panel widget widget_media_video panel-first-child panel-last-child\" data-index=\"4\" ><div style=\"width:100%;\" class=\"wp-video\"><!--[if lt IE 9]><script>document.createElement('video');<\/script><![endif]-->\n<video class=\"wp-video-shortcode\" id=\"video-9765-1\" preload=\"metadata\" controls=\"controls\"><source type=\"video\/mp4\" src=\"http:\/\/www.svu.edu.eg\/faculties\/nurs\/wp-content\/uploads\/2020\/03\/\u0641\u064a\u062f\u064a\u0648-\u0623\u062f\u0631\u0633-\u0641\u064a-\u0628\u0644\u0640\u0640\u0640\u0640\u0640\u062f\u0646\u0627.mp4?_=1\" \/><source type=\"video\/mp4\" src=\"http:\/\/www.svu.edu.eg\/faculties\/nurs\/wp-content\/uploads\/2020\/03\/\u0641\u064a\u062f\u064a\u0648-\u0623\u062f\u0631\u0633-\u0641\u064a-\u0628\u0644\u0640\u0640\u0640\u0640\u0640\u062f\u0646\u0627.mp4?_=1\" \/><a href=\"http:\/\/www.svu.edu.eg\/faculties\/nurs\/wp-content\/uploads\/2020\/03\/\u0641\u064a\u062f\u064a\u0648-\u0623\u062f\u0631\u0633-\u0641\u064a-\u0628\u0644\u0640\u0640\u0640\u0640\u0640\u062f\u0646\u0627.mp4\">http:\/\/www.svu.edu.eg\/faculties\/nurs\/wp-content\/uploads\/2020\/03\/\u0641\u064a\u062f\u064a\u0648-\u0623\u062f\u0631\u0633-\u0641\u064a-\u0628\u0644\u0640\u0640\u0640\u0640\u0640\u062f\u0646\u0627.mp4<\/a><\/video><\/div><\/div><\/div><div id=\"pgc-3351-3-2\"  class=\"panel-grid-cell\" ><div id=\"panel-3351-3-2-0\" class=\"so-panel widget widget_media_video panel-first-child panel-last-child\" data-index=\"5\" ><div style=\"width:100%;\" class=\"wp-video\"><video class=\"wp-video-shortcode\" id=\"video-9765-2\" preload=\"metadata\" controls=\"controls\"><source type=\"video\/mp4\" src=\"http:\/\/www.svu.edu.eg\/faculties\/nurs\/wp-content\/uploads\/2019\/12\/\u062a\u0645-\u0627\u0646\u0634\u0627\u0621-\u0648\u062d\u062f\u0629-\u0627\u0644\u062a\u0639\u0644\u064a\u0645-\u0648\u0627\u0644\u062a\u062f\u0631\u064a\u0628-\u0627\u0644\u062a\u0645\u0631\u064a\u0636\u064a-\u0627\u0644\u0645\u0633\u062a\u0645\u0631-...mp4?_=2\" \/><source type=\"video\/mp4\" src=\"http:\/\/www.svu.edu.eg\/faculties\/nurs\/wp-content\/uploads\/2019\/12\/\u062a\u0645-\u0627\u0646\u0634\u0627\u0621-\u0648\u062d\u062f\u0629-\u0627\u0644\u062a\u0639\u0644\u064a\u0645-\u0648\u0627\u0644\u062a\u062f\u0631\u064a\u0628-\u0627\u0644\u062a\u0645\u0631\u064a\u0636\u064a-\u0627\u0644\u0645\u0633\u062a\u0645\u0631-...mp4?_=2\" \/><a href=\"http:\/\/www.svu.edu.eg\/faculties\/nurs\/wp-content\/uploads\/2019\/12\/\u062a\u0645-\u0627\u0646\u0634\u0627\u0621-\u0648\u062d\u062f\u0629-\u0627\u0644\u062a\u0639\u0644\u064a\u0645-\u0648\u0627\u0644\u062a\u062f\u0631\u064a\u0628-\u0627\u0644\u062a\u0645\u0631\u064a\u0636\u064a-\u0627\u0644\u0645\u0633\u062a\u0645\u0631-...mp4\">http:\/\/www.svu.edu.eg\/faculties\/nurs\/wp-content\/uploads\/2019\/12\/\u062a\u0645-\u0627\u0646\u0634\u0627\u0621-\u0648\u062d\u062f\u0629-\u0627\u0644\u062a\u0639\u0644\u064a\u0645-\u0648\u0627\u0644\u062a\u062f\u0631\u064a\u0628-\u0627\u0644\u062a\u0645\u0631\u064a\u0636\u064a-\u0627\u0644\u0645\u0633\u062a\u0645\u0631-...mp4<\/a><\/video><\/div><\/div><\/div><div id=\"pgc-3351-3-3\"  class=\"panel-grid-cell\" ><div id=\"panel-3351-3-3-0\" class=\"so-panel widget widget_xyz_insert_php_widget panel-first-child panel-last-child\" data-index=\"6\" ><\/div><\/div><\/div><div id=\"pg-3351-4\"  class=\"panel-grid panel-has-style\" ><div style=\"background-color: #c4eeff; \" class=\"panel-row-style panel-row-style-for-3351-4\" ><div id=\"pgc-3351-4-0\"  class=\"panel-grid-cell\" ><div id=\"panel-3351-4-0-0\" class=\"so-panel widget widget_circleicon-widget panel-first-child panel-last-child\" data-index=\"7\" >\t\t<div class=\"circle-icon-box circle-icon-position-top circle-icon-hide-box circle-icon-size-small \">\n\t\t\t\t\t\t\t<div class=\"circle-icon-wrapper\">\n\t\t\t\t\t<a href=\"http:\/\/www.svu.edu.eg\/faculties\/nurs\/%d8%b1%d8%b3%d8%a7%d9%84%d8%a9-%d8%a7%d9%84%d9%83%d9%84%d9%8a%d8%a9\/\" class=\"link-icon\" >\t\t\t\t\t<div class=\"circle-icon icon-style-set\" style=\"background-color: #1e73be\">\n\t\t\t\t\t\t<div class=\"fa fa-check-circle-o icon-color-set\" style=\"color: #ffffff\"><\/div>\t\t\t\t\t<\/div>\n\t\t\t\t\t<\/a>\t\t\t\t<\/div>\n\t\t\t\n\t\t\t<a href=\"http:\/\/www.svu.edu.eg\/faculties\/nurs\/%d8%b1%d8%b3%d8%a7%d9%84%d8%a9-%d8%a7%d9%84%d9%83%d9%84%d9%8a%d8%a9\/\" class=\"link-title\" >\t\t\t<h4 >La mission de la facult\u00e9<\/h4>\t\t\t<\/a>\n\t\t\t<p class=\"text\" >La facult\u00e9 d'infirmi\u00e8re de l\u2019Universit\u00e9 du Sud de la vall\u00e9e vise \u00e0 pr\u00e9parer des dipl\u00f4m\u00e9s exceptionnels au niveau local , et \u00e0 fournir des recherches pratiques et des services communautaires, qui contribuent au d\u00e9veloppement durable  des programmes et des capacit\u00e9s de la facult\u00e9 et l\u2019\u00e9tablissement de partenariats strat\u00e9giques efficaces . <\/p>\t\t\t\t\t\t\t<a href=\"http:\/\/www.svu.edu.eg\/faculties\/nurs\/%d8%b1%d8%b3%d8%a7%d9%84%d8%a9-%d8%a7%d9%84%d9%83%d9%84%d9%8a%d8%a9\/\" class=\"more-button\" >\u0627\u0644\u0645\u0632\u064a\u062f <i><\/i><\/a>\n\t\t\t\t\t<\/div>\n\t\t<\/div><\/div><div id=\"pgc-3351-4-1\"  class=\"panel-grid-cell\" ><div id=\"panel-3351-4-1-0\" class=\"so-panel widget widget_circleicon-widget panel-first-child panel-last-child\" data-index=\"8\" >\t\t<div class=\"circle-icon-box circle-icon-position-top circle-icon-hide-box circle-icon-size-small \">\n\t\t\t\t\t\t\t<div class=\"circle-icon-wrapper\">\n\t\t\t\t\t<a href=\"http:\/\/www.svu.edu.eg\/faculties\/nurs\/%d9%86%d8%b4%d8%a3%d8%a9-%d8%a7%d9%84%d9%83%d9%84%d9%8a%d8%a9\/\" class=\"link-icon\" >\t\t\t\t\t<div class=\"circle-icon icon-style-set\" style=\"background-color: #1e73be\">\n\t\t\t\t\t\t<div class=\"fa fa-pencil-square-o icon-color-set\" ><\/div>\t\t\t\t\t<\/div>\n\t\t\t\t\t<\/a>\t\t\t\t<\/div>\n\t\t\t\n\t\t\t<a href=\"http:\/\/www.svu.edu.eg\/faculties\/nurs\/%d9%86%d8%b4%d8%a3%d8%a9-%d8%a7%d9%84%d9%83%d9%84%d9%8a%d8%a9\/\" class=\"link-title\" >\t\t\t<h4 >La cr\u00e9ation <\/h4>\t\t\t<\/a>\n\t\t\t<p class=\"text\" >Selon du d\u00e9cret r\u00e9publicain n\u00b0 267 a \u00e9t\u00e9 publi\u00e9 le 20\/7\/2007 approuvant la cr\u00e9ation de la facult\u00e9 d'infirmerie \u00e0 l'universit\u00e9 du sud de la vall\u00e9e de de Q\u00e9na , et le Conseil supr\u00eame des universit\u00e9s approuv\u00e9 de l\u2019\u00e9tude \u00e0 la facult\u00e9 au d\u00e9but  de l\u2019ann\u00e9e acad\u00e9mique  2007\/2008. <\/p>\t\t\t\t\t\t\t<a href=\"http:\/\/www.svu.edu.eg\/faculties\/nurs\/%d9%86%d8%b4%d8%a3%d8%a9-%d8%a7%d9%84%d9%83%d9%84%d9%8a%d8%a9\/\" class=\"more-button\" >\u0627\u0644\u0645\u0632\u064a\u062f <i><\/i><\/a>\n\t\t\t\t\t<\/div>\n\t\t<\/div><\/div><div id=\"pgc-3351-4-2\"  class=\"panel-grid-cell\" ><div id=\"panel-3351-4-2-0\" class=\"so-panel widget widget_circleicon-widget panel-first-child panel-last-child\" data-index=\"9\" >\t\t<div class=\"circle-icon-box circle-icon-position-top circle-icon-hide-box circle-icon-size-small \">\n\t\t\t\t\t\t\t<div class=\"circle-icon-wrapper\">\n\t\t\t\t\t<a href=\"http:\/\/www.svu.edu.eg\/faculties\/nurs\/%d8%b1%d8%a4%d9%8a%d8%a9-%d8%a7%d9%84%d9%83%d9%84%d9%8a%d8%a9\/\" class=\"link-icon\" >\t\t\t\t\t<div class=\"circle-icon icon-style-set\" style=\"background-color: #1e73be\">\n\t\t\t\t\t\t<div class=\"fa fa-pencil-square-o icon-color-set\" ><\/div>\t\t\t\t\t<\/div>\n\t\t\t\t\t<\/a>\t\t\t\t<\/div>\n\t\t\t\n\t\t\t<a href=\"http:\/\/www.svu.edu.eg\/faculties\/nurs\/%d8%b1%d8%a4%d9%8a%d8%a9-%d8%a7%d9%84%d9%83%d9%84%d9%8a%d8%a9\/\" class=\"link-title\" >\t\t\t<h4 >La vision de la facult\u00e9<\/h4>\t\t\t<\/a>\n\t\t\t<p class=\"text\" >Excellence en \u00e9ducation infirmi\u00e8re et d\u00e9veloppement  la recherche scientifique dans la prestation de services de sant\u00e9 de qualit\u00e9 .<\/p>\t\t\t\t\t\t\t<a href=\"http:\/\/www.svu.edu.eg\/faculties\/nurs\/%d8%b1%d8%a4%d9%8a%d8%a9-%d8%a7%d9%84%d9%83%d9%84%d9%8a%d8%a9\/\" class=\"more-button\" >\u0627\u0644\u0645\u0632\u064a\u062f <i><\/i><\/a>\n\t\t\t\t\t<\/div>\n\t\t<\/div><\/div><\/div><\/div><div id=\"pg-3351-5\"  class=\"panel-grid panel-has-style\" ><div style=\"background-color: #c4eeff; \" class=\"panel-row-style panel-row-style-for-3351-5\" ><div id=\"pgc-3351-5-0\"  class=\"panel-grid-cell\" ><div id=\"panel-3351-5-0-0\" class=\"so-panel widget widget_circleicon-widget panel-first-child panel-last-child\" data-index=\"10\" >\t\t<div class=\"circle-icon-box circle-icon-position-top circle-icon-hide-box circle-icon-size-small \">\n\t\t\t\t\t\t\t<div class=\"circle-icon-wrapper\">\n\t\t\t\t\t\t\t\t\t\t<div class=\"circle-icon icon-style-set\" style=\"background-color: #1e73be\">\n\t\t\t\t\t\t<div class=\"fa fa-calendar-check-o icon-color-set\" style=\"color: #000000\"><\/div>\t\t\t\t\t<\/div>\n\t\t\t\t\t\t\t\t\t<\/div>\n\t\t\t\n\t\t\t\t\t\t<h4 style=\"color: #000000\">Nombre d&#8217;employ\u00e9s<\/h4>\t\t\t\n\t\t\t<p class=\"text\" style=\"color: #000000\">       35<\/p>\t\t\t\t\t<\/div>\n\t\t<\/div><\/div><div id=\"pgc-3351-5-1\"  class=\"panel-grid-cell\" ><div id=\"panel-3351-5-1-0\" class=\"so-panel widget widget_circleicon-widget panel-first-child panel-last-child\" data-index=\"11\" >\t\t<div class=\"circle-icon-box circle-icon-position-top circle-icon-hide-box circle-icon-size-small \">\n\t\t\t\t\t\t\t<div class=\"circle-icon-wrapper\">\n\t\t\t\t\t\t\t\t\t\t<div class=\"circle-icon icon-style-set\" style=\"background-color: #1e73be\">\n\t\t\t\t\t\t<div class=\"fa fa-calendar-check-o icon-color-set\" ><\/div>\t\t\t\t\t<\/div>\n\t\t\t\t\t\t\t\t\t<\/div>\n\t\t\t\n\t\t\t\t\t\t<h4 >Nombre de membres du corps professoral<\/h4>\t\t\t\n\t\t\t<p class=\"text\" >               48<\/p>\t\t\t\t\t<\/div>\n\t\t<\/div><\/div><div id=\"pgc-3351-5-2\"  class=\"panel-grid-cell\" ><div id=\"panel-3351-5-2-0\" class=\"so-panel widget widget_circleicon-widget panel-first-child panel-last-child\" data-index=\"12\" >\t\t<div class=\"circle-icon-box circle-icon-position-top circle-icon-hide-box circle-icon-size-small \">\n\t\t\t\t\t\t\t<div class=\"circle-icon-wrapper\">\n\t\t\t\t\t\t\t\t\t\t<div class=\"circle-icon icon-style-set\" style=\"background-color: #1e73be\">\n\t\t\t\t\t\t<div class=\"fa fa-calendar-check-o icon-color-set\" style=\"color: #ffffff\"><\/div>\t\t\t\t\t<\/div>\n\t\t\t\t\t\t\t\t\t<\/div>\n\t\t\t\n\t\t\t\t\t\t<h4 >Nombre d&#8217;\u00e9tudiants<\/h4>\t\t\t\n\t\t\t<p class=\"text\" >870<\/p>\t\t\t\t\t<\/div>\n\t\t<\/div><\/div><\/div><\/div><\/div>","protected":false},"excerpt":{"rendered":"<p>La facult\u00e9 d&#8217;Infirmerie de Q\u00e9na accueille des nouveaux et anciens \u00e9tudiants pour l&#8217;ann\u00e9e acad\u00e9mique 2020- 2021 La facult\u00e9 d&#8217;Infirmerie de Q\u00e9na accueille des nouveaux et anciens \u00e9tudiants pour l&#8217;ann\u00e9e acad\u00e9mique [&hellip;]<\/p>\n","protected":false},"author":2,"featured_media":0,"parent":0,"menu_order":0,"comment_status":"closed","ping_status":"closed","template":"home-panels.php","meta":{"_monsterinsights_skip_tracking":false,"_monsterinsights_sitenote_active":false,"_monsterinsights_sitenote_note":"","_monsterinsights_sitenote_category":0},"_links":{"self":[{"href":"http:\/\/www.svu.edu.eg\/faculties\/nurs\/wp-json\/wp\/v2\/pages\/3351"}],"collection":[{"href":"http:\/\/www.svu.edu.eg\/faculties\/nurs\/wp-json\/wp\/v2\/pages"}],"about":[{"href":"http:\/\/www.svu.edu.eg\/faculties\/nurs\/wp-json\/wp\/v2\/types\/page"}],"author":[{"embeddable":true,"href":"http:\/\/www.svu.edu.eg\/faculties\/nurs\/wp-json\/wp\/v2\/users\/2"}],"replies":[{"embeddable":true,"href":"http:\/\/www.svu.edu.eg\/faculties\/nurs\/wp-json\/wp\/v2\/comments?post=3351"}],"version-history":[{"count":4,"href":"http:\/\/www.svu.edu.eg\/faculties\/nurs\/wp-json\/wp\/v2\/pages\/3351\/revisions"}],"predecessor-version":[{"id":3385,"href":"http:\/\/www.svu.edu.eg\/faculties\/nurs\/wp-json\/wp\/v2\/pages\/3351\/revisions\/3385"}],"wp:attachment":[{"href":"http:\/\/www.svu.edu.eg\/faculties\/nurs\/wp-json\/wp\/v2\/media?parent=3351"}],"curies":[{"name":"wp","href":"https:\/\/api.w.org\/{rel}","templated":true}]}}