{"id":9036,"date":"2022-02-15T10:29:07","date_gmt":"2022-02-15T08:29:07","guid":{"rendered":"http:\/\/www.svu.edu.eg\/faculties\/med\/?page_id=9036"},"modified":"2022-02-15T10:29:13","modified_gmt":"2022-02-15T08:29:13","slug":"creation-de-lorientation-professionnelle","status":"publish","type":"page","link":"http:\/\/www.svu.edu.eg\/faculties\/med\/fr\/lorientation-professionnelle\/creation-de-lorientation-professionnelle\/","title":{"rendered":"Cr\u00e9ation de l&#8217;orientation professionnelle"},"content":{"rendered":"<h5><img decoding=\"async\" class=\"aligncenter\" src=\"http:\/\/www.svu.edu.eg\/faculties\/med\/wp-content\/uploads\/2020\/09\/lo.jpg\"><\/h5>\n<h5><em>L&#8217;unit\u00e9 a \u00e9t\u00e9 cr\u00e9\u00e9e par d\u00e9cision du Conseil (99) du 16 avril 2018, depuis lors, l&#8217;unit\u00e9 s&#8217;attache \u00e0 assurer l&#8217;orientation professionnelle des \u00e9tudiants, qui fait partie int\u00e9grante du processus \u00e9ducatif, elle aide les \u00e9tudiants identifier les lacunes de leur comp\u00e9tences et essaie de les acqu\u00e9rir, ainsi que de les aider \u00e0 identifier leurs objectifs et \u00e0 choisir la meilleure fa\u00e7on de les atteindre.<\/em><\/h5>\n","protected":false},"excerpt":{"rendered":"<p>L&#8217;unit\u00e9 a \u00e9t\u00e9 cr\u00e9\u00e9e par d\u00e9cision du Conseil (99) du 16 avril 2018, depuis lors, l&#8217;unit\u00e9 s&#8217;attache \u00e0 assurer l&#8217;orientation [&hellip;]<\/p>\n","protected":false},"author":2,"featured_media":0,"parent":9033,"menu_order":0,"comment_status":"closed","ping_status":"closed","template":"","meta":{"_monsterinsights_skip_tracking":false,"_monsterinsights_sitenote_active":false,"_monsterinsights_sitenote_note":"","_monsterinsights_sitenote_category":0},"_links":{"self":[{"href":"http:\/\/www.svu.edu.eg\/faculties\/med\/wp-json\/wp\/v2\/pages\/9036"}],"collection":[{"href":"http:\/\/www.svu.edu.eg\/faculties\/med\/wp-json\/wp\/v2\/pages"}],"about":[{"href":"http:\/\/www.svu.edu.eg\/faculties\/med\/wp-json\/wp\/v2\/types\/page"}],"author":[{"embeddable":true,"href":"http:\/\/www.svu.edu.eg\/faculties\/med\/wp-json\/wp\/v2\/users\/2"}],"replies":[{"embeddable":true,"href":"http:\/\/www.svu.edu.eg\/faculties\/med\/wp-json\/wp\/v2\/comments?post=9036"}],"version-history":[{"count":2,"href":"http:\/\/www.svu.edu.eg\/faculties\/med\/wp-json\/wp\/v2\/pages\/9036\/revisions"}],"predecessor-version":[{"id":9038,"href":"http:\/\/www.svu.edu.eg\/faculties\/med\/wp-json\/wp\/v2\/pages\/9036\/revisions\/9038"}],"up":[{"embeddable":true,"href":"http:\/\/www.svu.edu.eg\/faculties\/med\/wp-json\/wp\/v2\/pages\/9033"}],"wp:attachment":[{"href":"http:\/\/www.svu.edu.eg\/faculties\/med\/wp-json\/wp\/v2\/media?parent=9036"}],"curies":[{"name":"wp","href":"https:\/\/api.w.org\/{rel}","templated":true}]}}