{"id":9033,"date":"2022-02-15T10:13:42","date_gmt":"2022-02-15T08:13:42","guid":{"rendered":"http:\/\/www.svu.edu.eg\/faculties\/med\/?page_id=9033"},"modified":"2022-02-15T10:14:53","modified_gmt":"2022-02-15T08:14:53","slug":"lorientation-professionnelle","status":"publish","type":"page","link":"http:\/\/www.svu.edu.eg\/faculties\/med\/fr\/lorientation-professionnelle\/","title":{"rendered":"l&#8217;orientation professionnelle"},"content":{"rendered":"<h4><strong><em>Un mot sur l&#8217;unit\u00e9<\/em><\/strong><\/h4>\n<p><img decoding=\"async\" loading=\"lazy\" class=\"aligncenter\" src=\"http:\/\/www.svu.edu.eg\/faculties\/med\/wp-content\/uploads\/2020\/11\/Dr.-Heba-Ahmed-Osman-1-221x300.jpg\" width=\"117\" height=\"159\" \/><\/p>\n<h4 style=\"text-align: center;\"><a href=\"http:\/\/www.svu.edu.eg\/faculties\/med\/wp-content\/uploads\/2019\/12\/5-Trop-Heba-Osman-1.pdf\"><strong><em>Dr. Heba Ahmed Othman &#8211; Enseignante<\/em><\/strong><\/a><\/h4>\n<h4 style=\"text-align: center;\"><strong><em>Directeur de l&#8217;unit\u00e9 d&#8217;orientation professionnelle<\/em><\/strong><\/h4>\n<h5><em>La facult\u00e9 de m\u00e9decine a commenc\u00e9 avec le d\u00e9cret r\u00e9publicain (267) de 2006 et l&#8217;\u00e9tude a commenc\u00e9 au cours de l&#8217;ann\u00e9e universitaire( 2007 \/ 2008). Depuis lors, la facult\u00e9 de m\u00e9decine s&#8217;efforce de r\u00e9aliser pleinement sa vision et sa mission, afin que ses dipl\u00f4m\u00e9s puissent concourir. Il est n\u00e9cessaire de cr\u00e9er une unit\u00e9 d&#8217;orientation professionnelle pour aider les \u00e9tudiants et les dipl\u00f4m\u00e9s \u00e0 faire face aux exigences du travail. L&#8217;unit\u00e9 a \u00e9t\u00e9 cr\u00e9\u00e9e par d\u00e9cision du conseil (99) du 16 avril 2018. Depuis lors, l\u2019unit\u00e9 s\u2019efforce de fournir une orientation professionnelle aux \u00e9tudiants et fait partie du processus \u00e9ducatif.<\/em><\/h5>\n<p><img decoding=\"async\" class=\"aligncenter\" src=\"http:\/\/www.svu.edu.eg\/faculties\/med\/wp-content\/uploads\/2020\/09\/lo.jpg\" \/><\/p>\n","protected":false},"excerpt":{"rendered":"<p>Un mot sur l&#8217;unit\u00e9 Dr. Heba Ahmed Othman &#8211; Enseignante Directeur de l&#8217;unit\u00e9 d&#8217;orientation professionnelle La facult\u00e9 de m\u00e9decine a [&hellip;]<\/p>\n","protected":false},"author":2,"featured_media":0,"parent":0,"menu_order":0,"comment_status":"closed","ping_status":"closed","template":"","meta":{"_monsterinsights_skip_tracking":false,"_monsterinsights_sitenote_active":false,"_monsterinsights_sitenote_note":"","_monsterinsights_sitenote_category":0},"_links":{"self":[{"href":"http:\/\/www.svu.edu.eg\/faculties\/med\/wp-json\/wp\/v2\/pages\/9033"}],"collection":[{"href":"http:\/\/www.svu.edu.eg\/faculties\/med\/wp-json\/wp\/v2\/pages"}],"about":[{"href":"http:\/\/www.svu.edu.eg\/faculties\/med\/wp-json\/wp\/v2\/types\/page"}],"author":[{"embeddable":true,"href":"http:\/\/www.svu.edu.eg\/faculties\/med\/wp-json\/wp\/v2\/users\/2"}],"replies":[{"embeddable":true,"href":"http:\/\/www.svu.edu.eg\/faculties\/med\/wp-json\/wp\/v2\/comments?post=9033"}],"version-history":[{"count":2,"href":"http:\/\/www.svu.edu.eg\/faculties\/med\/wp-json\/wp\/v2\/pages\/9033\/revisions"}],"predecessor-version":[{"id":9035,"href":"http:\/\/www.svu.edu.eg\/faculties\/med\/wp-json\/wp\/v2\/pages\/9033\/revisions\/9035"}],"wp:attachment":[{"href":"http:\/\/www.svu.edu.eg\/faculties\/med\/wp-json\/wp\/v2\/media?parent=9033"}],"curies":[{"name":"wp","href":"https:\/\/api.w.org\/{rel}","templated":true}]}}