{"id":9013,"date":"2022-02-14T10:22:27","date_gmt":"2022-02-14T08:22:27","guid":{"rendered":"http:\/\/www.svu.edu.eg\/faculties\/med\/?page_id=9013"},"modified":"2022-02-15T09:38:53","modified_gmt":"2022-02-15T07:38:53","slug":"planification-strategique","status":"publish","type":"page","link":"http:\/\/www.svu.edu.eg\/faculties\/med\/fr\/planification-strategique\/","title":{"rendered":"Planification strat\u00e9gique"},"content":{"rendered":"<h6><strong><em>La planification est l&#8217;une des bases du travail et est le premier pilier pour s&#8217;assurer que l&#8217;objectif est atteint avec un minimum d&#8217;effort. Il est n\u00e9cessaire d&#8217;\u00e9tablir une unit\u00e9 de planification strat\u00e9gique qui travaille \u00e0 l&#8217;\u00e9laboration de plans strat\u00e9giques pour la facult\u00e9 et au suivi de leur mise en \u0153uvre. L&#8217;unit\u00e9 a \u00e9t\u00e9 institu\u00e9e par une d\u00e9cision du conseil de la facult\u00e9 (121) du 17 novembre 2019 et depuis, l&#8217;unit\u00e9 joue son r\u00f4le dans le suivi du plan strat\u00e9gique de la facult\u00e9 et de la mise en \u0153uvre de ses objectifs strat\u00e9giques.<\/em><\/strong><\/h6>\n","protected":false},"excerpt":{"rendered":"<p>La planification est l&#8217;une des bases du travail et est le premier pilier pour s&#8217;assurer que l&#8217;objectif est atteint avec [&hellip;]<\/p>\n","protected":false},"author":2,"featured_media":5490,"parent":0,"menu_order":0,"comment_status":"closed","ping_status":"closed","template":"","meta":{"_monsterinsights_skip_tracking":false,"_monsterinsights_sitenote_active":false,"_monsterinsights_sitenote_note":"","_monsterinsights_sitenote_category":0},"_links":{"self":[{"href":"http:\/\/www.svu.edu.eg\/faculties\/med\/wp-json\/wp\/v2\/pages\/9013"}],"collection":[{"href":"http:\/\/www.svu.edu.eg\/faculties\/med\/wp-json\/wp\/v2\/pages"}],"about":[{"href":"http:\/\/www.svu.edu.eg\/faculties\/med\/wp-json\/wp\/v2\/types\/page"}],"author":[{"embeddable":true,"href":"http:\/\/www.svu.edu.eg\/faculties\/med\/wp-json\/wp\/v2\/users\/2"}],"replies":[{"embeddable":true,"href":"http:\/\/www.svu.edu.eg\/faculties\/med\/wp-json\/wp\/v2\/comments?post=9013"}],"version-history":[{"count":2,"href":"http:\/\/www.svu.edu.eg\/faculties\/med\/wp-json\/wp\/v2\/pages\/9013\/revisions"}],"predecessor-version":[{"id":9018,"href":"http:\/\/www.svu.edu.eg\/faculties\/med\/wp-json\/wp\/v2\/pages\/9013\/revisions\/9018"}],"wp:featuredmedia":[{"embeddable":true,"href":"http:\/\/www.svu.edu.eg\/faculties\/med\/wp-json\/wp\/v2\/media\/5490"}],"wp:attachment":[{"href":"http:\/\/www.svu.edu.eg\/faculties\/med\/wp-json\/wp\/v2\/media?parent=9013"}],"curies":[{"name":"wp","href":"https:\/\/api.w.org\/{rel}","templated":true}]}}