{"id":8909,"date":"2022-02-12T12:09:11","date_gmt":"2022-02-12T10:09:11","guid":{"rendered":"http:\/\/www.svu.edu.eg\/faculties\/med\/?page_id=8909"},"modified":"2022-02-13T12:01:27","modified_gmt":"2022-02-13T10:01:27","slug":"contact","status":"publish","type":"page","link":"http:\/\/www.svu.edu.eg\/faculties\/med\/fr\/les-services-electroniques\/contact\/","title":{"rendered":"contact"},"content":{"rendered":"<h5><em><strong>Facult\u00e9 de m\u00e9decine &#8211; Quatri\u00e8me \u00e9tage, \u00e0 c\u00f4t\u00e9 de l&#8217;unit\u00e9 d&#8217;assurance qualit\u00e9 et d&#8217;accr\u00e9ditation.<\/strong><\/em><\/h5>\n<h5><em><strong>T\u00e9l\u00e9phone interne:-6171<\/strong><\/em><\/h5>\n<h5><em><strong>E-mail:-itunit@med.svu.edu.eg<\/strong><\/em><\/h5>\n","protected":false},"excerpt":{"rendered":"<p>Facult\u00e9 de m\u00e9decine &#8211; Quatri\u00e8me \u00e9tage, \u00e0 c\u00f4t\u00e9 de l&#8217;unit\u00e9 d&#8217;assurance qualit\u00e9 et d&#8217;accr\u00e9ditation. T\u00e9l\u00e9phone interne:-6171 E-mail:-itunit@med.svu.edu.eg<\/p>\n","protected":false},"author":2,"featured_media":0,"parent":8897,"menu_order":0,"comment_status":"closed","ping_status":"closed","template":"","meta":{"_monsterinsights_skip_tracking":false,"_monsterinsights_sitenote_active":false,"_monsterinsights_sitenote_note":"","_monsterinsights_sitenote_category":0},"_links":{"self":[{"href":"http:\/\/www.svu.edu.eg\/faculties\/med\/wp-json\/wp\/v2\/pages\/8909"}],"collection":[{"href":"http:\/\/www.svu.edu.eg\/faculties\/med\/wp-json\/wp\/v2\/pages"}],"about":[{"href":"http:\/\/www.svu.edu.eg\/faculties\/med\/wp-json\/wp\/v2\/types\/page"}],"author":[{"embeddable":true,"href":"http:\/\/www.svu.edu.eg\/faculties\/med\/wp-json\/wp\/v2\/users\/2"}],"replies":[{"embeddable":true,"href":"http:\/\/www.svu.edu.eg\/faculties\/med\/wp-json\/wp\/v2\/comments?post=8909"}],"version-history":[{"count":2,"href":"http:\/\/www.svu.edu.eg\/faculties\/med\/wp-json\/wp\/v2\/pages\/8909\/revisions"}],"predecessor-version":[{"id":8993,"href":"http:\/\/www.svu.edu.eg\/faculties\/med\/wp-json\/wp\/v2\/pages\/8909\/revisions\/8993"}],"up":[{"embeddable":true,"href":"http:\/\/www.svu.edu.eg\/faculties\/med\/wp-json\/wp\/v2\/pages\/8897"}],"wp:attachment":[{"href":"http:\/\/www.svu.edu.eg\/faculties\/med\/wp-json\/wp\/v2\/media?parent=8909"}],"curies":[{"name":"wp","href":"https:\/\/api.w.org\/{rel}","templated":true}]}}