{"id":8907,"date":"2022-02-12T12:06:36","date_gmt":"2022-02-12T10:06:36","guid":{"rendered":"http:\/\/www.svu.edu.eg\/faculties\/med\/?page_id=8907"},"modified":"2022-02-13T11:51:52","modified_gmt":"2022-02-13T09:51:52","slug":"groupe-de-travail","status":"publish","type":"page","link":"http:\/\/www.svu.edu.eg\/faculties\/med\/fr\/les-services-electroniques\/groupe-de-travail\/","title":{"rendered":"Groupe de travail"},"content":{"rendered":"<h5><img decoding=\"async\" loading=\"lazy\" class=\"aligncenter\" src=\"http:\/\/www.svu.edu.eg\/faculties\/med\/wp-content\/uploads\/2019\/12\/mohamed20hosny11-134x150.jpg\" width=\"114\" height=\"128\" \/><\/h5>\n<h5 style=\"text-align: center;\"><a href=\"http:\/\/www.svu.edu.eg\/faculties\/med\/wp-content\/uploads\/2019\/12\/MOHAMED-HOSNY-CV.pdf\"><em><strong>Prof. Dr. Mohamed Hosni Hassan<\/strong><\/em><\/a><\/h5>\n<h5 style=\"text-align: center;\"><em><strong>Directeur d&#8217;unit\u00e9 &#8211; Professeur adjoint de biochimie, Facult\u00e9 de m\u00e9decine<\/strong><\/em><\/h5>\n<h5 style=\"text-align: center;\"><em><strong>mohammedhosnyhassaan@med.svu.edu.eg<\/strong><\/em><\/h5>\n<hr \/>\n<p><img decoding=\"async\" loading=\"lazy\" class=\"aligncenter\" src=\"http:\/\/www.svu.edu.eg\/faculties\/med\/wp-content\/uploads\/2019\/12\/%D8%B3%D8%B9%D9%8A%D8%AF1-104x150.jpg\" width=\"113\" height=\"163\" \/><\/p>\n<h5 style=\"text-align: center;\"><a href=\"http:\/\/www.svu.edu.eg\/faculties\/med\/wp-content\/uploads\/2019\/12\/%D8%B3%D8%B9%D9%8A%D8%AF-CV-1.pdf\"><em><strong>M. Said Saad Mustafa<\/strong><\/em><\/a><\/h5>\n<h5 style=\"text-align: center;\"><em><strong>Administrateur de la biblioth\u00e8que num\u00e9rique<\/strong><\/em><\/h5>\n<hr \/>\n<p><img decoding=\"async\" loading=\"lazy\" class=\"aligncenter\" src=\"http:\/\/www.svu.edu.eg\/faculties\/med\/wp-content\/uploads\/2019\/12\/%D8%B1%D8%AD%D8%A7%D8%A81-200x150.jpg\" width=\"157\" height=\"118\" \/><\/p>\n<h5 style=\"text-align: center;\"><strong><em>Mme. Rahab Ahmed Radi<\/em><\/strong><\/h5>\n<h5 style=\"text-align: center;\"><strong><em>Ing\u00e9nieur r\u00e9seau<\/em><\/strong><\/h5>\n<hr \/>\n<p><img decoding=\"async\" loading=\"lazy\" class=\"aligncenter\" src=\"http:\/\/www.svu.edu.eg\/faculties\/med\/wp-content\/uploads\/2019\/12\/fatma1.jpg\" width=\"93\" height=\"123\" \/><\/p>\n<h5 style=\"text-align: center;\"><a href=\"http:\/\/www.svu.edu.eg\/faculties\/med\/wp-content\/uploads\/2019\/12\/%D9%81%D8%A7%D8%B7%D9%85%D9%87-%D8%A7%D9%84%D8%B2%D9%87%D8%B1%D8%A7%D8%A1-%D8%B9%D9%84%D9%89-arabic-CV-1.pdf\"><em><strong>Dr.Fatima Zahra Ali Hassan<\/strong><\/em><\/a><\/h5>\n<h5 style=\"text-align: center;\"><strong><em>Administrateur du portail \u00e9lectronique<\/em><\/strong><\/h5>\n<h5 style=\"text-align: center;\"><strong><em>f_elsheref@med.svu.edu.eg<\/em><\/strong><\/h5>\n<h5 style=\"text-align: center;\"><strong><em>f_elsheref@yahoo.com<\/em><\/strong><\/h5>\n<hr \/>\n<p><img decoding=\"async\" loading=\"lazy\" class=\"aligncenter\" src=\"http:\/\/www.svu.edu.eg\/faculties\/med\/wp-content\/uploads\/2020\/11\/thumbnail_Screenshot_%D9%A2%D9%A0%D9%A2%D9%A0%D9%A1%D9%A1%D9%A2%D9%A9_%D9%A1%D9%A2%D9%A4%D9%A5%D9%A0%D9%A2-300x297.jpg\" width=\"142\" height=\"140\" \/><\/p>\n<h5 style=\"text-align: center;\"><strong><em>M. Mustafa Hassan Shehat<\/em><\/strong><\/h5>\n<h5 style=\"text-align: center;\"><strong><em>\u00a0Administrateur MI<\/em><\/strong><\/h5>\n","protected":false},"excerpt":{"rendered":"<p>Prof. Dr. Mohamed Hosni Hassan Directeur d&#8217;unit\u00e9 &#8211; Professeur adjoint de biochimie, Facult\u00e9 de m\u00e9decine mohammedhosnyhassaan@med.svu.edu.eg M. Said Saad Mustafa [&hellip;]<\/p>\n","protected":false},"author":2,"featured_media":0,"parent":8897,"menu_order":0,"comment_status":"closed","ping_status":"closed","template":"","meta":{"_monsterinsights_skip_tracking":false,"_monsterinsights_sitenote_active":false,"_monsterinsights_sitenote_note":"","_monsterinsights_sitenote_category":0},"_links":{"self":[{"href":"http:\/\/www.svu.edu.eg\/faculties\/med\/wp-json\/wp\/v2\/pages\/8907"}],"collection":[{"href":"http:\/\/www.svu.edu.eg\/faculties\/med\/wp-json\/wp\/v2\/pages"}],"about":[{"href":"http:\/\/www.svu.edu.eg\/faculties\/med\/wp-json\/wp\/v2\/types\/page"}],"author":[{"embeddable":true,"href":"http:\/\/www.svu.edu.eg\/faculties\/med\/wp-json\/wp\/v2\/users\/2"}],"replies":[{"embeddable":true,"href":"http:\/\/www.svu.edu.eg\/faculties\/med\/wp-json\/wp\/v2\/comments?post=8907"}],"version-history":[{"count":4,"href":"http:\/\/www.svu.edu.eg\/faculties\/med\/wp-json\/wp\/v2\/pages\/8907\/revisions"}],"predecessor-version":[{"id":8985,"href":"http:\/\/www.svu.edu.eg\/faculties\/med\/wp-json\/wp\/v2\/pages\/8907\/revisions\/8985"}],"up":[{"embeddable":true,"href":"http:\/\/www.svu.edu.eg\/faculties\/med\/wp-json\/wp\/v2\/pages\/8897"}],"wp:attachment":[{"href":"http:\/\/www.svu.edu.eg\/faculties\/med\/wp-json\/wp\/v2\/media?parent=8907"}],"curies":[{"name":"wp","href":"https:\/\/api.w.org\/{rel}","templated":true}]}}