{"id":8827,"date":"2022-02-08T11:33:15","date_gmt":"2022-02-08T09:33:15","guid":{"rendered":"http:\/\/www.svu.edu.eg\/faculties\/med\/?page_id=8827"},"modified":"2022-02-14T09:44:36","modified_gmt":"2022-02-14T07:44:36","slug":"description-des-programmes","status":"publish","type":"page","link":"http:\/\/www.svu.edu.eg\/faculties\/med\/fr\/assurance-de-la-qualite\/description-des-programmes\/","title":{"rendered":"Description des programmes"},"content":{"rendered":"<h6><strong><em>Description du programme de baccalaur\u00e9at en m\u00e9decine et chirurgie &#8211; Syst\u00e8me d&#8217;heures de cr\u00e9dit<\/em><\/strong><\/h6>\n","protected":false},"excerpt":{"rendered":"<p>Description du programme de baccalaur\u00e9at en m\u00e9decine et chirurgie &#8211; Syst\u00e8me d&#8217;heures de cr\u00e9dit<\/p>\n","protected":false},"author":2,"featured_media":0,"parent":6766,"menu_order":0,"comment_status":"closed","ping_status":"closed","template":"","meta":{"_monsterinsights_skip_tracking":false,"_monsterinsights_sitenote_active":false,"_monsterinsights_sitenote_note":"","_monsterinsights_sitenote_category":0},"_links":{"self":[{"href":"http:\/\/www.svu.edu.eg\/faculties\/med\/wp-json\/wp\/v2\/pages\/8827"}],"collection":[{"href":"http:\/\/www.svu.edu.eg\/faculties\/med\/wp-json\/wp\/v2\/pages"}],"about":[{"href":"http:\/\/www.svu.edu.eg\/faculties\/med\/wp-json\/wp\/v2\/types\/page"}],"author":[{"embeddable":true,"href":"http:\/\/www.svu.edu.eg\/faculties\/med\/wp-json\/wp\/v2\/users\/2"}],"replies":[{"embeddable":true,"href":"http:\/\/www.svu.edu.eg\/faculties\/med\/wp-json\/wp\/v2\/comments?post=8827"}],"version-history":[{"count":3,"href":"http:\/\/www.svu.edu.eg\/faculties\/med\/wp-json\/wp\/v2\/pages\/8827\/revisions"}],"predecessor-version":[{"id":9012,"href":"http:\/\/www.svu.edu.eg\/faculties\/med\/wp-json\/wp\/v2\/pages\/8827\/revisions\/9012"}],"up":[{"embeddable":true,"href":"http:\/\/www.svu.edu.eg\/faculties\/med\/wp-json\/wp\/v2\/pages\/6766"}],"wp:attachment":[{"href":"http:\/\/www.svu.edu.eg\/faculties\/med\/wp-json\/wp\/v2\/media?parent=8827"}],"curies":[{"name":"wp","href":"https:\/\/api.w.org\/{rel}","templated":true}]}}