{"id":8692,"date":"2022-02-04T22:10:01","date_gmt":"2022-02-04T20:10:01","guid":{"rendered":"http:\/\/www.svu.edu.eg\/faculties\/med\/?page_id=8692"},"modified":"2022-02-05T21:14:04","modified_gmt":"2022-02-05T19:14:04","slug":"le-secretaire","status":"publish","type":"page","link":"http:\/\/www.svu.edu.eg\/faculties\/med\/fr\/ladministration-superieur\/le-secretaire\/","title":{"rendered":"Le secr\u00e9taire"},"content":{"rendered":"<p><img decoding=\"async\" loading=\"lazy\" class=\"aligncenter\" src=\"http:\/\/www.svu.edu.eg\/faculties\/med\/wp-content\/uploads\/2019\/12\/%D8%A7.%D9%8A%D9%88%D8%B3%D9%811-239x300.jpg\" width=\"143\" height=\"179\" \/><\/p>\n<p style=\"text-align: center;\"><a href=\"http:\/\/www.svu.edu.eg\/faculties\/med\/wp-content\/uploads\/2019\/12\/c-v%D9%8A%D9%88%D8%B3%D9%81.pdf\"><em><strong>M. Youssef Hassan Mohamed Younes<\/strong><\/em><\/a><\/p>\n<p><strong><em>*Description de la fonction de secr\u00e9taire<\/em><\/strong><\/p>\n<p><em>-Cette fonction\u00a0 est situ\u00e9 au-dessus des fonctions \u00a0dans la facult\u00e9.<\/em><\/p>\n<p><em>-La personne titulaire est responsable de l&#8217;\u00e9laboration de la politique financi\u00e8re et administrative de la facult\u00e9 et du suivi de sa mise en \u0153uvre.<\/em><\/p>\n<p><strong><em>*Devoirs et responsabilit\u00e9s:-<\/em><\/strong><\/p>\n<p><em>-Le titulaire est soumis aux directives g\u00e9n\u00e9rales du doyen.<\/em><\/p>\n<p><em>-Superviser les divisions organisationnelles.<\/em><\/p>\n<p><em>&#8211; Superviser la planification des travaux financiers et administratifs de la facult\u00e9 et proposer et imprimer ses programmes ex\u00e9cutifs.<\/em><\/p>\n<p><em>&#8211; Superviser la mise en \u0153uvre des lois, r\u00e8glements et d\u00e9cisions \u00e9mises et suivre leur mise en \u0153uvre.<\/em><\/p>\n<p><em>-Superviser la pr\u00e9paration des syst\u00e8mes de contr\u00f4le de la mise en \u0153uvre de tous les travaux financiers et suivre leur mise en \u0153uvre.<\/em><\/p>\n","protected":false},"excerpt":{"rendered":"<p>M. Youssef Hassan Mohamed Younes *Description de la fonction de secr\u00e9taire -Cette fonction\u00a0 est situ\u00e9 au-dessus des fonctions \u00a0dans la [&hellip;]<\/p>\n","protected":false},"author":2,"featured_media":0,"parent":6743,"menu_order":0,"comment_status":"closed","ping_status":"closed","template":"","meta":{"_monsterinsights_skip_tracking":false,"_monsterinsights_sitenote_active":false,"_monsterinsights_sitenote_note":"","_monsterinsights_sitenote_category":0},"_links":{"self":[{"href":"http:\/\/www.svu.edu.eg\/faculties\/med\/wp-json\/wp\/v2\/pages\/8692"}],"collection":[{"href":"http:\/\/www.svu.edu.eg\/faculties\/med\/wp-json\/wp\/v2\/pages"}],"about":[{"href":"http:\/\/www.svu.edu.eg\/faculties\/med\/wp-json\/wp\/v2\/types\/page"}],"author":[{"embeddable":true,"href":"http:\/\/www.svu.edu.eg\/faculties\/med\/wp-json\/wp\/v2\/users\/2"}],"replies":[{"embeddable":true,"href":"http:\/\/www.svu.edu.eg\/faculties\/med\/wp-json\/wp\/v2\/comments?post=8692"}],"version-history":[{"count":2,"href":"http:\/\/www.svu.edu.eg\/faculties\/med\/wp-json\/wp\/v2\/pages\/8692\/revisions"}],"predecessor-version":[{"id":8710,"href":"http:\/\/www.svu.edu.eg\/faculties\/med\/wp-json\/wp\/v2\/pages\/8692\/revisions\/8710"}],"up":[{"embeddable":true,"href":"http:\/\/www.svu.edu.eg\/faculties\/med\/wp-json\/wp\/v2\/pages\/6743"}],"wp:attachment":[{"href":"http:\/\/www.svu.edu.eg\/faculties\/med\/wp-json\/wp\/v2\/media?parent=8692"}],"curies":[{"name":"wp","href":"https:\/\/api.w.org\/{rel}","templated":true}]}}