{"id":8689,"date":"2022-02-04T22:06:45","date_gmt":"2022-02-04T20:06:45","guid":{"rendered":"http:\/\/www.svu.edu.eg\/faculties\/med\/?page_id=8689"},"modified":"2022-02-05T00:12:36","modified_gmt":"2022-02-04T22:12:36","slug":"les-agents","status":"publish","type":"page","link":"http:\/\/www.svu.edu.eg\/faculties\/med\/fr\/ladministration-superieur\/les-agents\/","title":{"rendered":"Les agents"},"content":{"rendered":"<p>Vice-doyen \u00e0 l&#8217;\u00e9ducation et aux affaires \u00e9tudiantes<\/p>\n<p><a href=\"http:\/\/www.svu.edu.eg\/faculties\/med\/wp-content\/uploads\/2020\/01\/2-Lab-Hanan-Fayed.pdf\">Prof.Dr Hanan Mahmoud Abd El- Latif Fayed<\/a><\/p>\n<p><img decoding=\"async\" loading=\"lazy\" class=\"alignnone\" src=\"http:\/\/www.svu.edu.eg\/faculties\/med\/wp-content\/uploads\/2020\/01\/264040502004281-264x300.jpg\" width=\"166\" height=\"189\" \/><\/p>\n<p>Vice-doyen aux \u00e9tudes sup\u00e9rieures et \u00e0 la recherche<\/p>\n<p><a href=\"http:\/\/www.svu.edu.eg\/faculties\/med\/wp-content\/uploads\/2019\/12\/Ahmed-hashem.pdf\">Prof. Dr. Ahmed Hashem Abdallah Sefin<\/a><\/p>\n<p>Du : 25\/9\/2019<\/p>\n<p><img decoding=\"async\" loading=\"lazy\" class=\"alignnone\" src=\"http:\/\/www.svu.edu.eg\/faculties\/med\/wp-content\/uploads\/2019\/12\/d-ahmed-hashem-7.jpg\" width=\"182\" height=\"187\" \/><\/p>\n<p>Vice-doyen des services communautaires et des affaires de d\u00e9veloppement environnemental<\/p>\n<p><a href=\"http:\/\/www.svu.edu.eg\/faculties\/med\/wp-content\/uploads\/2019\/12\/Ali-Rabee-Kamel.pdf\">Dr .Ali Rabie Kamel Hamdan<\/a><\/p>\n<p>Du : 25\/09\/2019<\/p>\n<p><img decoding=\"async\" loading=\"lazy\" class=\"alignnone\" src=\"http:\/\/www.svu.edu.eg\/faculties\/med\/wp-content\/uploads\/2019\/12\/d-ali-rabee-5-250x300.jpg\" width=\"158\" height=\"190\" \/><\/p>\n","protected":false},"excerpt":{"rendered":"<p>Vice-doyen \u00e0 l&#8217;\u00e9ducation et aux affaires \u00e9tudiantes Prof.Dr Hanan Mahmoud Abd El- Latif Fayed Vice-doyen aux \u00e9tudes sup\u00e9rieures et \u00e0 [&hellip;]<\/p>\n","protected":false},"author":2,"featured_media":0,"parent":6743,"menu_order":0,"comment_status":"closed","ping_status":"closed","template":"","meta":{"_monsterinsights_skip_tracking":false,"_monsterinsights_sitenote_active":false,"_monsterinsights_sitenote_note":"","_monsterinsights_sitenote_category":0},"_links":{"self":[{"href":"http:\/\/www.svu.edu.eg\/faculties\/med\/wp-json\/wp\/v2\/pages\/8689"}],"collection":[{"href":"http:\/\/www.svu.edu.eg\/faculties\/med\/wp-json\/wp\/v2\/pages"}],"about":[{"href":"http:\/\/www.svu.edu.eg\/faculties\/med\/wp-json\/wp\/v2\/types\/page"}],"author":[{"embeddable":true,"href":"http:\/\/www.svu.edu.eg\/faculties\/med\/wp-json\/wp\/v2\/users\/2"}],"replies":[{"embeddable":true,"href":"http:\/\/www.svu.edu.eg\/faculties\/med\/wp-json\/wp\/v2\/comments?post=8689"}],"version-history":[{"count":5,"href":"http:\/\/www.svu.edu.eg\/faculties\/med\/wp-json\/wp\/v2\/pages\/8689\/revisions"}],"predecessor-version":[{"id":8708,"href":"http:\/\/www.svu.edu.eg\/faculties\/med\/wp-json\/wp\/v2\/pages\/8689\/revisions\/8708"}],"up":[{"embeddable":true,"href":"http:\/\/www.svu.edu.eg\/faculties\/med\/wp-json\/wp\/v2\/pages\/6743"}],"wp:attachment":[{"href":"http:\/\/www.svu.edu.eg\/faculties\/med\/wp-json\/wp\/v2\/media?parent=8689"}],"curies":[{"name":"wp","href":"https:\/\/api.w.org\/{rel}","templated":true}]}}