{"id":6766,"date":"2020-12-19T11:07:54","date_gmt":"2020-12-19T11:07:54","guid":{"rendered":"http:\/\/www.svu.edu.eg\/faculties\/med\/?page_id=6766"},"modified":"2022-10-15T11:47:28","modified_gmt":"2022-10-15T09:47:28","slug":"assurance-de-la-qualite","status":"publish","type":"page","link":"http:\/\/www.svu.edu.eg\/faculties\/med\/fr\/assurance-de-la-qualite\/","title":{"rendered":"Unit\u00e9 d&#8217;assurance qualit\u00e9"},"content":{"rendered":"<p><img decoding=\"async\" src=\"http:\/\/www.svu.edu.eg\/faculties\/med\/wp-content\/uploads\/2019\/12\/photo2-2.jpg\"><\/p>\n<h6><em>La Facult\u00e9 de m\u00e9decine croit en la n\u00e9cessit\u00e9 d&#8217;avoir des normes standards \u00e0 appliquer et \u00e0 \u00e9valuer pour tout ce qui concerne le processus \u00e9ducatif, le processus de recherche scientifique, ainsi que le service environnemental et le d\u00e9veloppement communautaire.Une entit\u00e9 ind\u00e9pendante \u00e9tait tenue de le faire. Il a cherch\u00e9 \u00e0 appliquer les normes nationales pour l\u2019\u00e9ducation m\u00e9dicale en Egypte afin d\u2019am\u00e9liorer l\u2019efficacit\u00e9 du directeur final du processus \u00e9ducatif, ainsi que de rejoindre les rangs des coll\u00e8ges accr\u00e9dit\u00e9s par l\u2019Autorit\u00e9 nationale pour l\u2019assurance qualit\u00e9 et l\u2019accr\u00e9ditation.<\/em><\/h6>\n","protected":false},"excerpt":{"rendered":"<p>La Facult\u00e9 de m\u00e9decine croit en la n\u00e9cessit\u00e9 d&#8217;avoir des normes standards \u00e0 appliquer et \u00e0 \u00e9valuer pour tout ce [&hellip;]<\/p>\n","protected":false},"author":2,"featured_media":0,"parent":0,"menu_order":0,"comment_status":"closed","ping_status":"closed","template":"","meta":{"_monsterinsights_skip_tracking":false,"_monsterinsights_sitenote_active":false,"_monsterinsights_sitenote_note":"","_monsterinsights_sitenote_category":0},"_links":{"self":[{"href":"http:\/\/www.svu.edu.eg\/faculties\/med\/wp-json\/wp\/v2\/pages\/6766"}],"collection":[{"href":"http:\/\/www.svu.edu.eg\/faculties\/med\/wp-json\/wp\/v2\/pages"}],"about":[{"href":"http:\/\/www.svu.edu.eg\/faculties\/med\/wp-json\/wp\/v2\/types\/page"}],"author":[{"embeddable":true,"href":"http:\/\/www.svu.edu.eg\/faculties\/med\/wp-json\/wp\/v2\/users\/2"}],"replies":[{"embeddable":true,"href":"http:\/\/www.svu.edu.eg\/faculties\/med\/wp-json\/wp\/v2\/comments?post=6766"}],"version-history":[{"count":5,"href":"http:\/\/www.svu.edu.eg\/faculties\/med\/wp-json\/wp\/v2\/pages\/6766\/revisions"}],"predecessor-version":[{"id":10154,"href":"http:\/\/www.svu.edu.eg\/faculties\/med\/wp-json\/wp\/v2\/pages\/6766\/revisions\/10154"}],"wp:attachment":[{"href":"http:\/\/www.svu.edu.eg\/faculties\/med\/wp-json\/wp\/v2\/media?parent=6766"}],"curies":[{"name":"wp","href":"https:\/\/api.w.org\/{rel}","templated":true}]}}