{"id":6753,"date":"2020-12-19T09:41:11","date_gmt":"2020-12-19T09:41:11","guid":{"rendered":"http:\/\/www.svu.edu.eg\/faculties\/med\/?page_id=6753"},"modified":"2022-02-06T21:05:01","modified_gmt":"2022-02-06T19:05:01","slug":"letudes-superieures","status":"publish","type":"page","link":"http:\/\/www.svu.edu.eg\/faculties\/med\/fr\/letudes-superieures\/","title":{"rendered":"Secteur des \u00e9tudes sup\u00e9rieures et de la recherche"},"content":{"rendered":"\n<p style=\"text-align:left\"><a href=\"http:\/\/www.svu.edu.eg\/faculties\/med\/wp-content\/uploads\/2020\/02\/%D9%84%D8%A7%D8%A6%D8%AD%D8%A9-%D8%A7%D9%84%D8%AF%D8%B1%D8%A7%D8%B3%D8%A7%D8%AA-%D8%A7%D9%84%D8%B9%D9%84%D9%8A%D8%A7.pdf\"><strong><em>R\u00e8glement des \u00e9tudes sup\u00e9rieures<\/em><\/strong><\/a><\/p>\n\n\n\n<p style=\"text-align:left\"><em>Description du programme des \u00e9tudes sup\u00e9rieures et ses d\u00e9cisions<\/em><\/p>\n","protected":false},"excerpt":{"rendered":"<p>R\u00e8glement des \u00e9tudes sup\u00e9rieures Description du programme des \u00e9tudes sup\u00e9rieures et ses d\u00e9cisions<\/p>\n","protected":false},"author":2,"featured_media":0,"parent":0,"menu_order":0,"comment_status":"closed","ping_status":"closed","template":"","meta":{"_monsterinsights_skip_tracking":false,"_monsterinsights_sitenote_active":false,"_monsterinsights_sitenote_note":"","_monsterinsights_sitenote_category":0},"_links":{"self":[{"href":"http:\/\/www.svu.edu.eg\/faculties\/med\/wp-json\/wp\/v2\/pages\/6753"}],"collection":[{"href":"http:\/\/www.svu.edu.eg\/faculties\/med\/wp-json\/wp\/v2\/pages"}],"about":[{"href":"http:\/\/www.svu.edu.eg\/faculties\/med\/wp-json\/wp\/v2\/types\/page"}],"author":[{"embeddable":true,"href":"http:\/\/www.svu.edu.eg\/faculties\/med\/wp-json\/wp\/v2\/users\/2"}],"replies":[{"embeddable":true,"href":"http:\/\/www.svu.edu.eg\/faculties\/med\/wp-json\/wp\/v2\/comments?post=6753"}],"version-history":[{"count":4,"href":"http:\/\/www.svu.edu.eg\/faculties\/med\/wp-json\/wp\/v2\/pages\/6753\/revisions"}],"predecessor-version":[{"id":8755,"href":"http:\/\/www.svu.edu.eg\/faculties\/med\/wp-json\/wp\/v2\/pages\/6753\/revisions\/8755"}],"wp:attachment":[{"href":"http:\/\/www.svu.edu.eg\/faculties\/med\/wp-json\/wp\/v2\/media?parent=6753"}],"curies":[{"name":"wp","href":"https:\/\/api.w.org\/{rel}","templated":true}]}}