{"id":6750,"date":"2020-12-19T09:35:21","date_gmt":"2020-12-19T09:35:21","guid":{"rendered":"http:\/\/www.svu.edu.eg\/faculties\/med\/?page_id=6750"},"modified":"2022-10-17T11:46:03","modified_gmt":"2022-10-17T09:46:03","slug":"leducation-et-letudiants","status":"publish","type":"page","link":"http:\/\/www.svu.edu.eg\/faculties\/med\/fr\/leducation-et-letudiants\/","title":{"rendered":"L&#8217;\u00e9ducation et l&#8217;\u00e9tudiants"},"content":{"rendered":"\n<blockquote style=\"text-align:left\" class=\"wp-block-quote is-style-large\"><p><strong>R\u00e8glement de la facult\u00e9*<\/strong><\/p><\/blockquote>\n\n\n\n<p style=\"text-align:left\"><em><strong><a href=\"http:\/\/www.svu.edu.eg\/faculties\/med\/wp-content\/uploads\/2020\/02\/2-%D8%A7%D9%84%D9%84%D8%A7%D8%A6%D8%AD%D8%A9-52-%D9%83%D8%A7%D9%85%D9%84%D8%A9.pdf\">La liste de la facult\u00e9 de m\u00e9decine de Qena est le syst\u00e8me points approuv\u00e9<\/a><\/strong><\/em><\/p>\n\n\n\n<p style=\"text-align:left\"><strong><em><a href=\"http:\/\/www.svu.edu.eg\/faculties\/med\/wp-content\/uploads\/2019\/12\/%D9%84%D8%A7%D8%A6%D8%AD%D9%87-%D9%83%D9%84%D9%8A%D9%87-%D8%A7%D9%84%D8%B7%D8%A8-%D8%B3%D8%A7%D8%B9%D8%A7%D8%AA-%D9%85%D8%B9%D8%AA%D9%85%D8%AF%D9%87.pdf\">La liste de la facult\u00e9 de m\u00e9decine de Qena est Le syst\u00e8me horaire approuv\u00e9<\/a><\/em><\/strong><\/p>\n\n\n\n<blockquote style=\"text-align:left\" class=\"wp-block-quote is-style-large\"><p><strong>Description des programmes et des d\u00e9cisions<\/strong>*<\/p><\/blockquote>\n\n\n\n<p style=\"text-align:left\"><em>Description du programme Bachelor of medicine\u2013 le syst\u00e8me horaire approuv\u00e9 et ses d\u00e9cisions<\/em><\/p>\n\n\n\n<p style=\"text-align:left\"><em>Le programme Bachelor of medicine\u2013 le syst\u00e8me horaire approuv\u00e9<\/em><\/p>\n\n\n\n<p style=\"text-align:left\"><em>Description du programme Bachelor of medicine\u2013 le syst\u00e8me points<\/em><\/p>\n\n\n\n<p style=\"text-align:left\"><em>approuv\u00e9 et ses d\u00e9cisions<\/em><\/p>\n\n\n\n<p style=\"text-align:left\"><em>Le programme Bachelor of medicine\u2013 le syst\u00e8me points approuv\u00e9<\/em><\/p>\n","protected":false},"excerpt":{"rendered":"<p>R\u00e8glement de la facult\u00e9* La liste de la facult\u00e9 de m\u00e9decine de Qena est le syst\u00e8me points approuv\u00e9 La liste [&hellip;]<\/p>\n","protected":false},"author":2,"featured_media":0,"parent":0,"menu_order":0,"comment_status":"closed","ping_status":"closed","template":"","meta":{"_monsterinsights_skip_tracking":false,"_monsterinsights_sitenote_active":false,"_monsterinsights_sitenote_note":"","_monsterinsights_sitenote_category":0},"_links":{"self":[{"href":"http:\/\/www.svu.edu.eg\/faculties\/med\/wp-json\/wp\/v2\/pages\/6750"}],"collection":[{"href":"http:\/\/www.svu.edu.eg\/faculties\/med\/wp-json\/wp\/v2\/pages"}],"about":[{"href":"http:\/\/www.svu.edu.eg\/faculties\/med\/wp-json\/wp\/v2\/types\/page"}],"author":[{"embeddable":true,"href":"http:\/\/www.svu.edu.eg\/faculties\/med\/wp-json\/wp\/v2\/users\/2"}],"replies":[{"embeddable":true,"href":"http:\/\/www.svu.edu.eg\/faculties\/med\/wp-json\/wp\/v2\/comments?post=6750"}],"version-history":[{"count":4,"href":"http:\/\/www.svu.edu.eg\/faculties\/med\/wp-json\/wp\/v2\/pages\/6750\/revisions"}],"predecessor-version":[{"id":8713,"href":"http:\/\/www.svu.edu.eg\/faculties\/med\/wp-json\/wp\/v2\/pages\/6750\/revisions\/8713"}],"wp:attachment":[{"href":"http:\/\/www.svu.edu.eg\/faculties\/med\/wp-json\/wp\/v2\/media?parent=6750"}],"curies":[{"name":"wp","href":"https:\/\/api.w.org\/{rel}","templated":true}]}}