{"id":10226,"date":"2022-10-22T10:05:51","date_gmt":"2022-10-22T08:05:51","guid":{"rendered":"http:\/\/www.svu.edu.eg\/faculties\/med\/?page_id=10226"},"modified":"2022-10-22T10:07:48","modified_gmt":"2022-10-22T08:07:48","slug":"a-propos-du-departement-de-digestif","status":"publish","type":"page","link":"http:\/\/www.svu.edu.eg\/faculties\/med\/fr\/departement-de-digestif\/a-propos-du-departement-de-digestif\/","title":{"rendered":"\u00c0 propos du d\u00e9partement de digestif"},"content":{"rendered":"<h6><em>\u00c0 propos du d\u00e9partement de digestif<\/em><\/h6>\n","protected":false},"excerpt":{"rendered":"<p>\u00c0 propos du d\u00e9partement de digestif<\/p>\n","protected":false},"author":2,"featured_media":0,"parent":9850,"menu_order":0,"comment_status":"closed","ping_status":"closed","template":"","meta":{"_monsterinsights_skip_tracking":false,"_monsterinsights_sitenote_active":false,"_monsterinsights_sitenote_note":"","_monsterinsights_sitenote_category":0},"_links":{"self":[{"href":"http:\/\/www.svu.edu.eg\/faculties\/med\/wp-json\/wp\/v2\/pages\/10226"}],"collection":[{"href":"http:\/\/www.svu.edu.eg\/faculties\/med\/wp-json\/wp\/v2\/pages"}],"about":[{"href":"http:\/\/www.svu.edu.eg\/faculties\/med\/wp-json\/wp\/v2\/types\/page"}],"author":[{"embeddable":true,"href":"http:\/\/www.svu.edu.eg\/faculties\/med\/wp-json\/wp\/v2\/users\/2"}],"replies":[{"embeddable":true,"href":"http:\/\/www.svu.edu.eg\/faculties\/med\/wp-json\/wp\/v2\/comments?post=10226"}],"version-history":[{"count":3,"href":"http:\/\/www.svu.edu.eg\/faculties\/med\/wp-json\/wp\/v2\/pages\/10226\/revisions"}],"predecessor-version":[{"id":10229,"href":"http:\/\/www.svu.edu.eg\/faculties\/med\/wp-json\/wp\/v2\/pages\/10226\/revisions\/10229"}],"up":[{"embeddable":true,"href":"http:\/\/www.svu.edu.eg\/faculties\/med\/wp-json\/wp\/v2\/pages\/9850"}],"wp:attachment":[{"href":"http:\/\/www.svu.edu.eg\/faculties\/med\/wp-json\/wp\/v2\/media?parent=10226"}],"curies":[{"name":"wp","href":"https:\/\/api.w.org\/{rel}","templated":true}]}}