{"id":10206,"date":"2022-10-18T09:56:46","date_gmt":"2022-10-18T07:56:46","guid":{"rendered":"http:\/\/www.svu.edu.eg\/faculties\/med\/?page_id=10206"},"modified":"2022-10-18T09:57:51","modified_gmt":"2022-10-18T07:57:51","slug":"description-des-programmes-du-departement-des-maladies-internes","status":"publish","type":"page","link":"http:\/\/www.svu.edu.eg\/faculties\/med\/fr\/departement-des-maladies-internes\/description-des-programmes-du-departement-des-maladies-internes\/","title":{"rendered":"Description des programmes du d\u00e9partement des maladies internes"},"content":{"rendered":"<h4><span style=\"color: #3366ff;\"><em>*Description du programme de baccalaur\u00e9at en m\u00e9decine et chirurgie \u2013 Syst\u00e8me d\u2019heures de cr\u00e9dit et cours.<\/em><\/span><\/h4>\n<h4><em>*Programme de baccalaur\u00e9at en m\u00e9decine et chirurgie \u00e0 la facult\u00e9 de m\u00e9decine de Qena -Heures de cr\u00e9dit.<\/em><\/h4>\n<h4><span style=\"color: #3366ff;\"><em>*Description du Baccalaur\u00e9at en m\u00e9decine et chirurgie \u2013 Syst\u00e8me de points et cours accr\u00e9dit\u00e9s.<\/em><\/span><\/h4>\n<h4><em>*Le dossier du programme de licence en m\u00e9decine et chirurgie \u00e0 la facult\u00e9 de m\u00e9decine de Qena \u2013 points approuv\u00e9s.<\/em><\/h4>\n<h4><span style=\"color: #3366ff;\"><em>*Description des \u00e9tudes sup\u00e9rieures.<\/em><\/span><\/h4>\n<h4><em>*Description des \u00e9tudes sup\u00e9rieures- Facult\u00e9 de m\u00e9decine de Qena.<\/em><\/h4>\n","protected":false},"excerpt":{"rendered":"<p>*Description du programme de baccalaur\u00e9at en m\u00e9decine et chirurgie \u2013 Syst\u00e8me d\u2019heures de cr\u00e9dit et cours. *Programme de baccalaur\u00e9at en [&hellip;]<\/p>\n","protected":false},"author":2,"featured_media":0,"parent":9842,"menu_order":0,"comment_status":"closed","ping_status":"closed","template":"","meta":{"_monsterinsights_skip_tracking":false,"_monsterinsights_sitenote_active":false,"_monsterinsights_sitenote_note":"","_monsterinsights_sitenote_category":0},"_links":{"self":[{"href":"http:\/\/www.svu.edu.eg\/faculties\/med\/wp-json\/wp\/v2\/pages\/10206"}],"collection":[{"href":"http:\/\/www.svu.edu.eg\/faculties\/med\/wp-json\/wp\/v2\/pages"}],"about":[{"href":"http:\/\/www.svu.edu.eg\/faculties\/med\/wp-json\/wp\/v2\/types\/page"}],"author":[{"embeddable":true,"href":"http:\/\/www.svu.edu.eg\/faculties\/med\/wp-json\/wp\/v2\/users\/2"}],"replies":[{"embeddable":true,"href":"http:\/\/www.svu.edu.eg\/faculties\/med\/wp-json\/wp\/v2\/comments?post=10206"}],"version-history":[{"count":2,"href":"http:\/\/www.svu.edu.eg\/faculties\/med\/wp-json\/wp\/v2\/pages\/10206\/revisions"}],"predecessor-version":[{"id":10208,"href":"http:\/\/www.svu.edu.eg\/faculties\/med\/wp-json\/wp\/v2\/pages\/10206\/revisions\/10208"}],"up":[{"embeddable":true,"href":"http:\/\/www.svu.edu.eg\/faculties\/med\/wp-json\/wp\/v2\/pages\/9842"}],"wp:attachment":[{"href":"http:\/\/www.svu.edu.eg\/faculties\/med\/wp-json\/wp\/v2\/media?parent=10206"}],"curies":[{"name":"wp","href":"https:\/\/api.w.org\/{rel}","templated":true}]}}