{"id":10168,"date":"2022-10-17T09:46:24","date_gmt":"2022-10-17T07:46:24","guid":{"rendered":"http:\/\/www.svu.edu.eg\/faculties\/med\/?page_id=10168"},"modified":"2022-10-17T10:38:10","modified_gmt":"2022-10-17T08:38:10","slug":"les-membres-du-corps-professoral-et-leurs-assistants-du-departement-de-dermatologie-et-de-venereologie","status":"publish","type":"page","link":"http:\/\/www.svu.edu.eg\/faculties\/med\/fr\/les-membres-du-corps-professoral-et-leurs-assistants-du-departement-de-dermatologie-et-de-venereologie\/","title":{"rendered":"Les membres du corps professoral et leurs assistants du d\u00e9partement de dermatologie et de v\u00e9n\u00e9r\u00e9ologie"},"content":{"rendered":"<ul>\n<li>\n<h4><strong><em>Hassan Mohamed Ibrahim Ali&nbsp;&nbsp; &nbsp; &nbsp; &nbsp; &nbsp; &nbsp; &nbsp; &nbsp; &nbsp; &nbsp; &nbsp; &nbsp; &nbsp; &nbsp; &nbsp; &nbsp; &nbsp; &nbsp; &nbsp;&nbsp;<\/em><\/strong><\/h4>\n<\/li>\n<li>\n<h4><strong><em>professeur assistant<\/em><\/strong><\/h4>\n<\/li>\n<li>\n<h4><strong><em>Issa Mohamad Hegazy<\/em><\/strong><\/h4>\n<\/li>\n<li>\n<h4><strong><em>Enseignan&nbsp; &nbsp; &nbsp; &nbsp; &nbsp; &nbsp; &nbsp; &nbsp; &nbsp; &nbsp; &nbsp; &nbsp; &nbsp; &nbsp; &nbsp; &nbsp; &nbsp; <\/em><\/strong><\/h4>\n<\/li>\n<li>\n<h4><strong><em>Suhair Abd El-Hamid Ali&nbsp; &nbsp; &nbsp; &nbsp; &nbsp; &nbsp; &nbsp; &nbsp; &nbsp; &nbsp; &nbsp; &nbsp; &nbsp; &nbsp; &nbsp; &nbsp; &nbsp; &nbsp; &nbsp; &nbsp; &nbsp; &nbsp; &nbsp; &nbsp;<\/em><\/strong><\/h4>\n<\/li>\n<li>\n<h4><strong><em>Enseignante assistante<\/em><\/strong><\/h4>\n<\/li>\n<li>\n<h4><strong><em>Bassiouny Khairy Bassiouny&nbsp; &nbsp; &nbsp; &nbsp; &nbsp; &nbsp; &nbsp; &nbsp; &nbsp; &nbsp; &nbsp; &nbsp; &nbsp; &nbsp; &nbsp; &nbsp; &nbsp; &nbsp; &nbsp;<\/em><\/strong><\/h4>\n<\/li>\n<li>\n<h4><strong><em>Enseignant assistant<\/em><\/strong><\/h4>\n<\/li>\n<li>\n<h4><strong><em>Ibtihal Alaa El-Din&nbsp; &nbsp; &nbsp; &nbsp; &nbsp; &nbsp; &nbsp; &nbsp; &nbsp; &nbsp; &nbsp; &nbsp; &nbsp; &nbsp; &nbsp; &nbsp; &nbsp; &nbsp; &nbsp; &nbsp; &nbsp; &nbsp; &nbsp; &nbsp; &nbsp; &nbsp; &nbsp; &nbsp; &nbsp; &nbsp; &nbsp;<\/em><\/strong><\/h4>\n<\/li>\n<li>\n<h4><strong><em>Enseignante assistante<\/em><\/strong><\/h4>\n<\/li>\n<li>\n<h4><strong><em>Mona Hamed Mohamed&nbsp; <\/em><\/strong><\/h4>\n<\/li>\n<li>\n<h4><em><strong>Assistante&nbsp; &nbsp; &nbsp; &nbsp; &nbsp; &nbsp; &nbsp; &nbsp; &nbsp; &nbsp; &nbsp; &nbsp; &nbsp; &nbsp; &nbsp;<\/strong> &nbsp; &nbsp; &nbsp; &nbsp;<\/em><\/h4>\n<\/li>\n<\/ul>\n","protected":false},"excerpt":{"rendered":"<p>Hassan Mohamed Ibrahim Ali&nbsp;&nbsp; &nbsp; &nbsp; &nbsp; &nbsp; &nbsp; &nbsp; &nbsp; &nbsp; &nbsp; &nbsp; &nbsp; &nbsp; &nbsp; &nbsp; &nbsp; &nbsp; [&hellip;]<\/p>\n","protected":false},"author":2,"featured_media":0,"parent":0,"menu_order":0,"comment_status":"closed","ping_status":"closed","template":"","meta":{"_monsterinsights_skip_tracking":false,"_monsterinsights_sitenote_active":false,"_monsterinsights_sitenote_note":"","_monsterinsights_sitenote_category":0},"_links":{"self":[{"href":"http:\/\/www.svu.edu.eg\/faculties\/med\/wp-json\/wp\/v2\/pages\/10168"}],"collection":[{"href":"http:\/\/www.svu.edu.eg\/faculties\/med\/wp-json\/wp\/v2\/pages"}],"about":[{"href":"http:\/\/www.svu.edu.eg\/faculties\/med\/wp-json\/wp\/v2\/types\/page"}],"author":[{"embeddable":true,"href":"http:\/\/www.svu.edu.eg\/faculties\/med\/wp-json\/wp\/v2\/users\/2"}],"replies":[{"embeddable":true,"href":"http:\/\/www.svu.edu.eg\/faculties\/med\/wp-json\/wp\/v2\/comments?post=10168"}],"version-history":[{"count":4,"href":"http:\/\/www.svu.edu.eg\/faculties\/med\/wp-json\/wp\/v2\/pages\/10168\/revisions"}],"predecessor-version":[{"id":10181,"href":"http:\/\/www.svu.edu.eg\/faculties\/med\/wp-json\/wp\/v2\/pages\/10168\/revisions\/10181"}],"wp:attachment":[{"href":"http:\/\/www.svu.edu.eg\/faculties\/med\/wp-json\/wp\/v2\/media?parent=10168"}],"curies":[{"name":"wp","href":"https:\/\/api.w.org\/{rel}","templated":true}]}}