{"id":8689,"date":"2021-01-20T08:10:02","date_gmt":"2021-01-20T08:10:02","guid":{"rendered":"http:\/\/www.svu.edu.eg\/faculties\/law\/?page_id=8689"},"modified":"2021-01-20T08:10:08","modified_gmt":"2021-01-20T08:10:08","slug":"affaires-des-diplomes-2","status":"publish","type":"page","link":"http:\/\/www.svu.edu.eg\/faculties\/law\/fr\/affaires-des-diplomes-2\/","title":{"rendered":"Affaires des dipl\u00f4m\u00e9s"},"content":{"rendered":"<p><strong><span style=\"font-size: 14pt;\">Fonctions d&#8217;administration<\/span><\/strong><\/p>\n<ul>\n<li><span style=\"font-size: 14pt;\">Dipl\u00f4me d\u2019\u00e9tudes sup\u00e9rieures de la Direction des \u00e9tudiants de l\u2019\u00e9ducation ouverte.<\/span><\/li>\n<li><span style=\"font-size: 14pt;\">Produire une estimation pour les quatre ann\u00e9es scolaires en arabe.<\/span><\/li>\n<li><span style=\"font-size: 14pt;\">Le Minist\u00e8re extrait des certificats temporaires pour les titulaires de permis.<\/span><\/li>\n<li><span style=\"font-size: 14pt;\">\u00c9nonc\u00e9 de classement des \u00e9l\u00e8ves.<\/span><\/li>\n<li><span style=\"font-size: 14pt;\">Quatre &#8211; ann\u00e9e &#8211; en cas de cas.<\/span><\/li>\n<li><span style=\"font-size: 14pt;\">Remise d\u2019un certificat de bonne conduite.<\/span><\/li>\n<li><span style=\"font-size: 14pt;\">Remettre le certificat de fin d\u2019\u00e9tudes original.<\/span><\/li>\n<li><span style=\"font-size: 14pt;\">Faire une d\u00e9claration sur l\u2019authenticit\u00e9 du certificat.<\/span><\/li>\n<li><span style=\"font-size: 14pt;\">Prise de d\u00e9cision minist\u00e9rielle et brevets<\/span><\/li>\n<li><span style=\"font-size: 14pt;\">Statistiques par dipl\u00f4m\u00e9s du coll\u00e8ge<\/span><\/li>\n<li><span style=\"font-size: 14pt;\">Extraire une indemnit\u00e9 perdue des certificats d\u2019obtention du dipl\u00f4me.<\/span><\/li>\n<li><span style=\"font-size: 14pt;\">Un classement \u00e9tudiant s\u2019il est dans le top .<\/span><\/li>\n<\/ul>\n<p><img decoding=\"async\" loading=\"lazy\" class=\"aligncenter\" src=\"http:\/\/www.svu.edu.eg\/faculties\/law\/wp-content\/uploads\/2020\/10\/%D8%A7%D9%8A%D9%86%D8%A7%D8%B3-2-238x300-238x300.jpg\" width=\"222\" height=\"281\"><\/p>\n<p style=\"text-align: center;\">M\/ Enas Abo-elhamed Abdelmoaty<\/p>\n<p style=\"text-align: center;\">Directeur<\/p>\n<p><img decoding=\"async\" class=\"aligncenter\" src=\"http:\/\/www.svu.edu.eg\/faculties\/law\/wp-content\/uploads\/2020\/02\/%D8%A8%D8%B3%D9%85%D9%87-210x300.jpg\"><\/p>\n<p style=\"text-align: center;\">M\/ Basma Nady Mahmoud<\/p>\n","protected":false},"excerpt":{"rendered":"<p>Fonctions d&#8217;administration Dipl\u00f4me d\u2019\u00e9tudes sup\u00e9rieures de la Direction des \u00e9tudiants de l\u2019\u00e9ducation ouverte. Produire une estimation pour les quatre ann\u00e9es scolaires en arabe. Le Minist\u00e8re extrait des certificats temporaires pour [&hellip;]<\/p>\n","protected":false},"author":2,"featured_media":0,"parent":0,"menu_order":0,"comment_status":"closed","ping_status":"closed","template":"","meta":[],"_links":{"self":[{"href":"http:\/\/www.svu.edu.eg\/faculties\/law\/wp-json\/wp\/v2\/pages\/8689"}],"collection":[{"href":"http:\/\/www.svu.edu.eg\/faculties\/law\/wp-json\/wp\/v2\/pages"}],"about":[{"href":"http:\/\/www.svu.edu.eg\/faculties\/law\/wp-json\/wp\/v2\/types\/page"}],"author":[{"embeddable":true,"href":"http:\/\/www.svu.edu.eg\/faculties\/law\/wp-json\/wp\/v2\/users\/2"}],"replies":[{"embeddable":true,"href":"http:\/\/www.svu.edu.eg\/faculties\/law\/wp-json\/wp\/v2\/comments?post=8689"}],"version-history":[{"count":2,"href":"http:\/\/www.svu.edu.eg\/faculties\/law\/wp-json\/wp\/v2\/pages\/8689\/revisions"}],"predecessor-version":[{"id":8691,"href":"http:\/\/www.svu.edu.eg\/faculties\/law\/wp-json\/wp\/v2\/pages\/8689\/revisions\/8691"}],"wp:attachment":[{"href":"http:\/\/www.svu.edu.eg\/faculties\/law\/wp-json\/wp\/v2\/media?parent=8689"}],"curies":[{"name":"wp","href":"https:\/\/api.w.org\/{rel}","templated":true}]}}