{"id":7901,"date":"2020-12-20T08:34:50","date_gmt":"2020-12-20T08:34:50","guid":{"rendered":"http:\/\/www.svu.edu.eg\/faculties\/law\/?page_id=7901"},"modified":"2021-01-21T08:42:34","modified_gmt":"2021-01-21T08:42:34","slug":"les-affaires-publiques","status":"publish","type":"page","link":"http:\/\/www.svu.edu.eg\/faculties\/law\/fr\/les-affaires-publiques\/","title":{"rendered":"Les affaires publiques"},"content":{"rendered":"\n<p style=\"text-align:left\"> Am\u00e9lioration de l\u2019exploitation et de l\u2019entretien, y compris la s\u00e9curit\u00e9 et la s\u00fbret\u00e9, ainsi que l\u2019hygi\u00e8ne et l\u2019entretien de l\u2019\u00e9quipement \u00e9lectrique et adaptatif et de l\u2019\u00e9quipement de l\u2019Universit\u00e9. Mobilier moderne et ancien et efforts pour am\u00e9liorer les services offerts dans le cadre des activit\u00e9s du Coll\u00e8ge, comme la r\u00e9ception, le d\u00e9p\u00f4t, l\u2019escorte et la r\u00e9ception du courrier; ainsi que d\u2019entretenir les installations de l\u2019Universit\u00e9 en mati\u00e8re d\u2019entretien p\u00e9riodique et d\u2019urgence.<\/p>\n\n\n\n<div class=\"wp-block-image\"><figure class=\"aligncenter is-resized\"><img decoding=\"async\" loading=\"lazy\" src=\"http:\/\/www.svu.edu.eg\/faculties\/law\/wp-content\/uploads\/2020\/02\/%D8%A7%D9%84%D8%B4%D9%8A%D8%AE1-210x300.jpg\" alt=\"\" width=\"198\" height=\"281\"\/><\/figure><\/div>\n\n\n\n<p style=\"text-align:center\">M\/ Abdelhamed Abdelkader Ali EL-Shekh<\/p>\n\n\n\n<div class=\"wp-block-image\"><figure class=\"aligncenter is-resized\"><img decoding=\"async\" loading=\"lazy\" src=\"http:\/\/www.svu.edu.eg\/faculties\/law\/wp-content\/uploads\/2019\/11\/%D8%A3%D9%8A%D9%85%D9%86-%D8%B3%D9%8A%D8%AF-221x300.jpg\" alt=\"\" width=\"215\" height=\"290\"\/><\/figure><\/div>\n\n\n\n<p style=\"text-align:center\">M\/ Ayman Saied Abo-elmagd<\/p>\n\n\n\n<div class=\"wp-block-image\"><figure class=\"aligncenter\"><img decoding=\"async\" src=\"http:\/\/www.svu.edu.eg\/faculties\/law\/wp-content\/uploads\/2019\/11\/%D8%A3%D8%AD%D9%85%D8%AF-%D8%B9%D8%A8%D8%AF-%D8%A7%D9%84%D9%86%D8%A7%D8%AC%D9%89-183x300.jpg\" alt=\"\"\/><\/figure><\/div>\n\n\n\n<p style=\"text-align:center\">M\/ Ahmed Abdelnagy Saad<\/p>\n\n\n\n<div class=\"wp-block-image\"><figure class=\"aligncenter is-resized\"><img decoding=\"async\" loading=\"lazy\" src=\"http:\/\/www.svu.edu.eg\/faculties\/law\/wp-content\/uploads\/2020\/03\/%D8%B9%D8%A8%D8%AF-%D8%A7%D9%84%D8%BA%D9%81%D8%A7%D8%B1-775x1024.jpg\" alt=\"\" width=\"233\" height=\"305\"\/><\/figure><\/div>\n\n\n\n<p style=\"text-align:center\">M\/ Abdelghafar Mahdy Mohamed<\/p>\n\n\n\n<div class=\"wp-block-image\"><figure class=\"aligncenter is-resized\"><img decoding=\"async\" loading=\"lazy\" src=\"http:\/\/www.svu.edu.eg\/faculties\/law\/wp-content\/uploads\/2020\/08\/%D9%85%D8%A8%D8%A7%D8%B1%D9%83%D9%87-%D8%A3%D8%AD%D9%85%D8%AF-%D8%B3%D9%8A%D8%AF-%D8%A7%D9%84%D8%B4%D8%A7%D9%81%D8%B9%D9%89-1.jpg\" alt=\"\" width=\"224\" height=\"284\"\/><\/figure><\/div>\n\n\n\n<p style=\"text-align:center\">M\/ Ambaraka Ahmed Saied El-shafaay<\/p>\n\n\n\n<div class=\"wp-block-image\"><figure class=\"aligncenter is-resized\"><img decoding=\"async\" loading=\"lazy\" src=\"http:\/\/www.svu.edu.eg\/faculties\/law\/wp-content\/uploads\/2020\/08\/%D8%A7%D9%86%D8%AA%D8%B5%D8%A7%D8%B1-%D8%AD%D8%B3%D9%86-%D8%B9%D8%A8%D8%A7%D8%B3-%D8%AD%D8%B3%D9%86-1.jpg\" alt=\"\" width=\"191\" height=\"263\"\/><\/figure><\/div>\n\n\n\n<p style=\"text-align:center\">M\/ Entesar Hasan Abas Hasan<br><\/p>\n","protected":false},"excerpt":{"rendered":"<p>Am\u00e9lioration de l\u2019exploitation et de l\u2019entretien, y compris la s\u00e9curit\u00e9 et la s\u00fbret\u00e9, ainsi que l\u2019hygi\u00e8ne et l\u2019entretien de l\u2019\u00e9quipement \u00e9lectrique et adaptatif et de l\u2019\u00e9quipement de l\u2019Universit\u00e9. Mobilier moderne [&hellip;]<\/p>\n","protected":false},"author":2,"featured_media":0,"parent":0,"menu_order":0,"comment_status":"closed","ping_status":"closed","template":"","meta":[],"_links":{"self":[{"href":"http:\/\/www.svu.edu.eg\/faculties\/law\/wp-json\/wp\/v2\/pages\/7901"}],"collection":[{"href":"http:\/\/www.svu.edu.eg\/faculties\/law\/wp-json\/wp\/v2\/pages"}],"about":[{"href":"http:\/\/www.svu.edu.eg\/faculties\/law\/wp-json\/wp\/v2\/types\/page"}],"author":[{"embeddable":true,"href":"http:\/\/www.svu.edu.eg\/faculties\/law\/wp-json\/wp\/v2\/users\/2"}],"replies":[{"embeddable":true,"href":"http:\/\/www.svu.edu.eg\/faculties\/law\/wp-json\/wp\/v2\/comments?post=7901"}],"version-history":[{"count":2,"href":"http:\/\/www.svu.edu.eg\/faculties\/law\/wp-json\/wp\/v2\/pages\/7901\/revisions"}],"predecessor-version":[{"id":8712,"href":"http:\/\/www.svu.edu.eg\/faculties\/law\/wp-json\/wp\/v2\/pages\/7901\/revisions\/8712"}],"wp:attachment":[{"href":"http:\/\/www.svu.edu.eg\/faculties\/law\/wp-json\/wp\/v2\/media?parent=7901"}],"curies":[{"name":"wp","href":"https:\/\/api.w.org\/{rel}","templated":true}]}}