{"id":7899,"date":"2020-12-20T08:32:37","date_gmt":"2020-12-20T08:32:37","guid":{"rendered":"http:\/\/www.svu.edu.eg\/faculties\/law\/?page_id=7899"},"modified":"2021-01-21T08:32:42","modified_gmt":"2021-01-21T08:32:42","slug":"la-contrainte-et-enregistrer","status":"publish","type":"page","link":"http:\/\/www.svu.edu.eg\/faculties\/law\/fr\/la-contrainte-et-enregistrer\/","title":{"rendered":"La contrainte et enregistrer"},"content":{"rendered":"\n<p style=\"text-align:left\"> Le service d\u2019enregistrement et d\u2019archives met en \u0153uvre les fonctions d\u2019entr\u00e9e et de gestion et de disponibilit\u00e9 des archives.<br>La fonction de cette fonction est de recevoir la correspondance \u00e0 enregistrer, et comprend souvent une indication de conservation apr\u00e8s action.<\/p>\n\n\n\n<div class=\"wp-block-image\"><figure class=\"aligncenter\"><img decoding=\"async\" src=\"http:\/\/www.svu.edu.eg\/faculties\/law\/wp-content\/uploads\/2020\/08\/00-7-1.jpg\" alt=\"\"\/><\/figure><\/div>\n\n\n\n<p style=\"text-align:center\">M\/ Ayman Gahlan Mohamed El-geld<br><\/p>\n","protected":false},"excerpt":{"rendered":"<p>Le service d\u2019enregistrement et d\u2019archives met en \u0153uvre les fonctions d\u2019entr\u00e9e et de gestion et de disponibilit\u00e9 des archives.La fonction de cette fonction est de recevoir la correspondance \u00e0 enregistrer, [&hellip;]<\/p>\n","protected":false},"author":2,"featured_media":0,"parent":0,"menu_order":0,"comment_status":"closed","ping_status":"closed","template":"","meta":[],"_links":{"self":[{"href":"http:\/\/www.svu.edu.eg\/faculties\/law\/wp-json\/wp\/v2\/pages\/7899"}],"collection":[{"href":"http:\/\/www.svu.edu.eg\/faculties\/law\/wp-json\/wp\/v2\/pages"}],"about":[{"href":"http:\/\/www.svu.edu.eg\/faculties\/law\/wp-json\/wp\/v2\/types\/page"}],"author":[{"embeddable":true,"href":"http:\/\/www.svu.edu.eg\/faculties\/law\/wp-json\/wp\/v2\/users\/2"}],"replies":[{"embeddable":true,"href":"http:\/\/www.svu.edu.eg\/faculties\/law\/wp-json\/wp\/v2\/comments?post=7899"}],"version-history":[{"count":2,"href":"http:\/\/www.svu.edu.eg\/faculties\/law\/wp-json\/wp\/v2\/pages\/7899\/revisions"}],"predecessor-version":[{"id":8711,"href":"http:\/\/www.svu.edu.eg\/faculties\/law\/wp-json\/wp\/v2\/pages\/7899\/revisions\/8711"}],"wp:attachment":[{"href":"http:\/\/www.svu.edu.eg\/faculties\/law\/wp-json\/wp\/v2\/media?parent=7899"}],"curies":[{"name":"wp","href":"https:\/\/api.w.org\/{rel}","templated":true}]}}