{"id":7893,"date":"2020-12-20T08:26:38","date_gmt":"2020-12-20T08:26:38","guid":{"rendered":"http:\/\/www.svu.edu.eg\/faculties\/law\/?page_id=7893"},"modified":"2021-01-21T08:20:30","modified_gmt":"2021-01-21T08:20:30","slug":"les-achats","status":"publish","type":"page","link":"http:\/\/www.svu.edu.eg\/faculties\/law\/fr\/les-achats\/","title":{"rendered":"Les achats"},"content":{"rendered":"\n<p style=\"text-align:left\">Surveiller les bons de commande et assurer le suivi de\nleur conversion en bons de commande. Le processus d\u2019approvisionnement pour les\nachats \u00e0 l\u2019appui doit \u00eatre ex\u00e9cut\u00e9 conform\u00e9ment aux bons de commande approuv\u00e9s,\naux sp\u00e9cifications approuv\u00e9es et au calendrier d\u2019approvisionnement.<\/p>\n\n\n\n<p style=\"text-align:left\">Contr\u00f4ler les d\u00e9l\u00e9gu\u00e9s \u00e0 l\u2019approvisionnement en\ndemandant des devis conform\u00e9ment aux sp\u00e9cifications et aux quantit\u00e9s, et mener\ndes processus de n\u00e9gociation et d\u2019approvisionnement d\u2019une mani\u00e8re efficace en\ntermes de prix, de qualit\u00e9, de dates d\u2019approvisionnement, de modalit\u00e9s de\npaiement, de service et, dans certains cas, l\u2019ex\u00e9cution.<\/p>\n\n\n\n<p style=\"text-align:left\">Supervision directe, d\u00e9veloppement, assistance et\ncoop\u00e9ration avec les d\u00e9l\u00e9gu\u00e9s \u00e0 l\u2019approvisionnement dans certains r\u00f4les\nd\u2019approvisionnement.<\/p>\n\n\n\n<p style=\"text-align:left\">Surveiller les d\u00e9l\u00e9gu\u00e9s \u00e0 l\u2019approvisionnement dans le\nsuivi de l\u2019approvisionnement aupr\u00e8s des fournisseurs, prendre les mesures\nappropri\u00e9es en cas de changement des calendriers d\u2019approvisionnement,\nsurveiller l\u2019introduction des documents re\u00e7us, suivre la cl\u00f4ture des bons de\ncommande ouverts et r\u00e9soudre les probl\u00e8mes associ\u00e9s avec d\u2019autres services.<\/p>\n\n\n\n<p style=\"text-align:left\">Surveiller les d\u00e9l\u00e9gu\u00e9s \u00e0 l\u2019approvisionnement dans la\nmise en \u0153uvre en temps opportun des t\u00e2ches requises pour atteindre les\nobjectifs d\u2019approvisionnement.<\/p>\n\n\n\n<p style=\"text-align:left\">Surveiller les d\u00e9l\u00e9gu\u00e9s \u00e0 l\u2019approvisionnement dans la\nstricte mise en \u0153uvre des proc\u00e9dures d\u2019approvisionnement et s\u2019assurer que les\ndocuments requis pour le processus d\u2019approvisionnement sont d\u00fbment remplis et\narchiv\u00e9s et que des copies sont distribu\u00e9es aux minist\u00e8res concern\u00e9s.<\/p>\n\n\n\n<p style=\"text-align:left\">Participer \u00e0 la modernisation de l\u2019\u00e9tat du plafond, du\nplancher, de la demande et de la p\u00e9riode d\u2019approvisionnement des articles \u00e0 la\nlumi\u00e8re des taux de consommation.<\/p>\n\n\n\n<p style=\"text-align:left\">Participer \u00e0 l\u2019\u00e9valuation et au d\u00e9veloppement des\nfournisseurs et r\u00e9soudre les probl\u00e8mes des fournisseurs avec son responsable\nimm\u00e9diat.<\/p>\n\n\n\n<p style=\"text-align:left\">Le respect des politiques de l\u2019entreprise dans toutes\nles transactions internes et externes du p\u00e9rim\u00e8tre de l\u2019entreprise.<\/p>\n\n\n\n<p style=\"text-align:left\">Recueillir des informations du march\u00e9 sur les\nmat\u00e9riaux qu\u2019il traite et en discuter avec son patron.<\/p>\n\n\n\n<p style=\"text-align:left\">Participation \u00e0 la recherche de nouveaux fournisseurs\nou d\u2019une alternative aux mat\u00e9riaux utilis\u00e9s par l\u2019entreprise.<\/p>\n\n\n\n<p style=\"text-align:left\">Faire tout autre travail dans le cadre g\u00e9n\u00e9ral de sa\nfonction lorsqu\u2019il est affect\u00e9.<\/p>\n\n\n\n<p style=\"text-align:left\">Rapports mensuels sur l\u2019\u00e9tat des bons de commande et des bons de commande.<\/p>\n\n\n\n<div class=\"wp-block-image\"><figure class=\"aligncenter\"><img decoding=\"async\" src=\"http:\/\/www.svu.edu.eg\/faculties\/law\/wp-content\/uploads\/2020\/08\/00-6-1.jpg\" alt=\"\"\/><\/figure><\/div>\n\n\n\n<p style=\"text-align:center\">M\/ Abdelnasser Metaweaa Taha<\/p>\n\n\n\n<p style=\"text-align:center\">Directeur<\/p>\n","protected":false},"excerpt":{"rendered":"<p>Surveiller les bons de commande et assurer le suivi de leur conversion en bons de commande. Le processus d\u2019approvisionnement pour les achats \u00e0 l\u2019appui doit \u00eatre ex\u00e9cut\u00e9 conform\u00e9ment aux bons [&hellip;]<\/p>\n","protected":false},"author":2,"featured_media":0,"parent":0,"menu_order":0,"comment_status":"closed","ping_status":"closed","template":"","meta":[],"_links":{"self":[{"href":"http:\/\/www.svu.edu.eg\/faculties\/law\/wp-json\/wp\/v2\/pages\/7893"}],"collection":[{"href":"http:\/\/www.svu.edu.eg\/faculties\/law\/wp-json\/wp\/v2\/pages"}],"about":[{"href":"http:\/\/www.svu.edu.eg\/faculties\/law\/wp-json\/wp\/v2\/types\/page"}],"author":[{"embeddable":true,"href":"http:\/\/www.svu.edu.eg\/faculties\/law\/wp-json\/wp\/v2\/users\/2"}],"replies":[{"embeddable":true,"href":"http:\/\/www.svu.edu.eg\/faculties\/law\/wp-json\/wp\/v2\/comments?post=7893"}],"version-history":[{"count":2,"href":"http:\/\/www.svu.edu.eg\/faculties\/law\/wp-json\/wp\/v2\/pages\/7893\/revisions"}],"predecessor-version":[{"id":8709,"href":"http:\/\/www.svu.edu.eg\/faculties\/law\/wp-json\/wp\/v2\/pages\/7893\/revisions\/8709"}],"wp:attachment":[{"href":"http:\/\/www.svu.edu.eg\/faculties\/law\/wp-json\/wp\/v2\/media?parent=7893"}],"curies":[{"name":"wp","href":"https:\/\/api.w.org\/{rel}","templated":true}]}}