{"id":7890,"date":"2020-12-20T08:24:41","date_gmt":"2020-12-20T08:24:41","guid":{"rendered":"http:\/\/www.svu.edu.eg\/faculties\/law\/?page_id=7890"},"modified":"2021-01-21T08:12:08","modified_gmt":"2021-01-21T08:12:08","slug":"relations-publiques","status":"publish","type":"page","link":"http:\/\/www.svu.edu.eg\/faculties\/law\/fr\/relations-publiques\/","title":{"rendered":"Relations publiques"},"content":{"rendered":"\n<p style=\"text-align:left\"><strong>D\u00e9partement des relations publiques<\/strong><\/p>\n\n\n\n<p style=\"text-align:left\">La fonction de relations publiques de l\u2019Universit\u00e9\njoue un r\u00f4le essentiel en soulignant les activit\u00e9s et le r\u00f4le \u00e9ducatif de\nl\u2019Universit\u00e9. Les publics de l\u2019Universit\u00e9 sont divis\u00e9s en publics internes,\ndont les principaux groupes comprennent les professeurs, les \u00e9tudiants, les\ndipl\u00f4m\u00e9s et les publics externes, et les organismes li\u00e9s \u00e0 l\u2019enseignement\nuniversitaire, tels que les soci\u00e9t\u00e9s, les \u00e9tablissements, les minist\u00e8res, les\nsecteurs public et priv\u00e9, le commerce et le tourisme, entre autres.<\/p>\n\n\n\n<p style=\"text-align:left\">Les relations publiques \u00e0 l\u2019Universit\u00e9 de la Vall\u00e9e du Sud sont responsables de surmonter les difficult\u00e9s rencontr\u00e9es par l\u2019Universit\u00e9 dans ses contacts avec le public, les journaux, la radio, les organismes scientifiques et les institutions. Ils expliquent \u00e9galement la mission de l\u2019Universit\u00e9 dans la soci\u00e9t\u00e9, indiquent les aspects de l\u2019activit\u00e9 scientifique, sociale, sportive et culturelle, les s\u00e9minaires de suivi et les conf\u00e9rences au public ext\u00e9rieur, faire des efforts pour promouvoir la soci\u00e9t\u00e9 et renforcer les relations entre l\u2019Universit\u00e9 et l\u2019Universit\u00e9.<\/p>\n\n\n\n<div class=\"wp-block-image\"><figure class=\"aligncenter is-resized\"><img decoding=\"async\" loading=\"lazy\" src=\"http:\/\/www.svu.edu.eg\/faculties\/law\/wp-content\/uploads\/2019\/11\/%D9%88%D9%84%D9%8A%D8%AF.jpg\" alt=\"\" width=\"150\" height=\"187\"\/><\/figure><\/div>\n\n\n\n<p style=\"text-align:center\">M\/ Waleed Hagagy Yasen Fatoh<\/p>\n\n\n\n<p style=\"text-align:center\">Assure les relations publiques<\/p>\n","protected":false},"excerpt":{"rendered":"<p>D\u00e9partement des relations publiques La fonction de relations publiques de l\u2019Universit\u00e9 joue un r\u00f4le essentiel en soulignant les activit\u00e9s et le r\u00f4le \u00e9ducatif de l\u2019Universit\u00e9. Les publics de l\u2019Universit\u00e9 sont [&hellip;]<\/p>\n","protected":false},"author":2,"featured_media":0,"parent":0,"menu_order":0,"comment_status":"closed","ping_status":"closed","template":"","meta":[],"_links":{"self":[{"href":"http:\/\/www.svu.edu.eg\/faculties\/law\/wp-json\/wp\/v2\/pages\/7890"}],"collection":[{"href":"http:\/\/www.svu.edu.eg\/faculties\/law\/wp-json\/wp\/v2\/pages"}],"about":[{"href":"http:\/\/www.svu.edu.eg\/faculties\/law\/wp-json\/wp\/v2\/types\/page"}],"author":[{"embeddable":true,"href":"http:\/\/www.svu.edu.eg\/faculties\/law\/wp-json\/wp\/v2\/users\/2"}],"replies":[{"embeddable":true,"href":"http:\/\/www.svu.edu.eg\/faculties\/law\/wp-json\/wp\/v2\/comments?post=7890"}],"version-history":[{"count":2,"href":"http:\/\/www.svu.edu.eg\/faculties\/law\/wp-json\/wp\/v2\/pages\/7890\/revisions"}],"predecessor-version":[{"id":8707,"href":"http:\/\/www.svu.edu.eg\/faculties\/law\/wp-json\/wp\/v2\/pages\/7890\/revisions\/8707"}],"wp:attachment":[{"href":"http:\/\/www.svu.edu.eg\/faculties\/law\/wp-json\/wp\/v2\/media?parent=7890"}],"curies":[{"name":"wp","href":"https:\/\/api.w.org\/{rel}","templated":true}]}}