{"id":7884,"date":"2020-12-20T08:21:06","date_gmt":"2020-12-20T08:21:06","guid":{"rendered":"http:\/\/www.svu.edu.eg\/faculties\/law\/?page_id=7884"},"modified":"2021-01-20T07:52:19","modified_gmt":"2021-01-20T07:52:19","slug":"affaires-des-diplomes","status":"publish","type":"page","link":"http:\/\/www.svu.edu.eg\/faculties\/law\/fr\/affaires-des-diplomes\/","title":{"rendered":"Protection de la jeunesse"},"content":{"rendered":"\n<ol><li>D\u00e9velopper la responsabilit\u00e9 sociale des \u00e9l\u00e8ves en inculquant des valeurs morales et en prenant soin des autres et en coop\u00e9rant avec eux.<\/li><li>Exp\u00e9rience de l\u2019adaptation \u00e0 la vie universitaire.<\/li><li>La pratique du style d\u00e9mocratique \u00e0 travers l\u2019Union \u00e9tudiante et la pratique de divers types d\u2019activit\u00e9s.<\/li><li>L\u2019utilisation du temps libre pour les \u00e9tudiants au profit d\u2019eux-m\u00eames et de la soci\u00e9t\u00e9.<\/li><li>R\u00e9soudre les probl\u00e8mes des \u00e9l\u00e8ves de diff\u00e9rentes fa\u00e7ons et fournir une aide ad\u00e9quate.<\/li><li>Il a permis au plus grand nombre d\u2019\u00e9l\u00e8ves de profiter de diverses activit\u00e9s sportives, de jeux et de comp\u00e9titions.<\/li><li>Augmenter le niveau d\u2019entra\u00eenement sportif, la condition physique et la sant\u00e9 g\u00e9n\u00e9rale des \u00e9l\u00e8ves.<\/li><li>Encourager les \u00e9l\u00e8ves \u00e0 participer \u00e0 des projets environnementaux et \u00e0 des camps de scouts et d\u2019itin\u00e9rance \u00e0 l\u2019int\u00e9rieur et \u00e0 l\u2019ext\u00e9rieur du coll\u00e8ge.<\/li><li>Activit\u00e9s artistiques sous leurs diff\u00e9rentes formes.<\/li><li>Mettre en avant les talents des \u00e9tudiants et d\u00e9charger leur cargaison dans diff\u00e9rents espaces culturels.<\/li><li>Encourager la formation des familles \u00e9tudiantes et la participation active.<\/li><li>Voyages scientifiques et participation active, ainsi que voyages r\u00e9cr\u00e9atifs cibl\u00e9.<\/li><\/ol>\n\n\n\n<div class=\"wp-block-image\"><figure class=\"aligncenter\"><img decoding=\"async\" src=\"http:\/\/www.svu.edu.eg\/faculties\/law\/wp-content\/uploads\/2019\/12\/%D9%85%D8%AD%D9%85%D8%AF-%D8%A3%D8%B4%D8%B1%D9%81.jpg\" alt=\"\"\/><\/figure><\/div>\n\n\n\n<p style=\"text-align:center\">M\/ Mohamed Ashraf Mohamed Mostafa\nAbas<\/p>\n\n\n\n<p style=\"text-align:center\">Directeur<\/p>\n\n\n\n<div class=\"wp-block-image\"><figure class=\"aligncenter\"><img decoding=\"async\" src=\"http:\/\/www.svu.edu.eg\/faculties\/law\/wp-content\/uploads\/2020\/08\/00-5-1.jpg\" alt=\"\"\/><\/figure><\/div>\n\n\n\n<p style=\"text-align:center\">M\/ Mohamed Ashor Mohamed Kamel<\/p>\n\n\n\n<p style=\"text-align:center\">Sp\u00e9cialiste<\/p>\n\n\n\n<div class=\"wp-block-image\"><figure class=\"aligncenter\"><img decoding=\"async\" src=\"http:\/\/www.svu.edu.eg\/faculties\/law\/wp-content\/uploads\/2020\/11\/%D9%A2%D9%A0%D9%A2%D9%A0%D9%A1%D9%A1%D9%A0%D9%A1_%D9%A1%D9%A0%D9%A0%D9%A1%D9%A4%D9%A7-242x300.jpg\" alt=\"\"\/><\/figure><\/div>\n\n\n\n<p style=\"text-align:center\">M\/ Ahmed Mohamed Mohamed Ahmed<\/p>\n\n\n\n<div class=\"wp-block-image\"><figure class=\"aligncenter\"><img decoding=\"async\" src=\"http:\/\/www.svu.edu.eg\/faculties\/law\/wp-content\/uploads\/2019\/11\/%D8%A8%D9%83%D8%B1-184x300.jpg\" alt=\"\"\/><\/figure><\/div>\n\n\n\n<p style=\"text-align:center\">M\/ Abo Bakr Abdel-azez Nouh<\/p>\n","protected":false},"excerpt":{"rendered":"<p>D\u00e9velopper la responsabilit\u00e9 sociale des \u00e9l\u00e8ves en inculquant des valeurs morales et en prenant soin des autres et en coop\u00e9rant avec eux. Exp\u00e9rience de l\u2019adaptation \u00e0 la vie universitaire. La [&hellip;]<\/p>\n","protected":false},"author":2,"featured_media":0,"parent":0,"menu_order":0,"comment_status":"closed","ping_status":"closed","template":"","meta":[],"_links":{"self":[{"href":"http:\/\/www.svu.edu.eg\/faculties\/law\/wp-json\/wp\/v2\/pages\/7884"}],"collection":[{"href":"http:\/\/www.svu.edu.eg\/faculties\/law\/wp-json\/wp\/v2\/pages"}],"about":[{"href":"http:\/\/www.svu.edu.eg\/faculties\/law\/wp-json\/wp\/v2\/types\/page"}],"author":[{"embeddable":true,"href":"http:\/\/www.svu.edu.eg\/faculties\/law\/wp-json\/wp\/v2\/users\/2"}],"replies":[{"embeddable":true,"href":"http:\/\/www.svu.edu.eg\/faculties\/law\/wp-json\/wp\/v2\/comments?post=7884"}],"version-history":[{"count":2,"href":"http:\/\/www.svu.edu.eg\/faculties\/law\/wp-json\/wp\/v2\/pages\/7884\/revisions"}],"predecessor-version":[{"id":8688,"href":"http:\/\/www.svu.edu.eg\/faculties\/law\/wp-json\/wp\/v2\/pages\/7884\/revisions\/8688"}],"wp:attachment":[{"href":"http:\/\/www.svu.edu.eg\/faculties\/law\/wp-json\/wp\/v2\/media?parent=7884"}],"curies":[{"name":"wp","href":"https:\/\/api.w.org\/{rel}","templated":true}]}}