{"id":7881,"date":"2020-12-20T08:18:24","date_gmt":"2020-12-20T08:18:24","guid":{"rendered":"http:\/\/www.svu.edu.eg\/faculties\/law\/?page_id=7881"},"modified":"2021-01-18T10:40:05","modified_gmt":"2021-01-18T10:40:05","slug":"les-ressources-humaines","status":"publish","type":"page","link":"http:\/\/www.svu.edu.eg\/faculties\/law\/fr\/les-ressources-humaines\/","title":{"rendered":"Les ressources humaines"},"content":{"rendered":"\n<p style=\"text-align:left\"><strong>Les ressources humaines<\/strong><\/p>\n\n\n\n<p style=\"text-align:left\">La gestion des ressources humaines est\nl\u2019un des plus importants d\u00e9partements du coll\u00e8ge et le v\u00e9ritable facteur de\nr\u00e9ussite de toute organisation.<\/p>\n\n\n\n<p style=\"text-align:left\">Premi\u00e8rement : Fonctions et travail de\ngestion des ressources humaines \u00e0 la Facult\u00e9 de droit .<\/p>\n\n\n\n<ol><li>Lib\u00e9rer tous les salaires mensuels des membres du\npersonnel enseignant et de leur personnel, ainsi que tous les salaires mensuels\nou autres avantages pour le personnel du Coll\u00e8ge, ainsi que tous les droits des\nd\u00e9l\u00e9gu\u00e9s, et t\u00e9l\u00e9charger tous les effets mensuels .<\/li><li>Lib\u00e9rer les heures suppl\u00e9mentaires des membres du corps\nprofessoral et de leurs adjoints chaque mois.<\/li><li>Modifier toutes les r\u00e9compenses pour les membres du corps\nprofessoral et leurs adjoints.<\/li><li>La comptabilisation des salaires et \u00e9moluments mentionn\u00e9s\ndans les dossiers .<\/li><li>Pr\u00e9paration de notes de promotion pour les membres du\ncorps professoral et leur personnel qui sont admissibles \u00e0 une promotion.<\/li><li>l\u2019\u00e9tablissement des dossiers de r\u00e9mun\u00e9ration et\nd\u2019avantages sociaux des employ\u00e9s de la Facult\u00e9 de droit .<\/li><li>Sous-dossiers de ma\u00eetrise \u00e0 la Facult\u00e9 de droit.<\/li><li>Faire des relev\u00e9s sp\u00e9ciaux des jours f\u00e9ri\u00e9s (r\u00e9guliers et\noccasionnels) des ma\u00eetres qui travaillent \u00e0 la Facult\u00e9 de droit .<\/li><\/ol>\n\n\n\n<div class=\"wp-block-image\"><figure class=\"aligncenter\"><img decoding=\"async\" src=\"http:\/\/www.svu.edu.eg\/faculties\/law\/wp-content\/uploads\/2019\/11\/besheer-260x300.jpg\" alt=\"\"\/><\/figure><\/div>\n\n\n\n<p style=\"text-align:center\">M\/ Mahmoud Beshir Morad<\/p>\n\n\n\n<p style=\"text-align:center\">Directeur<\/p>\n\n\n\n<div class=\"wp-block-image\"><figure class=\"aligncenter\"><img decoding=\"async\" src=\"http:\/\/www.svu.edu.eg\/faculties\/law\/wp-content\/uploads\/2019\/11\/%D9%85%D8%B1%D9%81%D8%AA-%D8%B6%D9%86%D9%8A%D8%A7%D9%84-1-218x300.jpg\" alt=\"\"\/><\/figure><\/div>\n\n\n\n<p style=\"text-align:center\">M\/ Merfat Danial Aiad Metry<\/p>\n\n\n\n<div class=\"wp-block-image\"><figure class=\"aligncenter\"><img decoding=\"async\" src=\"http:\/\/www.svu.edu.eg\/faculties\/law\/wp-content\/uploads\/2019\/11\/%D9%87%D8%A7%D9%84%D8%A9-%D8%B3%D9%8A%D8%AF.jpg\" alt=\"\"\/><\/figure><\/div>\n\n\n\n<p style=\"text-align:center\">M\/ Hala Saied Selem<\/p>\n\n\n\n<div class=\"wp-block-image\"><figure class=\"aligncenter\"><img decoding=\"async\" src=\"http:\/\/www.svu.edu.eg\/faculties\/law\/wp-content\/uploads\/2019\/11\/%D9%85%D8%B1%D9%8A%D9%85-%D9%85%D8%A7%D9%87%D8%B1.jpg\" alt=\"\"\/><\/figure><\/div>\n\n\n\n<p style=\"text-align:center\">M\/ Mariam Maher Azmy<\/p>\n\n\n\n<div class=\"wp-block-image\"><figure class=\"aligncenter is-resized\"><img decoding=\"async\" loading=\"lazy\" src=\"http:\/\/www.svu.edu.eg\/faculties\/law\/wp-content\/uploads\/2019\/11\/%D9%81%D8%A7%D8%B7%D9%85%D8%A9%D8%A7%D9%84%D8%B2%D9%87%D8%B1%D8%A7%D8%A1.jpg\" alt=\"\" width=\"204\" height=\"260\"\/><\/figure><\/div>\n\n\n\n<p style=\"text-align:center\">M\/ Fatma El-zahraa Ali\nEl saied<\/p>\n","protected":false},"excerpt":{"rendered":"<p>Les ressources humaines La gestion des ressources humaines est l\u2019un des plus importants d\u00e9partements du coll\u00e8ge et le v\u00e9ritable facteur de r\u00e9ussite de toute organisation. Premi\u00e8rement : Fonctions et travail [&hellip;]<\/p>\n","protected":false},"author":2,"featured_media":0,"parent":0,"menu_order":0,"comment_status":"closed","ping_status":"closed","template":"","meta":[],"_links":{"self":[{"href":"http:\/\/www.svu.edu.eg\/faculties\/law\/wp-json\/wp\/v2\/pages\/7881"}],"collection":[{"href":"http:\/\/www.svu.edu.eg\/faculties\/law\/wp-json\/wp\/v2\/pages"}],"about":[{"href":"http:\/\/www.svu.edu.eg\/faculties\/law\/wp-json\/wp\/v2\/types\/page"}],"author":[{"embeddable":true,"href":"http:\/\/www.svu.edu.eg\/faculties\/law\/wp-json\/wp\/v2\/users\/2"}],"replies":[{"embeddable":true,"href":"http:\/\/www.svu.edu.eg\/faculties\/law\/wp-json\/wp\/v2\/comments?post=7881"}],"version-history":[{"count":2,"href":"http:\/\/www.svu.edu.eg\/faculties\/law\/wp-json\/wp\/v2\/pages\/7881\/revisions"}],"predecessor-version":[{"id":8649,"href":"http:\/\/www.svu.edu.eg\/faculties\/law\/wp-json\/wp\/v2\/pages\/7881\/revisions\/8649"}],"wp:attachment":[{"href":"http:\/\/www.svu.edu.eg\/faculties\/law\/wp-json\/wp\/v2\/media?parent=7881"}],"curies":[{"name":"wp","href":"https:\/\/api.w.org\/{rel}","templated":true}]}}