{"id":7872,"date":"2020-12-20T08:13:37","date_gmt":"2020-12-20T08:13:37","guid":{"rendered":"http:\/\/www.svu.edu.eg\/faculties\/law\/?page_id=7872"},"modified":"2021-01-18T08:39:27","modified_gmt":"2021-01-18T08:39:27","slug":"affaires-etudiantes","status":"publish","type":"page","link":"http:\/\/www.svu.edu.eg\/faculties\/law\/fr\/affaires-etudiantes\/","title":{"rendered":"Affaires \u00e9tudiantes"},"content":{"rendered":"\n<p style=\"text-align:left\"><strong>Fonction de secr\u00e9taire <\/strong><\/p>\n\n\n\n<p style=\"text-align:left\">Le\nminist\u00e8re des Affaires \u00e9tudiantes re\u00e7oit de nouveaux \u00e9tudiants et met fin \u00e0\ntous les travaux sur leur inscription au coll\u00e8ge<\/p>\n\n\n\n<p style=\"text-align:left\">La\ndirection guide et guide les \u00e9tudiants qui souhaitent se convertir au coll\u00e8ge.<\/p>\n\n\n\n<p style=\"text-align:left\">Avec la\nr\u00e9ception des \u00e9nonc\u00e9s de coordination des affaires centrales des \u00e9tudiants, les\ndossiers sont pr\u00e9par\u00e9s pour les premiers \u00e9tudiants de l\u2019\u00e9quipe, examin\u00e9s par le\ntest total et personnel<\/p>\n\n\n\n<p style=\"text-align:left\">Cr\u00e9er\ndes formulaires de divulgation m\u00e9dicale pour les nouveaux \u00e9tudiants.<\/p>\n\n\n\n<p style=\"text-align:left\">Cr\u00e9er\ndes listes d\u2019\u00e9quipes et de travaux de carnivine magn\u00e9tique<\/p>\n\n\n\n<p style=\"text-align:left\">Cr\u00e9er\ndes dossiers d\u2019inscription pour les \u00e9tudiants de l\u2019\u00e9quipe.<\/p>\n\n\n\n<p style=\"text-align:left\">Pr\u00e9paration\ndes dossiers de recrutement et de d\u00e9parts scolaires.<\/p>\n\n\n\n<p style=\"text-align:left\">R\u00e9diger\ndes num\u00e9ros de places, distribuer les \u00e9l\u00e8ves dans des endroits sous-d\u00e9velopp\u00e9s\net faire une d\u00e9claration des places d\u2019examen.<\/p>\n\n\n\n<p style=\"text-align:left\">Examinez\nles r\u00e9sultats du premier semestre.<\/p>\n\n\n\n<p style=\"text-align:left\">Compter\net compter chaque comit\u00e9 et prendre les num\u00e9ros, les noms et les places des\n\u00e9l\u00e8ves absents.<\/p>\n\n\n\n<p style=\"text-align:left\">Examinez les r\u00e9sultats du deuxi\u00e8me semestre.<\/p>\n\n\n\n<div class=\"wp-block-image\"><figure class=\"aligncenter\"><img decoding=\"async\" src=\"http:\/\/www.svu.edu.eg\/faculties\/law\/wp-content\/uploads\/2019\/11\/%D8%B1%D8%B4%D8%AF%D9%89-2.jpg\" alt=\"\"\/><\/figure><\/div>\n\n\n\n<p style=\"text-align:center\">&nbsp;M\/ Roshdy Abdelkader Mohamed Elhenawy<\/p>\n\n\n\n<p style=\"text-align:center\">Directeur<\/p>\n\n\n\n<div class=\"wp-block-image\"><figure class=\"aligncenter is-resized\"><img decoding=\"async\" loading=\"lazy\" src=\"http:\/\/www.svu.edu.eg\/faculties\/law\/wp-content\/uploads\/2019\/11\/%D8%A7%D9%8A%D9%86%D8%A7%D8%B3-2-238x300.jpg\" alt=\"\" width=\"221\" height=\"278\"\/><\/figure><\/div>\n\n\n\n<p style=\"text-align:center\">M\/ Enas Abo-elhamd Abdelmoaty<\/p>\n\n\n\n<div class=\"wp-block-image\"><figure class=\"aligncenter\"><img decoding=\"async\" src=\"http:\/\/www.svu.edu.eg\/faculties\/law\/wp-content\/uploads\/2020\/02\/6666.jpg\" alt=\"\"\/><\/figure><\/div>\n\n\n\n<p style=\"text-align:center\">M\/ Esraa Abdelbaset Abady<\/p>\n\n\n\n<div class=\"wp-block-image\"><figure class=\"aligncenter\"><img decoding=\"async\" src=\"http:\/\/www.svu.edu.eg\/faculties\/law\/wp-content\/uploads\/2019\/11\/salwa-251x300.jpg\" alt=\"\"\/><\/figure><\/div>\n\n\n\n<p style=\"text-align:center\">M\/ Salwaa Elarby Ahmed<\/p>\n\n\n\n<div class=\"wp-block-image\"><figure class=\"aligncenter\"><img decoding=\"async\" src=\"http:\/\/www.svu.edu.eg\/faculties\/law\/wp-content\/uploads\/2020\/02\/%D8%A3%D8%AD%D9%85%D8%AF-%D8%AD%D9%85%D8%AF%D9%89-214x300.jpg\" alt=\"\"\/><\/figure><\/div>\n\n\n\n<p style=\"text-align:center\">M\/ Ahmed Abo-elhamd Abdelmoaaty<\/p>\n\n\n\n<div class=\"wp-block-image\"><figure class=\"aligncenter\"><img decoding=\"async\" src=\"http:\/\/www.svu.edu.eg\/faculties\/law\/wp-content\/uploads\/2020\/02\/%D8%B9%D8%A7%D8%AF%D9%84-%D8%B9%D8%B7%D9%88%D8%A7%D9%86%D9%89-1-221x300.jpg\" alt=\"\"\/><\/figure><\/div>\n\n\n\n<p style=\"text-align:center\">M\/ Adel\nAhmed Mahmoud <\/p>\n","protected":false},"excerpt":{"rendered":"<p>Fonction de secr\u00e9taire Le minist\u00e8re des Affaires \u00e9tudiantes re\u00e7oit de nouveaux \u00e9tudiants et met fin \u00e0 tous les travaux sur leur inscription au coll\u00e8ge La direction guide et guide les [&hellip;]<\/p>\n","protected":false},"author":2,"featured_media":0,"parent":0,"menu_order":0,"comment_status":"closed","ping_status":"closed","template":"","meta":[],"_links":{"self":[{"href":"http:\/\/www.svu.edu.eg\/faculties\/law\/wp-json\/wp\/v2\/pages\/7872"}],"collection":[{"href":"http:\/\/www.svu.edu.eg\/faculties\/law\/wp-json\/wp\/v2\/pages"}],"about":[{"href":"http:\/\/www.svu.edu.eg\/faculties\/law\/wp-json\/wp\/v2\/types\/page"}],"author":[{"embeddable":true,"href":"http:\/\/www.svu.edu.eg\/faculties\/law\/wp-json\/wp\/v2\/users\/2"}],"replies":[{"embeddable":true,"href":"http:\/\/www.svu.edu.eg\/faculties\/law\/wp-json\/wp\/v2\/comments?post=7872"}],"version-history":[{"count":2,"href":"http:\/\/www.svu.edu.eg\/faculties\/law\/wp-json\/wp\/v2\/pages\/7872\/revisions"}],"predecessor-version":[{"id":8635,"href":"http:\/\/www.svu.edu.eg\/faculties\/law\/wp-json\/wp\/v2\/pages\/7872\/revisions\/8635"}],"wp:attachment":[{"href":"http:\/\/www.svu.edu.eg\/faculties\/law\/wp-json\/wp\/v2\/media?parent=7872"}],"curies":[{"name":"wp","href":"https:\/\/api.w.org\/{rel}","templated":true}]}}