{"id":7869,"date":"2020-12-20T08:11:19","date_gmt":"2020-12-20T08:11:19","guid":{"rendered":"http:\/\/www.svu.edu.eg\/faculties\/law\/?page_id=7869"},"modified":"2021-01-18T08:23:08","modified_gmt":"2021-01-18T08:23:08","slug":"secretariat","status":"publish","type":"page","link":"http:\/\/www.svu.edu.eg\/faculties\/law\/fr\/secretariat\/","title":{"rendered":"Secr\u00e9tariat"},"content":{"rendered":"\n<p style=\"text-align:left\"><strong>Fonction de secr\u00e9taire <\/strong><\/p>\n\n\n\n<p style=\"text-align:left\">Recevoir et trier le courrier quotidien,\ntravailler \u00e0 prendre des photos du courrier, puis le visualiser \u00e0\nl\u2019administrateur, de sorte que le directeur dirige et distribue le courrier aux\nemploy\u00e9s selon leurs comp\u00e9tences respectives, enregistre le courrier et\nenregistre le courrier entrant et sortant.<\/p>\n\n\n\n<p style=\"text-align:left\">Appels t\u00e9l\u00e9phoniques de suivi : Le\nsecr\u00e9taire ex\u00e9cutif est int\u00e9ress\u00e9 \u00e0 pr\u00e9parer un annuaire qui \u00e9num\u00e8re les\nadresses et les appels t\u00e9l\u00e9phoniques des entreprises et des clients, assure le\nsuivi des appels t\u00e9l\u00e9phoniques qui viennent au bureau, identifier la partie\nconnect\u00e9e et demander aux fins de l\u2019appel de fournir le service \u00e0 l\u2019appelant.\nSi le contact est avec le gestionnaire, le secr\u00e9taire transmettra la\ncommunication au gestionnaire ou au fonctionnaire concern\u00e9, et si des appels\nt\u00e9l\u00e9phoniques sont faits pendant l\u2019absence du gestionnaire, le secr\u00e9taire\n\u00e9crira ces contacts, tant de la part de l\u2019appelant que du sujet, et prendre les\nnotes n\u00e9cessaires pour informer le directeur de sa pr\u00e9sence.<\/p>\n\n\n\n<p style=\"text-align:left\">Pr\u00e9parer et pr\u00e9parer la correspondance : Le secr\u00e9taire ex\u00e9cutif r\u00e9vise et imprime le sujet, informe le directeur de son examen et de sa signature, qui sera remise aux r\u00e9dacteurs, puis repr\u00e9sente le livre sign\u00e9 et ses annexes pour plus d\u2019un exemplaire par destination, et le secr\u00e9taire con\u00e7oit et \u00e9quipe des mod\u00e8les op\u00e9rationnels officiels comme les demandes de cong\u00e9 et de cong\u00e9, les notes internes,  <\/p>\n\n\n\n<div class=\"wp-block-image\"><figure class=\"aligncenter\"><img decoding=\"async\" src=\"http:\/\/www.svu.edu.eg\/faculties\/law\/wp-content\/uploads\/2019\/11\/%D8%AD%D8%B3%D8%A7%D9%85-1.jpg\" alt=\"\"\/><\/figure><\/div>\n\n\n\n<p style=\"text-align:center\">M\/ Hossam Ahmed Ebrahem Mahmoud<\/p>\n\n\n\n<p style=\"text-align:center\">Directeur<\/p>\n\n\n\n<div class=\"wp-block-image\"><figure class=\"aligncenter\"><img decoding=\"async\" src=\"http:\/\/www.svu.edu.eg\/faculties\/law\/wp-content\/uploads\/2020\/11\/%D9%85%D9%86%D8%AA%D9%82%D8%A8%D9%87-1.jpg\" alt=\"\"\/><figcaption> <br> M\/ Ehsan Atallah <br> Secr\u00e9taire \u00a0 <\/figcaption><\/figure><\/div>\n","protected":false},"excerpt":{"rendered":"<p>Fonction de secr\u00e9taire Recevoir et trier le courrier quotidien, travailler \u00e0 prendre des photos du courrier, puis le visualiser \u00e0 l\u2019administrateur, de sorte que le directeur dirige et distribue le [&hellip;]<\/p>\n","protected":false},"author":2,"featured_media":0,"parent":0,"menu_order":0,"comment_status":"closed","ping_status":"closed","template":"","meta":[],"_links":{"self":[{"href":"http:\/\/www.svu.edu.eg\/faculties\/law\/wp-json\/wp\/v2\/pages\/7869"}],"collection":[{"href":"http:\/\/www.svu.edu.eg\/faculties\/law\/wp-json\/wp\/v2\/pages"}],"about":[{"href":"http:\/\/www.svu.edu.eg\/faculties\/law\/wp-json\/wp\/v2\/types\/page"}],"author":[{"embeddable":true,"href":"http:\/\/www.svu.edu.eg\/faculties\/law\/wp-json\/wp\/v2\/users\/2"}],"replies":[{"embeddable":true,"href":"http:\/\/www.svu.edu.eg\/faculties\/law\/wp-json\/wp\/v2\/comments?post=7869"}],"version-history":[{"count":2,"href":"http:\/\/www.svu.edu.eg\/faculties\/law\/wp-json\/wp\/v2\/pages\/7869\/revisions"}],"predecessor-version":[{"id":8633,"href":"http:\/\/www.svu.edu.eg\/faculties\/law\/wp-json\/wp\/v2\/pages\/7869\/revisions\/8633"}],"wp:attachment":[{"href":"http:\/\/www.svu.edu.eg\/faculties\/law\/wp-json\/wp\/v2\/media?parent=7869"}],"curies":[{"name":"wp","href":"https:\/\/api.w.org\/{rel}","templated":true}]}}